{"id":4000,"date":"2017-10-03T06:09:21","date_gmt":"2017-10-03T06:09:21","guid":{"rendered":"https:\/\/victorthemes.com\/themes\/elsey\/?page_id=4000"},"modified":"2024-11-29T21:28:54","modified_gmt":"2024-11-30T00:28:54","slug":"brand-page","status":"publish","type":"page","link":"https:\/\/www.energia-solar.com.ar\/?page_id=4000","title":{"rendered":"Fillsun"},"content":{"rendered":"<p>[vc_row full_width=&#8221;stretch_row_content_no_spaces&#8221; full_height=&#8221;yes&#8221; equal_height=&#8221;yes&#8221; content_placement=&#8221;middle&#8221; overlay_dotted=&#8221;&#8221;][vc_column width=&#8221;1\/2&#8243; css=&#8221;.vc_custom_1599749972912{padding-top: 100% !important;background-image: url(https:\/\/www.energia-solar.com.ar\/wp-content\/uploads\/2020\/08\/calefaccion_solar_new.jpg?id=4826) !important;background-position: center !important;background-repeat: no-repeat !important;background-size: cover !important;}&#8221; el_class=&#8221;elsey-brand-bg&#8221;][\/vc_column][vc_column width=&#8221;1\/2&#8243;][vc_column_text css=&#8221;.vc_custom_1732926524968{padding-top: 14% !important;padding-right: 15% !important;padding-bottom: 13% !important;padding-left: 15% !important;}&#8221;]<\/p>\n<h2 style=\"font-size: 38px; font-weight: 600;\"><b>FILLSUN EFICIENCIA Y CALIDAD<\/b><\/h2>\n<h5 style=\"font-size: 20px;\">Nos dedicamos venta e instalaci\u00f3n de termotanques solares, paneles fotovoltaicos y sistemas de energ\u00edas renovables.<\/h5>\n<p>Trabajamos con los productos de mayor eficiencia y calidad del mercado, instalamos los sistemas mas eficientes de energ\u00eda solar t\u00e9rmica y fotovoltaica con la mejor relaci\u00f3n precio calidad. Desde hace 40 a\u00f1os dedicamos a la instalaciones termo mec\u00e1nicas: aire acondicionado, ventilaciones, electricidad y la energ\u00eda solar para ahorro energ\u00e9tico en el sector residencial, comercial e industrial. podes conocer nuestra historia y en la web de servicios de <a href=\"http:\/\/www.jrfillmore.com.ar\"><strong><span style=\"color: #000080; font-size: 18px;\">Fill-cook SA<\/span><\/strong><\/a><\/p>\n<p><b>Los paneles fotovoltaicos, inversores y baterias son equipos 100% homologados y fabricados por sobre los mas altos estandares de calidad internacional<\/b><\/p>\n<p>Asi mismo ofrecemos y utilizamos componentes de calidad para obtener sistemas duraderos y de correcto funcionamiento, se ejecutan bajo las reglas del buen arte, reglamentaciones vigentes con estudios y calculos de ingenieria para una estricta seguridad de funcionalidad.<\/p>\n<p><b>Los termotanques solares FILLSUN est\u00e1n fabricados bajo altos est\u00e1ndares de calidad y las mas exigentes normas internacionales.<\/b><\/p>\n<p>ISO 9001:2008 \u2013 HL-High effciency \u201cA\u201d \u2013 Solar CEN Keymark EN12975-1\/2:2006 + A1:2010<\/p>\n<p><b>Los materiales de fabricaci\u00f3n de primera calidad aseguran su durabilidad y eficiencia en cada producto, datos relevantes.<\/b><\/p>\n<p>Tanques de acero inoxidable SUS304-2B \u00a00.5 mm de espesor real (otros fabricantes 0.3 mm) \/ Termosif\u00f3n<\/p>\n<p>Tanques de acero inoxidable SUS304-2B \u00a01.2 mm de espesor real (otros fabricantes 1 mm) \/ Heat Pipe<\/p>\n<p>Aislamiento termico de 55 mm de espesor con una densidad de 42 Kg\/m\u00b3\u00a0\u00a0(otros fabricantes 35 Kg\/m\u00b3)<\/p>\n<p>Estructura soporte de acero perfileria de 100 mm y un espesor de 1.2 mm<\/p>\n<p>Tubos de borosilicato de triple carga al Vac\u00edo: \u00d858 x 1800 mm (resistencia al granizo 30 mm)<\/p>\n<p>Conexiones de ca\u00f1er\u00edas hembra de mayor espesor para asegurar una correcta conexi\u00f3n sin roturas.[\/vc_column_text][\/vc_column][\/vc_row][vc_row full_width=&#8221;stretch_row_content_no_spaces&#8221; full_height=&#8221;yes&#8221; equal_height=&#8221;yes&#8221; content_placement=&#8221;middle&#8221; overlay_dotted=&#8221;&#8221;][vc_column css=&#8221;.vc_custom_1597672753979{background-position: center !important;background-repeat: no-repeat !important;background-size: cover !important;}&#8221; el_class=&#8221;elsey-brand-bg&#8221;][vc_raw_html]JTVCZ3J3JTIwaWQlM0Q1NDY5JTVE[\/vc_raw_html][vc_masonry_media_grid element_width=&#8221;2&#8243; grid_id=&#8221;vc_gid:1732926445040-c89f8268-cf60-3&#8243; include=&#8221;5021,5023,5022,5019,4792,4791,4790,4789,4788,4787,4786,4785,4784,4783,4782,4781,4780,4779,4778,4777,4776,4775,4774,4773,4772,4771,4770,4769,4768,4767,4766,4765,4764,4763,4762,4761,4760,4759,4758,4757,4756,4755,4754,4753,4752,4751,4750,4749,4748&#8243;][\/vc_column][\/vc_row]<\/p>\n","protected":false},"excerpt":{"rendered":"[vc_row full_width=&#8221;stretch_row_content_no_spaces&#8221; full_height=&#8221;yes&#8221; equal_height=&#8221;yes&#8221; content_placement=&#8221;middle&#8221; overlay_dotted=&#8221;&#8221;][vc_column width=&#8221;1\/2&#8243; css=&#8221;.vc_custom_1599749972912{padding-top: 100% !important;background-image: url(https:\/\/www.energia-solar.com.ar\/wp-content\/uploads\/2020\/08\/calefaccion_solar_new.jpg?id=4826) !important;background-position: center !important;background-repeat: no-repeat !important;background-size: cover !important;}&#8221; el_class=&#8221;elsey-brand-bg&#8221;][\/vc_column][vc_column width=&#8221;1\/2&#8243;][vc_column_text css=&#8221;.vc_custom_1732926524968{padding-top: 14% !important;padding-right: 15% !important;padding-bottom: 13% !important;padding-left: 15% !important;}&#8221;] FILLSUN EFICIENCIA Y CALIDAD Nos dedicamos venta e instalaci\u00f3n de termotanques solares, paneles fotovoltaicos y sistemas de energ\u00edas renovables. Trabajamos con los productos de mayor eficiencia[&#8230;]","protected":false},"author":1,"featured_media":0,"parent":0,"menu_order":0,"comment_status":"closed","ping_status":"closed","template":"","meta":[],"yoast_head":"<!-- This site is optimized with the Yoast SEO plugin v16.2 - https:\/\/yoast.com\/wordpress\/plugins\/seo\/ -->\n<title>Fillsun | Energ\u00eda solar en Argentina- Fillsun<\/title>\n<meta name=\"robots\" content=\"index, follow, max-snippet:-1, max-image-preview:large, max-video-preview:-1\" \/>\n<link rel=\"canonical\" href=\"https:\/\/www.energia-solar.com.ar\/?page_id=4000\" \/>\n<meta property=\"og:locale\" content=\"es_ES\" \/>\n<meta property=\"og:type\" content=\"article\" \/>\n<meta property=\"og:title\" content=\"Fillsun | Energ\u00eda solar en Argentina- Fillsun\" \/>\n<meta property=\"og:description\" content=\"[vc_row full_width=&#8221;stretch_row_content_no_spaces&#8221; full_height=&#8221;yes&#8221; equal_height=&#8221;yes&#8221; content_placement=&#8221;middle&#8221; overlay_dotted=&#8221;&#8221;][vc_column width=&#8221;1\/2&#8243; css=&#8221;.vc_custom_1599749972912{padding-top: 100% !important;background-image: url(https:\/\/www.energia-solar.com.ar\/wp-content\/uploads\/2020\/08\/calefaccion_solar_new.jpg?id=4826) !important;background-position: center !important;background-repeat: no-repeat !important;background-size: cover !important;}&#8221; el_class=&#8221;elsey-brand-bg&#8221;][\/vc_column][vc_column width=&#8221;1\/2&#8243;][vc_column_text css=&#8221;.vc_custom_1732926524968{padding-top: 14% !important;padding-right: 15% !important;padding-bottom: 13% !important;padding-left: 15% !important;}&#8221;] FILLSUN EFICIENCIA Y CALIDAD Nos dedicamos venta e instalaci\u00f3n de termotanques solares, paneles fotovoltaicos y sistemas de energ\u00edas renovables. Trabajamos con los productos de mayor eficiencia[...]\" \/>\n<meta property=\"og:url\" content=\"https:\/\/www.energia-solar.com.ar\/?page_id=4000\" \/>\n<meta property=\"og:site_name\" content=\"Energ\u00eda solar en Argentina- Fillsun\" \/>\n<meta property=\"article:publisher\" content=\"https:\/\/www.facebook.com\/fillsun.renovables\/\" \/>\n<meta property=\"article:modified_time\" content=\"2024-11-30T00:28:54+00:00\" \/>\n<meta name=\"twitter:card\" content=\"summary_large_image\" \/>\n<meta name=\"twitter:label1\" content=\"Tiempo de lectura\">\n\t<meta name=\"twitter:data1\" content=\"2 minutos\">\n<script type=\"application\/ld+json\" class=\"yoast-schema-graph\">{\"@context\":\"https:\/\/schema.org\",\"@graph\":[{\"@type\":\"Organization\",\"@id\":\"https:\/\/www.energia-solar.com.ar\/#organization\",\"name\":\"Energ\\u00eda Solar en Argentina\",\"url\":\"https:\/\/www.energia-solar.com.ar\/\",\"sameAs\":[\"https:\/\/www.facebook.com\/fillsun.renovables\/\",\"https:\/\/www.instagram.com\/fillsunenergia\/\"],\"logo\":{\"@type\":\"ImageObject\",\"@id\":\"https:\/\/www.energia-solar.com.ar\/#logo\",\"inLanguage\":\"es-AR\",\"url\":\"https:\/\/www.energia-solar.com.ar\/wp-content\/uploads\/2020\/08\/IMG_20170713_105745.jpg\",\"contentUrl\":\"https:\/\/www.energia-solar.com.ar\/wp-content\/uploads\/2020\/08\/IMG_20170713_105745.jpg\",\"width\":1228,\"height\":921,\"caption\":\"Energ\\u00eda Solar en Argentina\"},\"image\":{\"@id\":\"https:\/\/www.energia-solar.com.ar\/#logo\"}},{\"@type\":\"WebSite\",\"@id\":\"https:\/\/www.energia-solar.com.ar\/#website\",\"url\":\"https:\/\/www.energia-solar.com.ar\/\",\"name\":\"Energ\\u00eda solar en Argentina- Fillsun\",\"description\":\"Paneles fotovoltaicos, termo tanques solares, colectores solares, te asesoramos para el uso de la energ\\u00eda solar\",\"publisher\":{\"@id\":\"https:\/\/www.energia-solar.com.ar\/#organization\"},\"potentialAction\":[{\"@type\":\"SearchAction\",\"target\":\"https:\/\/www.energia-solar.com.ar\/?s={search_term_string}\",\"query-input\":\"required name=search_term_string\"}],\"inLanguage\":\"es-AR\"},{\"@type\":\"WebPage\",\"@id\":\"https:\/\/www.energia-solar.com.ar\/?page_id=4000#webpage\",\"url\":\"https:\/\/www.energia-solar.com.ar\/?page_id=4000\",\"name\":\"Fillsun | Energ\\u00eda solar en Argentina- Fillsun\",\"isPartOf\":{\"@id\":\"https:\/\/www.energia-solar.com.ar\/#website\"},\"datePublished\":\"2017-10-03T06:09:21+00:00\",\"dateModified\":\"2024-11-30T00:28:54+00:00\",\"breadcrumb\":{\"@id\":\"https:\/\/www.energia-solar.com.ar\/?page_id=4000#breadcrumb\"},\"inLanguage\":\"es-AR\",\"potentialAction\":[{\"@type\":\"ReadAction\",\"target\":[\"https:\/\/www.energia-solar.com.ar\/?page_id=4000\"]}]},{\"@type\":\"BreadcrumbList\",\"@id\":\"https:\/\/www.energia-solar.com.ar\/?page_id=4000#breadcrumb\",\"itemListElement\":[{\"@type\":\"ListItem\",\"position\":1,\"item\":{\"@type\":\"WebPage\",\"@id\":\"https:\/\/www.energia-solar.com.ar\/\",\"url\":\"https:\/\/www.energia-solar.com.ar\/\",\"name\":\"Inicio\"}},{\"@type\":\"ListItem\",\"position\":2,\"item\":{\"@id\":\"https:\/\/www.energia-solar.com.ar\/?page_id=4000#webpage\"}}]}]}<\/script>\n<!-- \/ Yoast SEO plugin. -->","_links":{"self":[{"href":"https:\/\/www.energia-solar.com.ar\/index.php?rest_route=\/wp\/v2\/pages\/4000"}],"collection":[{"href":"https:\/\/www.energia-solar.com.ar\/index.php?rest_route=\/wp\/v2\/pages"}],"about":[{"href":"https:\/\/www.energia-solar.com.ar\/index.php?rest_route=\/wp\/v2\/types\/page"}],"author":[{"embeddable":true,"href":"https:\/\/www.energia-solar.com.ar\/index.php?rest_route=\/wp\/v2\/users\/1"}],"replies":[{"embeddable":true,"href":"https:\/\/www.energia-solar.com.ar\/index.php?rest_route=%2Fwp%2Fv2%2Fcomments&post=4000"}],"version-history":[{"count":3,"href":"https:\/\/www.energia-solar.com.ar\/index.php?rest_route=\/wp\/v2\/pages\/4000\/revisions"}],"predecessor-version":[{"id":5475,"href":"https:\/\/www.energia-solar.com.ar\/index.php?rest_route=\/wp\/v2\/pages\/4000\/revisions\/5475"}],"wp:attachment":[{"href":"https:\/\/www.energia-solar.com.ar\/index.php?rest_route=%2Fwp%2Fv2%2Fmedia&parent=4000"}],"curies":[{"name":"wp","href":"https:\/\/api.w.org\/{rel}","templated":true}]}}