{"id":4799,"date":"2020-08-17T12:30:13","date_gmt":"2020-08-17T15:30:13","guid":{"rendered":"http:\/\/energia-solar.com.ar\/?page_id=4799"},"modified":"2020-08-17T14:20:39","modified_gmt":"2020-08-17T17:20:39","slug":"productos","status":"publish","type":"page","link":"https:\/\/www.energia-solar.com.ar\/?page_id=4799","title":{"rendered":"Productos"},"content":{"rendered":"<p>[vc_row][vc_column width=&#8221;1\/3&#8243;][vc_column_text]<\/p>\n<h3 style=\"text-align: left;\">Bombas de Agua Solares<\/h3>\n<p>[\/vc_column_text][vc_single_image image=&#8221;4812&#8243; img_size=&#8221;large&#8221; onclick=&#8221;custom_link&#8221; link=&#8221;http:\/\/energia-solar.com.ar\/?product_cat=bombas-de-agua-solares&#8221;][vc_column_text][\/vc_column_text][\/vc_column][vc_column width=&#8221;1\/3&#8243;][vc_column_text]<\/p>\n<h3 style=\"text-align: left;\">Calefacci\u00f3n Solar<\/h3>\n<p>[\/vc_column_text][vc_single_image image=&#8221;4826&#8243; img_size=&#8221;large&#8221; onclick=&#8221;custom_link&#8221; link=&#8221;http:\/\/energia-solar.com.ar\/?product_cat=calefaccion-solar&#8221;][\/vc_column][vc_column width=&#8221;1\/3&#8243;][vc_column_text]<\/p>\n<h3 style=\"text-align: left;\">Energ\u00eda El\u00e9ctrica E\u00f3lica<\/h3>\n<p>[\/vc_column_text][vc_single_image image=&#8221;4819&#8243; img_size=&#8221;large&#8221; onclick=&#8221;custom_link&#8221; link=&#8221;http:\/\/energia-solar.com.ar\/?product_cat=energia-electrica-eolica&#8221;][\/vc_column][\/vc_row][vc_row][vc_column width=&#8221;1\/3&#8243;][vc_column_text]<\/p>\n<h3 style=\"text-align: left;\">Energ\u00eda Solar El\u00e9ctrica<\/h3>\n<p>[\/vc_column_text][vc_single_image image=&#8221;4821&#8243; img_size=&#8221;large&#8221; onclick=&#8221;custom_link&#8221; link=&#8221;http:\/\/energia-solar.com.ar\/?product_cat=energia-solar-electrica&#8221;][vc_column_text][\/vc_column_text][\/vc_column][vc_column width=&#8221;1\/3&#8243;][vc_column_text]<\/p>\n<h3 style=\"text-align: left;\">Iluminaci\u00f3n Solar<\/h3>\n<p>[\/vc_column_text][vc_single_image image=&#8221;4823&#8243; img_size=&#8221;large&#8221; onclick=&#8221;custom_link&#8221; link=&#8221;http:\/\/energia-solar.com.ar\/?product_cat=iluminacion-solar&#8221;][\/vc_column][vc_column width=&#8221;1\/3&#8243;][vc_column_text]<\/p>\n<h3 style=\"text-align: left;\">Termotanques Solares<\/h3>\n<p>[\/vc_column_text][vc_single_image image=&#8221;4814&#8243; img_size=&#8221;large&#8221; onclick=&#8221;custom_link&#8221; link=&#8221;http:\/\/energia-solar.com.ar\/?product_cat=termotanques-solares&#8221;][\/vc_column][\/vc_row]<\/p>\n","protected":false},"excerpt":{"rendered":"[vc_row][vc_column width=&#8221;1\/3&#8243;][vc_column_text] Bombas de Agua Solares [\/vc_column_text][vc_single_image image=&#8221;4812&#8243; img_size=&#8221;large&#8221; onclick=&#8221;custom_link&#8221; link=&#8221;http:\/\/energia-solar.com.ar\/?product_cat=bombas-de-agua-solares&#8221;][vc_column_text][\/vc_column_text][\/vc_column][vc_column width=&#8221;1\/3&#8243;][vc_column_text] Calefacci\u00f3n Solar [\/vc_column_text][vc_single_image image=&#8221;4826&#8243; img_size=&#8221;large&#8221; onclick=&#8221;custom_link&#8221; link=&#8221;http:\/\/energia-solar.com.ar\/?product_cat=calefaccion-solar&#8221;][\/vc_column][vc_column width=&#8221;1\/3&#8243;][vc_column_text] Energ\u00eda El\u00e9ctrica E\u00f3lica [\/vc_column_text][vc_single_image image=&#8221;4819&#8243; img_size=&#8221;large&#8221; onclick=&#8221;custom_link&#8221; link=&#8221;http:\/\/energia-solar.com.ar\/?product_cat=energia-electrica-eolica&#8221;][\/vc_column][\/vc_row][vc_row][vc_column width=&#8221;1\/3&#8243;][vc_column_text] Energ\u00eda Solar El\u00e9ctrica [\/vc_column_text][vc_single_image image=&#8221;4821&#8243; img_size=&#8221;large&#8221; onclick=&#8221;custom_link&#8221; link=&#8221;http:\/\/energia-solar.com.ar\/?product_cat=energia-solar-electrica&#8221;][vc_column_text][\/vc_column_text][\/vc_column][vc_column width=&#8221;1\/3&#8243;][vc_column_text] Iluminaci\u00f3n Solar [\/vc_column_text][vc_single_image image=&#8221;4823&#8243; img_size=&#8221;large&#8221; onclick=&#8221;custom_link&#8221; link=&#8221;http:\/\/energia-solar.com.ar\/?product_cat=iluminacion-solar&#8221;][\/vc_column][vc_column width=&#8221;1\/3&#8243;][vc_column_text] Termotanques Solares [\/vc_column_text][vc_single_image image=&#8221;4814&#8243; img_size=&#8221;large&#8221; onclick=&#8221;custom_link&#8221; link=&#8221;http:\/\/energia-solar.com.ar\/?product_cat=termotanques-solares&#8221;][\/vc_column][\/vc_row]","protected":false},"author":1,"featured_media":0,"parent":0,"menu_order":0,"comment_status":"closed","ping_status":"closed","template":"","meta":[],"yoast_head":"<!-- This site is optimized with the Yoast SEO plugin v16.2 - https:\/\/yoast.com\/wordpress\/plugins\/seo\/ -->\n<title>Productos | Energ\u00eda solar en Argentina- Fillsun<\/title>\n<meta name=\"robots\" content=\"index, follow, max-snippet:-1, max-image-preview:large, max-video-preview:-1\" \/>\n<link rel=\"canonical\" href=\"https:\/\/www.energia-solar.com.ar\/?page_id=4799\" \/>\n<meta property=\"og:locale\" content=\"es_ES\" \/>\n<meta property=\"og:type\" content=\"article\" \/>\n<meta property=\"og:title\" content=\"Productos | Energ\u00eda solar en Argentina- Fillsun\" \/>\n<meta property=\"og:description\" content=\"[vc_row][vc_column width=&#8221;1\/3&#8243;][vc_column_text] Bombas de Agua Solares [\/vc_column_text][vc_single_image image=&#8221;4812&#8243; img_size=&#8221;large&#8221; onclick=&#8221;custom_link&#8221; link=&#8221;http:\/\/energia-solar.com.ar\/?product_cat=bombas-de-agua-solares&#8221;][vc_column_text][\/vc_column_text][\/vc_column][vc_column width=&#8221;1\/3&#8243;][vc_column_text] Calefacci\u00f3n Solar [\/vc_column_text][vc_single_image image=&#8221;4826&#8243; img_size=&#8221;large&#8221; onclick=&#8221;custom_link&#8221; link=&#8221;http:\/\/energia-solar.com.ar\/?product_cat=calefaccion-solar&#8221;][\/vc_column][vc_column width=&#8221;1\/3&#8243;][vc_column_text] Energ\u00eda El\u00e9ctrica E\u00f3lica [\/vc_column_text][vc_single_image image=&#8221;4819&#8243; img_size=&#8221;large&#8221; onclick=&#8221;custom_link&#8221; link=&#8221;http:\/\/energia-solar.com.ar\/?product_cat=energia-electrica-eolica&#8221;][\/vc_column][\/vc_row][vc_row][vc_column width=&#8221;1\/3&#8243;][vc_column_text] Energ\u00eda Solar El\u00e9ctrica [\/vc_column_text][vc_single_image image=&#8221;4821&#8243; img_size=&#8221;large&#8221; onclick=&#8221;custom_link&#8221; link=&#8221;http:\/\/energia-solar.com.ar\/?product_cat=energia-solar-electrica&#8221;][vc_column_text][\/vc_column_text][\/vc_column][vc_column width=&#8221;1\/3&#8243;][vc_column_text] Iluminaci\u00f3n Solar [\/vc_column_text][vc_single_image image=&#8221;4823&#8243; img_size=&#8221;large&#8221; onclick=&#8221;custom_link&#8221; link=&#8221;http:\/\/energia-solar.com.ar\/?product_cat=iluminacion-solar&#8221;][\/vc_column][vc_column width=&#8221;1\/3&#8243;][vc_column_text] Termotanques Solares [\/vc_column_text][vc_single_image image=&#8221;4814&#8243; img_size=&#8221;large&#8221; onclick=&#8221;custom_link&#8221; link=&#8221;http:\/\/energia-solar.com.ar\/?product_cat=termotanques-solares&#8221;][\/vc_column][\/vc_row]\" \/>\n<meta property=\"og:url\" content=\"https:\/\/www.energia-solar.com.ar\/?page_id=4799\" \/>\n<meta property=\"og:site_name\" content=\"Energ\u00eda solar en Argentina- Fillsun\" \/>\n<meta property=\"article:publisher\" content=\"https:\/\/www.facebook.com\/fillsun.renovables\/\" \/>\n<meta property=\"article:modified_time\" content=\"2020-08-17T17:20:39+00:00\" \/>\n<meta name=\"twitter:card\" content=\"summary_large_image\" \/>\n<meta name=\"twitter:label1\" content=\"Tiempo de lectura\">\n\t<meta name=\"twitter:data1\" content=\"1 minuto\">\n<script type=\"application\/ld+json\" class=\"yoast-schema-graph\">{\"@context\":\"https:\/\/schema.org\",\"@graph\":[{\"@type\":\"Organization\",\"@id\":\"https:\/\/www.energia-solar.com.ar\/#organization\",\"name\":\"Energ\\u00eda Solar en Argentina\",\"url\":\"https:\/\/www.energia-solar.com.ar\/\",\"sameAs\":[\"https:\/\/www.facebook.com\/fillsun.renovables\/\",\"https:\/\/www.instagram.com\/fillsunenergia\/\"],\"logo\":{\"@type\":\"ImageObject\",\"@id\":\"https:\/\/www.energia-solar.com.ar\/#logo\",\"inLanguage\":\"es-AR\",\"url\":\"https:\/\/www.energia-solar.com.ar\/wp-content\/uploads\/2020\/08\/IMG_20170713_105745.jpg\",\"contentUrl\":\"https:\/\/www.energia-solar.com.ar\/wp-content\/uploads\/2020\/08\/IMG_20170713_105745.jpg\",\"width\":1228,\"height\":921,\"caption\":\"Energ\\u00eda Solar en Argentina\"},\"image\":{\"@id\":\"https:\/\/www.energia-solar.com.ar\/#logo\"}},{\"@type\":\"WebSite\",\"@id\":\"https:\/\/www.energia-solar.com.ar\/#website\",\"url\":\"https:\/\/www.energia-solar.com.ar\/\",\"name\":\"Energ\\u00eda solar en Argentina- Fillsun\",\"description\":\"Paneles fotovoltaicos, termo tanques solares, colectores solares, te asesoramos para el uso de la energ\\u00eda solar\",\"publisher\":{\"@id\":\"https:\/\/www.energia-solar.com.ar\/#organization\"},\"potentialAction\":[{\"@type\":\"SearchAction\",\"target\":\"https:\/\/www.energia-solar.com.ar\/?s={search_term_string}\",\"query-input\":\"required name=search_term_string\"}],\"inLanguage\":\"es-AR\"},{\"@type\":\"WebPage\",\"@id\":\"https:\/\/www.energia-solar.com.ar\/?page_id=4799#webpage\",\"url\":\"https:\/\/www.energia-solar.com.ar\/?page_id=4799\",\"name\":\"Productos | Energ\\u00eda solar en Argentina- Fillsun\",\"isPartOf\":{\"@id\":\"https:\/\/www.energia-solar.com.ar\/#website\"},\"datePublished\":\"2020-08-17T15:30:13+00:00\",\"dateModified\":\"2020-08-17T17:20:39+00:00\",\"breadcrumb\":{\"@id\":\"https:\/\/www.energia-solar.com.ar\/?page_id=4799#breadcrumb\"},\"inLanguage\":\"es-AR\",\"potentialAction\":[{\"@type\":\"ReadAction\",\"target\":[\"https:\/\/www.energia-solar.com.ar\/?page_id=4799\"]}]},{\"@type\":\"BreadcrumbList\",\"@id\":\"https:\/\/www.energia-solar.com.ar\/?page_id=4799#breadcrumb\",\"itemListElement\":[{\"@type\":\"ListItem\",\"position\":1,\"item\":{\"@type\":\"WebPage\",\"@id\":\"https:\/\/www.energia-solar.com.ar\/\",\"url\":\"https:\/\/www.energia-solar.com.ar\/\",\"name\":\"Inicio\"}},{\"@type\":\"ListItem\",\"position\":2,\"item\":{\"@id\":\"https:\/\/www.energia-solar.com.ar\/?page_id=4799#webpage\"}}]}]}<\/script>\n<!-- \/ Yoast SEO plugin. -->","_links":{"self":[{"href":"https:\/\/www.energia-solar.com.ar\/index.php?rest_route=\/wp\/v2\/pages\/4799"}],"collection":[{"href":"https:\/\/www.energia-solar.com.ar\/index.php?rest_route=\/wp\/v2\/pages"}],"about":[{"href":"https:\/\/www.energia-solar.com.ar\/index.php?rest_route=\/wp\/v2\/types\/page"}],"author":[{"embeddable":true,"href":"https:\/\/www.energia-solar.com.ar\/index.php?rest_route=\/wp\/v2\/users\/1"}],"replies":[{"embeddable":true,"href":"https:\/\/www.energia-solar.com.ar\/index.php?rest_route=%2Fwp%2Fv2%2Fcomments&post=4799"}],"version-history":[{"count":0,"href":"https:\/\/www.energia-solar.com.ar\/index.php?rest_route=\/wp\/v2\/pages\/4799\/revisions"}],"wp:attachment":[{"href":"https:\/\/www.energia-solar.com.ar\/index.php?rest_route=%2Fwp%2Fv2%2Fmedia&parent=4799"}],"curies":[{"name":"wp","href":"https:\/\/api.w.org\/{rel}","templated":true}]}}