{"id":4836,"date":"2020-08-17T15:58:41","date_gmt":"2020-08-17T18:58:41","guid":{"rendered":"http:\/\/energia-solar.com.ar\/?page_id=4836"},"modified":"2021-05-04T13:24:08","modified_gmt":"2021-05-04T16:24:08","slug":"como-comprar","status":"publish","type":"page","link":"https:\/\/www.energia-solar.com.ar\/?page_id=4836","title":{"rendered":"Como comprar"},"content":{"rendered":"<p>[vc_row][vc_column][vc_tta_accordion][vc_tta_section title=&#8221;\u00bfEstan los precios actualizados?&#8221; tab_id=&#8221;1620144888903-6eb2a358-61ea&#8221;][vc_column_text]S\u00ed, nuestros precios son actuales est\u00e1n nominados en Pesos Argentinos AR$<\/p>\n<p>(siempre y cuando un producto en su publicaci\u00f3n no se enuncie lo contrario)[\/vc_column_text][\/vc_tta_section][vc_tta_section title=&#8221;\u00bfHacen factura?&#8221; tab_id=&#8221;1620144888922-3200da6b-bc0e&#8221;][vc_column_text]S\u00ed, hacemos factura A, B o E seg\u00fan corresponda.[\/vc_column_text][\/vc_tta_section][vc_tta_section title=&#8221;\u00bfPuedo ver los productos antes de comprarlos?&#8221; tab_id=&#8221;1620145016882-61dff889-8e9d&#8221;][vc_column_text]S\u00ed, Ud. puede ver nuestros productos antes de comprarlos visitando nuestro showroom en Ituzaingo. <a href=\"http:\/\/energia-solar.com.ar\/?page_id=30\">REALIZANDO UN CLICK AQU\u00cd<\/a> puede ver un plano para llegar, la direcci\u00f3n y nuestros horarios de atenci\u00f3n.\u00a0\u00a0Programe una cita para una mejor atenci\u00f3n.[\/vc_column_text][\/vc_tta_section][vc_tta_section title=&#8221;\u00bfC\u00f3mo compro un producto?&#8221; tab_id=&#8221;1620145064256-2c9a2354-3bfc&#8221;][vc_column_text]Puede realizar una compra de producto a traves de un email envi\u00e1ndolo a\u00a0<a href=\"mailto:ventas@energia-solar.com.ar\">ventas@energia-solar.com.ar<\/a>\u00a0, por medio de nuestra tienda virtual en\u00a0<a href=\"http:\/\/energia-solar.com.ar\/productos\/\">http:\/\/energia-solar.com.ar\/productos\/<\/a>\u00a0; o bien pue realizar la compra en nuestras oficinas con previa coordinaci\u00f3n.<\/p>\n<p>Cuando ud. realice una compra mediante la web se generara un pedido de compra, el cual sera enviado inmediatamente a nuestro servidor,\u00a0para su posterior preparaci\u00f3n. (Previamente nos pondremos en contaco para coordinar el pago si es contado\/transferencia y la entrega o el retiro de producto).<\/p>\n<p>Obs: Los productos que sean seleccionados\u00a0con la opci\u00f3n de precio\u00a0\u2013 Contado \/ Transferencia, no podr\u00e1n abonarse mediante\u00a0Mercado pago, la orden ser\u00e1 cancelada. (Pueden ser cobrados los eventuales costos que genere Mercado pago por la devoluci\u00f3n)[\/vc_column_text][\/vc_tta_section][vc_tta_section title=&#8221;\u00bfCu\u00e1nto tiempo tardan en responder?&#8221; tab_id=&#8221;1620145122815-83bc34bd-6bc9&#8243;][vc_column_text]Generalmente respondemos dentro de las 24 a 48 Hs. de realizada la consulta.[\/vc_column_text][\/vc_tta_section][vc_tta_section title=&#8221;\u00bfC\u00f3mo puedo pagar?&#8221; tab_id=&#8221;1620145163934-67697512-e628&#8243;][vc_column_text]Ud. puede pagar por transferencia bancaria, en efectivo o con tarjeta de credito presencialmente por posnet\u00a0o Mercadopago, o bien realizando la compra directamente por nuestro sitio web si el producto esta disponible\u00a0en compra online.[\/vc_column_text][\/vc_tta_section][vc_tta_section title=&#8221;\u00bfEs seguro el pago a traves de www.energia-solar.com.ar?&#8221; tab_id=&#8221;1620145212228-418bb9d8-0778&#8243;][vc_column_text]Si, trabajamos con la empresa m\u00e1s reconocida a nivel nacional de pagos online con tarjetas de cr\u00e9dito MERCADOPAGO, ellos garantizan al cliente absoluta transparencia y seguridad en la transacci\u00f3n electr\u00f3nica. FILLSUN no conocer\u00e1 nunca sus datos de tarjeta de cr\u00e9dito, solo recibir\u00e1 la informaci\u00f3n de que ha sido realizado un pago y si est\u00e1 acreditado o en proceso.<\/p>\n<p>Aparte nuestro sitio protege tus datos con un sitio con certificado SSL (candidato de sitio seguro)[\/vc_column_text][\/vc_tta_section][\/vc_tta_accordion][\/vc_column][\/vc_row]<\/p>\n","protected":false},"excerpt":{"rendered":"[vc_row][vc_column][vc_tta_accordion][vc_tta_section title=&#8221;\u00bfEstan los precios actualizados?&#8221; tab_id=&#8221;1620144888903-6eb2a358-61ea&#8221;][vc_column_text]S\u00ed, nuestros precios son actuales est\u00e1n nominados en Pesos Argentinos AR$ (siempre y cuando un producto en su publicaci\u00f3n no se enuncie lo contrario)[\/vc_column_text][\/vc_tta_section][vc_tta_section title=&#8221;\u00bfHacen factura?&#8221; tab_id=&#8221;1620144888922-3200da6b-bc0e&#8221;][vc_column_text]S\u00ed, hacemos factura A, B o E seg\u00fan corresponda.[\/vc_column_text][\/vc_tta_section][vc_tta_section title=&#8221;\u00bfPuedo ver los productos antes de comprarlos?&#8221; tab_id=&#8221;1620145016882-61dff889-8e9d&#8221;][vc_column_text]S\u00ed, Ud. puede ver nuestros productos antes de[&#8230;]","protected":false},"author":1,"featured_media":0,"parent":0,"menu_order":0,"comment_status":"closed","ping_status":"closed","template":"","meta":[],"yoast_head":"<!-- This site is optimized with the Yoast SEO plugin v16.2 - https:\/\/yoast.com\/wordpress\/plugins\/seo\/ -->\n<title>Como comprar | Energ\u00eda solar en Argentina- Fillsun<\/title>\n<meta name=\"description\" content=\"Te ayudamos en todas las dudas que tengas sobre como comprar energia solar.\" \/>\n<meta name=\"robots\" content=\"index, follow, max-snippet:-1, max-image-preview:large, max-video-preview:-1\" \/>\n<link rel=\"canonical\" href=\"https:\/\/www.energia-solar.com.ar\/?page_id=4836\" \/>\n<meta property=\"og:locale\" content=\"es_ES\" \/>\n<meta property=\"og:type\" content=\"article\" \/>\n<meta property=\"og:title\" content=\"Como comprar | Energ\u00eda solar en Argentina- Fillsun\" \/>\n<meta property=\"og:description\" content=\"Te ayudamos en todas las dudas que tengas sobre como comprar energia solar.\" \/>\n<meta property=\"og:url\" content=\"https:\/\/www.energia-solar.com.ar\/?page_id=4836\" \/>\n<meta property=\"og:site_name\" content=\"Energ\u00eda solar en Argentina- Fillsun\" \/>\n<meta property=\"article:publisher\" content=\"https:\/\/www.facebook.com\/fillsun.renovables\/\" \/>\n<meta property=\"article:modified_time\" content=\"2021-05-04T16:24:08+00:00\" \/>\n<meta name=\"twitter:card\" content=\"summary_large_image\" \/>\n<meta name=\"twitter:label1\" content=\"Tiempo de lectura\">\n\t<meta name=\"twitter:data1\" content=\"2 minutos\">\n<script type=\"application\/ld+json\" class=\"yoast-schema-graph\">{\"@context\":\"https:\/\/schema.org\",\"@graph\":[{\"@type\":\"Organization\",\"@id\":\"https:\/\/www.energia-solar.com.ar\/#organization\",\"name\":\"Energ\\u00eda Solar en Argentina\",\"url\":\"https:\/\/www.energia-solar.com.ar\/\",\"sameAs\":[\"https:\/\/www.facebook.com\/fillsun.renovables\/\",\"https:\/\/www.instagram.com\/fillsunenergia\/\"],\"logo\":{\"@type\":\"ImageObject\",\"@id\":\"https:\/\/www.energia-solar.com.ar\/#logo\",\"inLanguage\":\"es-AR\",\"url\":\"https:\/\/www.energia-solar.com.ar\/wp-content\/uploads\/2020\/08\/IMG_20170713_105745.jpg\",\"contentUrl\":\"https:\/\/www.energia-solar.com.ar\/wp-content\/uploads\/2020\/08\/IMG_20170713_105745.jpg\",\"width\":1228,\"height\":921,\"caption\":\"Energ\\u00eda Solar en Argentina\"},\"image\":{\"@id\":\"https:\/\/www.energia-solar.com.ar\/#logo\"}},{\"@type\":\"WebSite\",\"@id\":\"https:\/\/www.energia-solar.com.ar\/#website\",\"url\":\"https:\/\/www.energia-solar.com.ar\/\",\"name\":\"Energ\\u00eda solar en Argentina- Fillsun\",\"description\":\"Paneles fotovoltaicos, termo tanques solares, colectores solares, te asesoramos para el uso de la energ\\u00eda solar\",\"publisher\":{\"@id\":\"https:\/\/www.energia-solar.com.ar\/#organization\"},\"potentialAction\":[{\"@type\":\"SearchAction\",\"target\":\"https:\/\/www.energia-solar.com.ar\/?s={search_term_string}\",\"query-input\":\"required name=search_term_string\"}],\"inLanguage\":\"es-AR\"},{\"@type\":\"WebPage\",\"@id\":\"https:\/\/www.energia-solar.com.ar\/?page_id=4836#webpage\",\"url\":\"https:\/\/www.energia-solar.com.ar\/?page_id=4836\",\"name\":\"Como comprar | Energ\\u00eda solar en Argentina- Fillsun\",\"isPartOf\":{\"@id\":\"https:\/\/www.energia-solar.com.ar\/#website\"},\"datePublished\":\"2020-08-17T18:58:41+00:00\",\"dateModified\":\"2021-05-04T16:24:08+00:00\",\"description\":\"Te ayudamos en todas las dudas que tengas sobre como comprar energia solar.\",\"breadcrumb\":{\"@id\":\"https:\/\/www.energia-solar.com.ar\/?page_id=4836#breadcrumb\"},\"inLanguage\":\"es-AR\",\"potentialAction\":[{\"@type\":\"ReadAction\",\"target\":[\"https:\/\/www.energia-solar.com.ar\/?page_id=4836\"]}]},{\"@type\":\"BreadcrumbList\",\"@id\":\"https:\/\/www.energia-solar.com.ar\/?page_id=4836#breadcrumb\",\"itemListElement\":[{\"@type\":\"ListItem\",\"position\":1,\"item\":{\"@type\":\"WebPage\",\"@id\":\"https:\/\/www.energia-solar.com.ar\/\",\"url\":\"https:\/\/www.energia-solar.com.ar\/\",\"name\":\"Inicio\"}},{\"@type\":\"ListItem\",\"position\":2,\"item\":{\"@id\":\"https:\/\/www.energia-solar.com.ar\/?page_id=4836#webpage\"}}]}]}<\/script>\n<!-- \/ Yoast SEO plugin. -->","_links":{"self":[{"href":"https:\/\/www.energia-solar.com.ar\/index.php?rest_route=\/wp\/v2\/pages\/4836"}],"collection":[{"href":"https:\/\/www.energia-solar.com.ar\/index.php?rest_route=\/wp\/v2\/pages"}],"about":[{"href":"https:\/\/www.energia-solar.com.ar\/index.php?rest_route=\/wp\/v2\/types\/page"}],"author":[{"embeddable":true,"href":"https:\/\/www.energia-solar.com.ar\/index.php?rest_route=\/wp\/v2\/users\/1"}],"replies":[{"embeddable":true,"href":"https:\/\/www.energia-solar.com.ar\/index.php?rest_route=%2Fwp%2Fv2%2Fcomments&post=4836"}],"version-history":[{"count":5,"href":"https:\/\/www.energia-solar.com.ar\/index.php?rest_route=\/wp\/v2\/pages\/4836\/revisions"}],"predecessor-version":[{"id":5142,"href":"https:\/\/www.energia-solar.com.ar\/index.php?rest_route=\/wp\/v2\/pages\/4836\/revisions\/5142"}],"wp:attachment":[{"href":"https:\/\/www.energia-solar.com.ar\/index.php?rest_route=%2Fwp%2Fv2%2Fmedia&parent=4836"}],"curies":[{"name":"wp","href":"https:\/\/api.w.org\/{rel}","templated":true}]}}