{"id":4928,"date":"2020-09-02T14:17:40","date_gmt":"2020-09-02T17:17:40","guid":{"rendered":"http:\/\/energia-solar.com.ar\/?page_id=4928"},"modified":"2020-09-02T15:27:16","modified_gmt":"2020-09-02T18:27:16","slug":"distribuidores","status":"publish","type":"page","link":"https:\/\/www.energia-solar.com.ar\/?page_id=4928","title":{"rendered":"Distribuidores"},"content":{"rendered":"<p>[vc_row][vc_column][vc_column_text]<\/p>\n<h3>RED DE DISTRIBUCION<\/h3>\n<p>Si est\u00e1s buscando vender productos en energ\u00eda renovable, completa el formulario y ser\u00e1s registrado en nuestra base de datos y te contactaremos a la brevedad.[\/vc_column_text][\/vc_column][\/vc_row][vc_row][vc_column]<div role=\"form\" class=\"wpcf7\" id=\"wpcf7-f4927-o1\" lang=\"es-AR\" dir=\"ltr\">\n<div class=\"screen-reader-response\"><p role=\"status\" aria-live=\"polite\" aria-atomic=\"true\"><\/p> <ul><\/ul><\/div>\n<form action=\"\/index.php?rest_route=%2Fwp%2Fv2%2Fpages%2F4928#wpcf7-f4927-o1\" method=\"post\" class=\"wpcf7-form init\" novalidate=\"novalidate\" data-status=\"init\">\n<div style=\"display: none;\">\n<input type=\"hidden\" name=\"_wpcf7\" value=\"4927\" \/>\n<input type=\"hidden\" name=\"_wpcf7_version\" value=\"5.4.1\" \/>\n<input type=\"hidden\" name=\"_wpcf7_locale\" value=\"es_AR\" \/>\n<input type=\"hidden\" name=\"_wpcf7_unit_tag\" value=\"wpcf7-f4927-o1\" \/>\n<input type=\"hidden\" name=\"_wpcf7_container_post\" value=\"0\" \/>\n<input type=\"hidden\" name=\"_wpcf7_posted_data_hash\" value=\"\" \/>\n<\/div>\n<p><label><span class=\"wpcf7-form-control-wrap text-244\"><input type=\"text\" name=\"text-244\" value=\"\" size=\"40\" class=\"wpcf7-form-control wpcf7-text wpcf7-validates-as-required empresa\" id=\"empresa\" aria-required=\"true\" aria-invalid=\"false\" placeholder=\"Empresa o emprendimiento\" \/><\/span><\/label> <label><span class=\"wpcf7-form-control-wrap your-name\"><input type=\"text\" name=\"your-name\" value=\"\" size=\"40\" class=\"wpcf7-form-control wpcf7-text wpcf7-validates-as-required\" aria-required=\"true\" aria-invalid=\"false\" placeholder=\"Nombre y Apellido\" \/><\/span><\/label><\/p>\n<p><label><span class=\"wpcf7-form-control-wrap text-421\"><input type=\"text\" name=\"text-421\" value=\"\" size=\"40\" class=\"wpcf7-form-control wpcf7-text wpcf7-validates-as-required Direccion\" id=\"Direccion\" aria-required=\"true\" aria-invalid=\"false\" placeholder=\"Direcci\u00f3n\" \/><\/span><\/label> <label><span class=\"wpcf7-form-control-wrap text-421\"><input type=\"text\" name=\"text-421\" value=\"\" size=\"40\" class=\"wpcf7-form-control wpcf7-text wpcf7-validates-as-required localidad\" id=\"localidad\" aria-required=\"true\" aria-invalid=\"false\" placeholder=\"Ciudad y Provincia\" \/><\/span><\/label> <\/p>\n<p><label><span class=\"wpcf7-form-control-wrap tel-410\"><input type=\"tel\" name=\"tel-410\" value=\"Tel\u00e9fono\" size=\"40\" class=\"wpcf7-form-control wpcf7-text wpcf7-tel wpcf7-validates-as-required wpcf7-validates-as-tel tel\" id=\"telefono\" aria-required=\"true\" aria-invalid=\"false\" \/><\/span><\/label> <label><span class=\"wpcf7-form-control-wrap your-email\"><input type=\"email\" name=\"your-email\" value=\"\" size=\"40\" class=\"wpcf7-form-control wpcf7-text wpcf7-email wpcf7-validates-as-required wpcf7-validates-as-email\" aria-required=\"true\" aria-invalid=\"false\" placeholder=\"Email\" \/><\/span><\/label><\/p>\n<p><\/br><\/p>\n<p>Equipos de Inter\u00e9s<\/p>\n<p><span class=\"wpcf7-form-control-wrap checkbox-233\"><span class=\"wpcf7-form-control wpcf7-checkbox wpcf7-validates-as-required wpcf7-exclusive-checkbox equiposdeinteres\" id=\"Equiposdeinters\"><span class=\"wpcf7-list-item first\"><input type=\"checkbox\" name=\"checkbox-233\" value=\"Solar Termica (Termotanques, colectores y accesorios)\" \/><span class=\"wpcf7-list-item-label\">Solar Termica (Termotanques, colectores y accesorios)<\/span><\/span><span class=\"wpcf7-list-item last\"><input type=\"checkbox\" name=\"checkbox-233\" value=\"Sola fotovoltaica (paneles inversores y bater\u00edas)\" \/><span class=\"wpcf7-list-item-label\">Sola fotovoltaica (paneles inversores y bater\u00edas)<\/span><\/span><\/span><\/span><\/br><\/br><\/p>\n<p><span class=\"wpcf7-form-control-wrap your-message\"><textarea name=\"your-message\" cols=\"40\" rows=\"10\" class=\"wpcf7-form-control wpcf7-textarea wpcf7-validates-as-required\" aria-required=\"true\" aria-invalid=\"false\" placeholder=\"Informaci\u00f3n Precedente\"><\/textarea><\/span><\/p>\n<p>Una breve rese\u00f1a de cuales son sus antecedentes comerciales y\/o intenciones para este potencial rubro.<\/p>\n<p><input type=\"submit\" value=\"Enviar consulta\" class=\"wpcf7-form-control wpcf7-submit\" \/><\/p>\n<div class=\"wpcf7-response-output\" aria-hidden=\"true\"><\/div><\/form><\/div>[\/vc_column][\/vc_row]<\/p>\n","protected":false},"excerpt":{"rendered":"[vc_row][vc_column][vc_column_text] RED DE DISTRIBUCION Si est\u00e1s buscando vender productos en energ\u00eda renovable, completa el formulario y ser\u00e1s registrado en nuestra base de datos y te contactaremos a la brevedad.[\/vc_column_text][\/vc_column][\/vc_row][vc_row][vc_column][\/vc_column][\/vc_row]","protected":false},"author":1,"featured_media":0,"parent":0,"menu_order":0,"comment_status":"closed","ping_status":"closed","template":"","meta":[],"yoast_head":"<!-- This site is optimized with the Yoast SEO plugin v16.2 - https:\/\/yoast.com\/wordpress\/plugins\/seo\/ -->\n<title>Distribuidores | Energ\u00eda solar en Argentina- Fillsun<\/title>\n<meta name=\"robots\" content=\"index, follow, max-snippet:-1, max-image-preview:large, max-video-preview:-1\" \/>\n<link rel=\"canonical\" href=\"https:\/\/www.energia-solar.com.ar\/?page_id=4928\" \/>\n<meta property=\"og:locale\" content=\"es_ES\" \/>\n<meta property=\"og:type\" content=\"article\" \/>\n<meta property=\"og:title\" content=\"Distribuidores | Energ\u00eda solar en Argentina- Fillsun\" \/>\n<meta property=\"og:description\" content=\"[vc_row][vc_column][vc_column_text] RED DE DISTRIBUCION Si est\u00e1s buscando vender productos en energ\u00eda renovable, completa el formulario y ser\u00e1s registrado en nuestra base de datos y te contactaremos a la brevedad.[\/vc_column_text][\/vc_column][\/vc_row][vc_row][vc_column][\/vc_column][\/vc_row]\" \/>\n<meta property=\"og:url\" content=\"https:\/\/www.energia-solar.com.ar\/?page_id=4928\" \/>\n<meta property=\"og:site_name\" content=\"Energ\u00eda solar en Argentina- Fillsun\" \/>\n<meta property=\"article:publisher\" content=\"https:\/\/www.facebook.com\/fillsun.renovables\/\" \/>\n<meta property=\"article:modified_time\" content=\"2020-09-02T18:27:16+00:00\" \/>\n<meta name=\"twitter:card\" content=\"summary_large_image\" \/>\n<script type=\"application\/ld+json\" class=\"yoast-schema-graph\">{\"@context\":\"https:\/\/schema.org\",\"@graph\":[{\"@type\":\"Organization\",\"@id\":\"https:\/\/www.energia-solar.com.ar\/#organization\",\"name\":\"Energ\\u00eda Solar en Argentina\",\"url\":\"https:\/\/www.energia-solar.com.ar\/\",\"sameAs\":[\"https:\/\/www.facebook.com\/fillsun.renovables\/\",\"https:\/\/www.instagram.com\/fillsunenergia\/\"],\"logo\":{\"@type\":\"ImageObject\",\"@id\":\"https:\/\/www.energia-solar.com.ar\/#logo\",\"inLanguage\":\"es-AR\",\"url\":\"https:\/\/www.energia-solar.com.ar\/wp-content\/uploads\/2020\/08\/IMG_20170713_105745.jpg\",\"contentUrl\":\"https:\/\/www.energia-solar.com.ar\/wp-content\/uploads\/2020\/08\/IMG_20170713_105745.jpg\",\"width\":1228,\"height\":921,\"caption\":\"Energ\\u00eda Solar en Argentina\"},\"image\":{\"@id\":\"https:\/\/www.energia-solar.com.ar\/#logo\"}},{\"@type\":\"WebSite\",\"@id\":\"https:\/\/www.energia-solar.com.ar\/#website\",\"url\":\"https:\/\/www.energia-solar.com.ar\/\",\"name\":\"Energ\\u00eda solar en Argentina- Fillsun\",\"description\":\"Paneles fotovoltaicos, termo tanques solares, colectores solares, te asesoramos para el uso de la energ\\u00eda solar\",\"publisher\":{\"@id\":\"https:\/\/www.energia-solar.com.ar\/#organization\"},\"potentialAction\":[{\"@type\":\"SearchAction\",\"target\":\"https:\/\/www.energia-solar.com.ar\/?s={search_term_string}\",\"query-input\":\"required name=search_term_string\"}],\"inLanguage\":\"es-AR\"},{\"@type\":\"WebPage\",\"@id\":\"https:\/\/www.energia-solar.com.ar\/?page_id=4928#webpage\",\"url\":\"https:\/\/www.energia-solar.com.ar\/?page_id=4928\",\"name\":\"Distribuidores | Energ\\u00eda solar en Argentina- Fillsun\",\"isPartOf\":{\"@id\":\"https:\/\/www.energia-solar.com.ar\/#website\"},\"datePublished\":\"2020-09-02T17:17:40+00:00\",\"dateModified\":\"2020-09-02T18:27:16+00:00\",\"breadcrumb\":{\"@id\":\"https:\/\/www.energia-solar.com.ar\/?page_id=4928#breadcrumb\"},\"inLanguage\":\"es-AR\",\"potentialAction\":[{\"@type\":\"ReadAction\",\"target\":[\"https:\/\/www.energia-solar.com.ar\/?page_id=4928\"]}]},{\"@type\":\"BreadcrumbList\",\"@id\":\"https:\/\/www.energia-solar.com.ar\/?page_id=4928#breadcrumb\",\"itemListElement\":[{\"@type\":\"ListItem\",\"position\":1,\"item\":{\"@type\":\"WebPage\",\"@id\":\"https:\/\/www.energia-solar.com.ar\/\",\"url\":\"https:\/\/www.energia-solar.com.ar\/\",\"name\":\"Inicio\"}},{\"@type\":\"ListItem\",\"position\":2,\"item\":{\"@id\":\"https:\/\/www.energia-solar.com.ar\/?page_id=4928#webpage\"}}]}]}<\/script>\n<!-- \/ Yoast SEO plugin. -->","_links":{"self":[{"href":"https:\/\/www.energia-solar.com.ar\/index.php?rest_route=\/wp\/v2\/pages\/4928"}],"collection":[{"href":"https:\/\/www.energia-solar.com.ar\/index.php?rest_route=\/wp\/v2\/pages"}],"about":[{"href":"https:\/\/www.energia-solar.com.ar\/index.php?rest_route=\/wp\/v2\/types\/page"}],"author":[{"embeddable":true,"href":"https:\/\/www.energia-solar.com.ar\/index.php?rest_route=\/wp\/v2\/users\/1"}],"replies":[{"embeddable":true,"href":"https:\/\/www.energia-solar.com.ar\/index.php?rest_route=%2Fwp%2Fv2%2Fcomments&post=4928"}],"version-history":[{"count":0,"href":"https:\/\/www.energia-solar.com.ar\/index.php?rest_route=\/wp\/v2\/pages\/4928\/revisions"}],"wp:attachment":[{"href":"https:\/\/www.energia-solar.com.ar\/index.php?rest_route=%2Fwp%2Fv2%2Fmedia&parent=4928"}],"curies":[{"name":"wp","href":"https:\/\/api.w.org\/{rel}","templated":true}]}}