{"id":5059,"date":"2021-03-05T21:15:34","date_gmt":"2021-03-06T00:15:34","guid":{"rendered":"https:\/\/www.energia-solar.com.ar\/?page_id=5059"},"modified":"2021-03-06T01:42:24","modified_gmt":"2021-03-06T04:42:24","slug":"taller-seminario-de-energia-solar","status":"publish","type":"page","link":"https:\/\/www.energia-solar.com.ar\/?page_id=5059","title":{"rendered":"Taller Seminario de Energ\u00eda Solar"},"content":{"rendered":"<p>[vc_row overlay_dotted=&#8221;&#8221; css=&#8221;.vc_custom_1502436732838{border-bottom-width: 1px !important;padding-top: 0px !important;padding-bottom: 18px !important;border-bottom-color: #f1f1f1 !important;border-bottom-style: solid !important;}&#8221;][vc_column width=&#8221;1\/2&#8243;][vc_custom_heading text=&#8221;APRENDE ENERGIA SOLAR<br \/>\nY SE PARTE DE LA COMUNIDAD RENOVABLE&#8221; font_container=&#8221;tag:h2|font_size:33|text_align:left&#8221; use_theme_fonts=&#8221;yes&#8221;][vc_separator][vc_column_text]<\/p>\n<div class=\"\">\n<div class=\"\">\n<div class=\"WordSection1\">\n<div class=\"\"><strong>Metodolog\u00eda:<\/strong>\u00a0 \u00a0Presencial Respetando protocolos COVID-19<\/div>\n<\/div>\n<\/div>\n<\/div>\n<div class=\"\">\n<div class=\"\">\n<div class=\"WordSection1\">\n<div class=\"\"><strong>Fecha:<\/strong> 26 a 27 de Marzo 2021<\/div>\n<div class=\"\"><strong>Direcci\u00f3n:<\/strong> CPAIN &#8211; Av. Francisco de Haro 2745 &#8211; POSADAS &#8211; MISIONES<\/div>\n<div class=\"\"><strong>Contacto:\u00a0<\/strong> Leandro +54 11 46211381<\/div>\n<\/div>\n<\/div>\n<\/div>\n<div class=\"\">\n<div class=\"\">\n<div class=\"WordSection1\">\n<div class=\"\"><strong>Dicta:<\/strong> Ing. Daniel Ferreyra<\/div>\n<\/div>\n<\/div>\n<\/div>\n<p>[\/vc_column_text][vc_message message_box_color=&#8221;sandy_brown&#8221;]<\/p>\n<div class=\"\">\n<div class=\"\">\n<div class=\"WordSection1\">\n<div class=\"\">Es un taller seminario practico\/te\u00f3rico enfocado a la iniciaci\u00f3n e instalaciones de energ\u00eda solar<\/div>\n<\/div>\n<\/div>\n<\/div>\n<p>[\/vc_message][\/vc_column][vc_column width=&#8221;1\/2&#8243;][vc_single_image image=&#8221;5066&#8243; img_size=&#8221;full&#8221; css_animation=&#8221;none&#8221; css=&#8221;.vc_custom_1615002235542{margin-top: 0px !important;margin-right: 0px !important;margin-bottom: 0px !important;margin-left: 0px !important;border-top-width: 0px !important;border-right-width: 0px !important;border-bottom-width: 0px !important;border-left-width: 0px !important;padding-top: 0px !important;padding-right: 0px !important;padding-bottom: 0px !important;padding-left: 0px !important;}&#8221;][\/vc_column][\/vc_row][vc_row overlay_dotted=&#8221;&#8221; css=&#8221;.vc_custom_1502436732838{border-bottom-width: 1px !important;padding-top: 0px !important;padding-bottom: 18px !important;border-bottom-color: #f1f1f1 !important;border-bottom-style: solid !important;}&#8221;][vc_column width=&#8221;1\/2&#8243;][vc_column_text]<strong><span style=\"color: #ff0000;\">REGISTRATE para NO PERDER TU CUPO<\/span><\/strong><\/p>\n<h1><span class=\"emoji\">\ud83d\udc49<\/span>QUEDAN POCOS LUGARES\u00a0<span class=\"emoji\">\ud83d\udc48<\/span><\/h1>\n<p>[\/vc_column_text]<div role=\"form\" class=\"wpcf7\" id=\"wpcf7-f6-o1\" lang=\"es-AR\" dir=\"ltr\">\n<div class=\"screen-reader-response\"><p role=\"status\" aria-live=\"polite\" aria-atomic=\"true\"><\/p> <ul><\/ul><\/div>\n<form action=\"\/index.php?rest_route=%2Fwp%2Fv2%2Fpages%2F5059#wpcf7-f6-o1\" method=\"post\" class=\"wpcf7-form init\" novalidate=\"novalidate\" data-status=\"init\">\n<div style=\"display: none;\">\n<input type=\"hidden\" name=\"_wpcf7\" value=\"6\" \/>\n<input type=\"hidden\" name=\"_wpcf7_version\" value=\"5.4.1\" \/>\n<input type=\"hidden\" name=\"_wpcf7_locale\" value=\"es_AR\" \/>\n<input type=\"hidden\" name=\"_wpcf7_unit_tag\" value=\"wpcf7-f6-o1\" \/>\n<input type=\"hidden\" name=\"_wpcf7_container_post\" value=\"0\" \/>\n<input type=\"hidden\" name=\"_wpcf7_posted_data_hash\" value=\"\" \/>\n<\/div>\n<p><label> Nombre Completo (Requerido)<br \/>\n    <span class=\"wpcf7-form-control-wrap your-name\"><input type=\"text\" name=\"your-name\" value=\"\" size=\"40\" class=\"wpcf7-form-control wpcf7-text wpcf7-validates-as-required\" aria-required=\"true\" aria-invalid=\"false\" \/><\/span> <\/label><\/p>\n<p><label> Email (Requerido)<br \/>\n    <span class=\"wpcf7-form-control-wrap your-email\"><input type=\"email\" name=\"your-email\" value=\"\" size=\"40\" class=\"wpcf7-form-control wpcf7-text wpcf7-email wpcf7-validates-as-required wpcf7-validates-as-email\" aria-required=\"true\" aria-invalid=\"false\" \/><\/span> <\/label><\/p>\n<p><label> Tel\u00e9fono (Requerido)<br \/>\n    <span class=\"wpcf7-form-control-wrap tel-234\"><input type=\"tel\" name=\"tel-234\" value=\"\" size=\"40\" class=\"wpcf7-form-control wpcf7-text wpcf7-tel wpcf7-validates-as-required wpcf7-validates-as-tel\" aria-required=\"true\" aria-invalid=\"false\" \/><\/span> <\/label><\/p>\n<p><label> Consulta<br \/>\n    <span class=\"wpcf7-form-control-wrap your-message\"><textarea name=\"your-message\" cols=\"40\" rows=\"10\" class=\"wpcf7-form-control wpcf7-textarea\" aria-invalid=\"false\"><\/textarea><\/span> <\/label><\/p>\n<p><input type=\"submit\" value=\"Enviar\" class=\"wpcf7-form-control wpcf7-submit\" \/><\/p>\n<div class=\"wpcf7-response-output\" aria-hidden=\"true\"><\/div><\/form><\/div>[vc_separator][\/vc_column][vc_column width=&#8221;1\/2&#8243;][vc_column_text css=&#8221;.vc_custom_1615005319486{margin-bottom: 29px !important;padding-right: 10% !important;padding-left: 10% !important;}&#8221;]<\/p>\n<h1><span style=\"font-size: 28px;\">CONTENIDO GENERAL<\/span><\/h1>\n<p>&nbsp;<\/p>\n<p><span style=\"font-size: 21px;\">D\u00eda 26\/03\/21 (17-21 hs)<\/span><\/p>\n<p><strong><span style=\"font-size: 18px;\">&#8211; Rese\u00f1a hist\u00f3rica, usos y aplicaciones de la energ\u00eda solar<\/span><\/strong><\/p>\n<p><strong><span style=\"font-size: 18px;\">&#8211; Energ\u00eda solar t\u00e9rmica.<\/span><\/strong><\/p>\n<ul>\n<li style=\"list-style-type: none;\">\n<ul>\n<li>Tipos de equipamiento.<\/li>\n<li>Aplicaciones.<\/li>\n<li>Dimensionamiento.<\/li>\n<li>Instalaci\u00f3n.<\/li>\n<\/ul>\n<\/li>\n<\/ul>\n<hr \/>\n<p><span style=\"font-size: 21px;\">D\u00eda 27\/03\/21 (10-16 hs)<\/span> <span style=\"color: #ff0000;\"><strong>Incluye Lunch al mediod\u00eda<\/strong><\/span><\/p>\n<p><span style=\"font-size: 18px;\"><strong>&#8211; Energ\u00eda solar fotovoltaica.<\/strong><\/span><\/p>\n<ul>\n<li style=\"list-style-type: none;\">\n<ul>\n<li style=\"list-style-type: none;\">\n<ul>\n<li style=\"list-style-type: none;\">\n<ul>\n<li>Tipos de equipamiento.<\/li>\n<li>Aplicaciones y dimensionamiento.<\/li>\n<li>Instalaciones offgrid.<\/li>\n<li>Instalaciones ongrid.<\/li>\n<li>Instalaciones hibridas.<\/li>\n<\/ul>\n<\/li>\n<\/ul>\n<\/li>\n<\/ul>\n<\/li>\n<\/ul>\n<p>[\/vc_column_text][vc_message message_box_color=&#8221;black&#8221; icon_fontawesome=&#8221;far fa-address-book&#8221;]<span style=\"color: #ffffff; font-size: 18px;\"><b class=\"\">Entregamos tu diploma de presencialidad<\/b><\/span>[\/vc_message][\/vc_column][\/vc_row]<\/p>\n","protected":false},"excerpt":{"rendered":"[vc_row overlay_dotted=&#8221;&#8221; css=&#8221;.vc_custom_1502436732838{border-bottom-width: 1px !important;padding-top: 0px !important;padding-bottom: 18px !important;border-bottom-color: #f1f1f1 !important;border-bottom-style: solid !important;}&#8221;][vc_column width=&#8221;1\/2&#8243;][vc_custom_heading text=&#8221;APRENDE ENERGIA SOLAR Y SE PARTE DE LA COMUNIDAD RENOVABLE&#8221; font_container=&#8221;tag:h2|font_size:33|text_align:left&#8221; use_theme_fonts=&#8221;yes&#8221;][vc_separator][vc_column_text] Metodolog\u00eda:\u00a0 \u00a0Presencial Respetando protocolos COVID-19 Fecha: 26 a 27 de Marzo 2021 Direcci\u00f3n: CPAIN &#8211; Av. Francisco de Haro 2745 &#8211; POSADAS &#8211; MISIONES Contacto:\u00a0 Leandro +54 11 46211381[&#8230;]","protected":false},"author":1,"featured_media":0,"parent":0,"menu_order":0,"comment_status":"closed","ping_status":"closed","template":"","meta":[],"yoast_head":"<!-- This site is optimized with the Yoast SEO plugin v16.2 - https:\/\/yoast.com\/wordpress\/plugins\/seo\/ -->\n<title>Taller Seminario de Energ\u00eda Solar | Energ\u00eda solar en Argentina- Fillsun<\/title>\n<meta name=\"robots\" content=\"index, follow, max-snippet:-1, max-image-preview:large, max-video-preview:-1\" \/>\n<link rel=\"canonical\" href=\"https:\/\/www.energia-solar.com.ar\/?page_id=5059\" \/>\n<meta property=\"og:locale\" content=\"es_ES\" \/>\n<meta property=\"og:type\" content=\"article\" \/>\n<meta property=\"og:title\" content=\"Taller Seminario de Energ\u00eda Solar | Energ\u00eda solar en Argentina- Fillsun\" \/>\n<meta property=\"og:description\" content=\"[vc_row overlay_dotted=&#8221;&#8221; css=&#8221;.vc_custom_1502436732838{border-bottom-width: 1px !important;padding-top: 0px !important;padding-bottom: 18px !important;border-bottom-color: #f1f1f1 !important;border-bottom-style: solid !important;}&#8221;][vc_column width=&#8221;1\/2&#8243;][vc_custom_heading text=&#8221;APRENDE ENERGIA SOLAR Y SE PARTE DE LA COMUNIDAD RENOVABLE&#8221; font_container=&#8221;tag:h2|font_size:33|text_align:left&#8221; use_theme_fonts=&#8221;yes&#8221;][vc_separator][vc_column_text] Metodolog\u00eda:\u00a0 \u00a0Presencial Respetando protocolos COVID-19 Fecha: 26 a 27 de Marzo 2021 Direcci\u00f3n: CPAIN &#8211; Av. Francisco de Haro 2745 &#8211; POSADAS &#8211; MISIONES Contacto:\u00a0 Leandro +54 11 46211381[...]\" \/>\n<meta property=\"og:url\" content=\"https:\/\/www.energia-solar.com.ar\/?page_id=5059\" \/>\n<meta property=\"og:site_name\" content=\"Energ\u00eda solar en Argentina- Fillsun\" \/>\n<meta property=\"article:publisher\" content=\"https:\/\/www.facebook.com\/fillsun.renovables\/\" \/>\n<meta property=\"article:modified_time\" content=\"2021-03-06T04:42:24+00:00\" \/>\n<meta name=\"twitter:card\" content=\"summary_large_image\" \/>\n<meta name=\"twitter:label1\" content=\"Tiempo de lectura\">\n\t<meta name=\"twitter:data1\" content=\"1 minuto\">\n<script type=\"application\/ld+json\" class=\"yoast-schema-graph\">{\"@context\":\"https:\/\/schema.org\",\"@graph\":[{\"@type\":\"Organization\",\"@id\":\"https:\/\/www.energia-solar.com.ar\/#organization\",\"name\":\"Energ\\u00eda Solar en Argentina\",\"url\":\"https:\/\/www.energia-solar.com.ar\/\",\"sameAs\":[\"https:\/\/www.facebook.com\/fillsun.renovables\/\",\"https:\/\/www.instagram.com\/fillsunenergia\/\"],\"logo\":{\"@type\":\"ImageObject\",\"@id\":\"https:\/\/www.energia-solar.com.ar\/#logo\",\"inLanguage\":\"es-AR\",\"url\":\"https:\/\/www.energia-solar.com.ar\/wp-content\/uploads\/2020\/08\/IMG_20170713_105745.jpg\",\"contentUrl\":\"https:\/\/www.energia-solar.com.ar\/wp-content\/uploads\/2020\/08\/IMG_20170713_105745.jpg\",\"width\":1228,\"height\":921,\"caption\":\"Energ\\u00eda Solar en Argentina\"},\"image\":{\"@id\":\"https:\/\/www.energia-solar.com.ar\/#logo\"}},{\"@type\":\"WebSite\",\"@id\":\"https:\/\/www.energia-solar.com.ar\/#website\",\"url\":\"https:\/\/www.energia-solar.com.ar\/\",\"name\":\"Energ\\u00eda solar en Argentina- Fillsun\",\"description\":\"Paneles fotovoltaicos, termo tanques solares, colectores solares, te asesoramos para el uso de la energ\\u00eda solar\",\"publisher\":{\"@id\":\"https:\/\/www.energia-solar.com.ar\/#organization\"},\"potentialAction\":[{\"@type\":\"SearchAction\",\"target\":\"https:\/\/www.energia-solar.com.ar\/?s={search_term_string}\",\"query-input\":\"required name=search_term_string\"}],\"inLanguage\":\"es-AR\"},{\"@type\":\"WebPage\",\"@id\":\"https:\/\/www.energia-solar.com.ar\/?page_id=5059#webpage\",\"url\":\"https:\/\/www.energia-solar.com.ar\/?page_id=5059\",\"name\":\"Taller Seminario de Energ\\u00eda Solar | Energ\\u00eda solar en Argentina- Fillsun\",\"isPartOf\":{\"@id\":\"https:\/\/www.energia-solar.com.ar\/#website\"},\"datePublished\":\"2021-03-06T00:15:34+00:00\",\"dateModified\":\"2021-03-06T04:42:24+00:00\",\"breadcrumb\":{\"@id\":\"https:\/\/www.energia-solar.com.ar\/?page_id=5059#breadcrumb\"},\"inLanguage\":\"es-AR\",\"potentialAction\":[{\"@type\":\"ReadAction\",\"target\":[\"https:\/\/www.energia-solar.com.ar\/?page_id=5059\"]}]},{\"@type\":\"BreadcrumbList\",\"@id\":\"https:\/\/www.energia-solar.com.ar\/?page_id=5059#breadcrumb\",\"itemListElement\":[{\"@type\":\"ListItem\",\"position\":1,\"item\":{\"@type\":\"WebPage\",\"@id\":\"https:\/\/www.energia-solar.com.ar\/\",\"url\":\"https:\/\/www.energia-solar.com.ar\/\",\"name\":\"Inicio\"}},{\"@type\":\"ListItem\",\"position\":2,\"item\":{\"@id\":\"https:\/\/www.energia-solar.com.ar\/?page_id=5059#webpage\"}}]}]}<\/script>\n<!-- \/ Yoast SEO plugin. -->","_links":{"self":[{"href":"https:\/\/www.energia-solar.com.ar\/index.php?rest_route=\/wp\/v2\/pages\/5059"}],"collection":[{"href":"https:\/\/www.energia-solar.com.ar\/index.php?rest_route=\/wp\/v2\/pages"}],"about":[{"href":"https:\/\/www.energia-solar.com.ar\/index.php?rest_route=\/wp\/v2\/types\/page"}],"author":[{"embeddable":true,"href":"https:\/\/www.energia-solar.com.ar\/index.php?rest_route=\/wp\/v2\/users\/1"}],"replies":[{"embeddable":true,"href":"https:\/\/www.energia-solar.com.ar\/index.php?rest_route=%2Fwp%2Fv2%2Fcomments&post=5059"}],"version-history":[{"count":0,"href":"https:\/\/www.energia-solar.com.ar\/index.php?rest_route=\/wp\/v2\/pages\/5059\/revisions"}],"wp:attachment":[{"href":"https:\/\/www.energia-solar.com.ar\/index.php?rest_route=%2Fwp%2Fv2%2Fmedia&parent=5059"}],"curies":[{"name":"wp","href":"https:\/\/api.w.org\/{rel}","templated":true}]}}