{"id":4490,"date":"2024-09-25T15:46:23","date_gmt":"2024-09-25T18:46:23","guid":{"rendered":"http:\/\/energia-solar.com.ar\/?post_type=product&#038;p=4490"},"modified":"2026-02-12T12:28:23","modified_gmt":"2026-02-12T15:28:23","slug":"colector-solar-epdm","status":"publish","type":"product","link":"https:\/\/www.energia-solar.com.ar\/?product=colector-solar-epdm","title":{"rendered":"Colector solar EPDM de 3&#215;1,33(Accesorios de conexi\u00f3n y montaje incluidos)"},"content":{"rendered":"<p><strong>\u00bfC\u00f3mo funciona el sistema?<\/strong><br \/>\nEl colector solar est\u00e1 compuesto por tubos de polipropileno con un aditivo especial que protege contra el desgaste causado por la radiaci\u00f3n solar. Estos tubos capturan la energ\u00eda solar y calientan el agua que circula a trav\u00e9s de ellos. El agua fr\u00eda entra por la parte inferior del sistema y se distribuye entre los tubos, donde se calienta al absorber la radiaci\u00f3n. Al calentarse, el agua pierde densidad y asciende hacia la parte superior del colector. Desde all\u00ed, es impulsada de regreso a la piscina mediante la presi\u00f3n de la bomba de recirculaci\u00f3n, asegurando un flujo constante y un calentamiento eficiente. Este sistema utiliza energ\u00eda renovable y es ideal para mantener la piscina a una temperatura confortable durante toda la temporada.<\/p>\n<hr \/>\n<p><strong>\u00bfC\u00f3mo elijo el equipo adecuado?<\/strong><br \/>\nLa superficie de paneles necesaria para el calentamiento de una piscina se calcula entre 0,5 y 1 vez el \u00e1rea de la misma. Por ejemplo, si tu piscina mide 8\u00d74 m (32 m\u00b2), necesitar\u00e1s entre 16 y 32 m\u00b2 de paneles solares, dependiendo del nivel de calentamiento deseado y las condiciones clim\u00e1ticas. (de todos modos te asesoramos sin costo para un instalaci\u00f3n optima en tu vivienda)<\/p>\n<hr \/>\n<p><strong>\u00bfQu\u00e9 dimensiones tienen los paneles?<\/strong><br \/>\nLos paneles solares se suministran en unidades de 3 metros de largo por 1,33 metros de ancho (3,99 m\u00b2). Por lo tanto, para climatizar una piscina de 8\u00d74 m (32 m\u00b2), se requerir\u00e1n entre 4 y 8 paneles, en funci\u00f3n de la superficie necesaria y las caracter\u00edsticas del lugar de instalaci\u00f3n.<\/p>\n<p>Caracter\u00edsticas:<br \/>\nMaterial: EPDM<br \/>\nCirculaci\u00f3n: por bomba<br \/>\nDimensiones: 1,33&#215;3 mts<br \/>\nSuperficie: 3,99 M2<\/p>\n<p>Incluye:<br \/>\nColector inferior y superior<br \/>\nConectores de reducci\u00f3n<br \/>\nTap\u00f3n para cierre de circuito<br \/>\nCuplas para uni\u00f3n<br \/>\nClips, precintos y tira de sujeci\u00f3n<\/p>\n<p>Asesoramiento personalizado<\/p>\n<p>[vc_row][vc_column][vc_single_image image=&#8221;4501&#8243; img_size=&#8221;full&#8221; onclick=&#8221;link_image&#8221;][\/vc_column][\/vc_row]<\/p>\n","protected":false},"excerpt":{"rendered":"&nbsp;\r\n\r\nColector solar para climatizacion de piscinas","protected":false},"featured_media":4491,"template":"","meta":[],"yoast_head":"<!-- This site is optimized with the Yoast SEO plugin v16.2 - https:\/\/yoast.com\/wordpress\/plugins\/seo\/ -->\n<title>Colector solar EPDM de 3x1,33(Accesorios de conexi\u00f3n y montaje incluidos) | Energ\u00eda solar en Argentina- Fillsun<\/title>\n<meta name=\"description\" content=\"Colector solar EPDM de 3x1,33 para calentar agua de piscinas. Incluye accesorios de montaje y conexi\u00f3n para una instalaci\u00f3n r\u00e1pida y eficiente.\" \/>\n<meta name=\"robots\" content=\"index, follow, max-snippet:-1, max-image-preview:large, max-video-preview:-1\" \/>\n<link rel=\"canonical\" href=\"https:\/\/www.energia-solar.com.ar\/?product=colector-solar-epdm\" \/>\n<meta property=\"og:locale\" content=\"es_ES\" \/>\n<meta property=\"og:type\" content=\"article\" \/>\n<meta property=\"og:title\" content=\"Colector solar EPDM de 3x1,33(Accesorios de conexi\u00f3n y montaje incluidos) | Energ\u00eda solar en Argentina- Fillsun\" \/>\n<meta property=\"og:description\" content=\"Colector solar EPDM de 3x1,33 para calentar agua de piscinas. Incluye accesorios de montaje y conexi\u00f3n para una instalaci\u00f3n r\u00e1pida y eficiente.\" \/>\n<meta property=\"og:url\" content=\"https:\/\/www.energia-solar.com.ar\/?product=colector-solar-epdm\" \/>\n<meta property=\"og:site_name\" content=\"Energ\u00eda solar en Argentina- Fillsun\" \/>\n<meta property=\"article:publisher\" content=\"https:\/\/www.facebook.com\/fillsun.renovables\/\" \/>\n<meta property=\"article:modified_time\" content=\"2026-02-12T15:28:23+00:00\" \/>\n<meta property=\"og:image\" content=\"https:\/\/www.energia-solar.com.ar\/wp-content\/uploads\/2020\/08\/calentador-solar-piscinas.png\" \/>\n\t<meta property=\"og:image:width\" content=\"560\" \/>\n\t<meta property=\"og:image:height\" content=\"600\" \/>\n<meta name=\"twitter:card\" content=\"summary_large_image\" \/>\n<meta name=\"twitter:label1\" content=\"Tiempo de lectura\">\n\t<meta name=\"twitter:data1\" content=\"2 minutos\">\n<script type=\"application\/ld+json\" class=\"yoast-schema-graph\">{\"@context\":\"https:\/\/schema.org\",\"@graph\":[{\"@type\":\"Organization\",\"@id\":\"https:\/\/www.energia-solar.com.ar\/#organization\",\"name\":\"Energ\\u00eda Solar en Argentina\",\"url\":\"https:\/\/www.energia-solar.com.ar\/\",\"sameAs\":[\"https:\/\/www.facebook.com\/fillsun.renovables\/\",\"https:\/\/www.instagram.com\/fillsunenergia\/\"],\"logo\":{\"@type\":\"ImageObject\",\"@id\":\"https:\/\/www.energia-solar.com.ar\/#logo\",\"inLanguage\":\"es-AR\",\"url\":\"https:\/\/www.energia-solar.com.ar\/wp-content\/uploads\/2020\/08\/IMG_20170713_105745.jpg\",\"contentUrl\":\"https:\/\/www.energia-solar.com.ar\/wp-content\/uploads\/2020\/08\/IMG_20170713_105745.jpg\",\"width\":1228,\"height\":921,\"caption\":\"Energ\\u00eda Solar en Argentina\"},\"image\":{\"@id\":\"https:\/\/www.energia-solar.com.ar\/#logo\"}},{\"@type\":\"WebSite\",\"@id\":\"https:\/\/www.energia-solar.com.ar\/#website\",\"url\":\"https:\/\/www.energia-solar.com.ar\/\",\"name\":\"Energ\\u00eda solar en Argentina- Fillsun\",\"description\":\"Paneles fotovoltaicos, termo tanques solares, colectores solares, te asesoramos para el uso de la energ\\u00eda solar\",\"publisher\":{\"@id\":\"https:\/\/www.energia-solar.com.ar\/#organization\"},\"potentialAction\":[{\"@type\":\"SearchAction\",\"target\":\"https:\/\/www.energia-solar.com.ar\/?s={search_term_string}\",\"query-input\":\"required name=search_term_string\"}],\"inLanguage\":\"es-AR\"},{\"@type\":\"ImageObject\",\"@id\":\"https:\/\/www.energia-solar.com.ar\/?product=colector-solar-epdm#primaryimage\",\"inLanguage\":\"es-AR\",\"url\":\"https:\/\/www.energia-solar.com.ar\/wp-content\/uploads\/2020\/08\/calentador-solar-piscinas.png\",\"contentUrl\":\"https:\/\/www.energia-solar.com.ar\/wp-content\/uploads\/2020\/08\/calentador-solar-piscinas.png\",\"width\":560,\"height\":600},{\"@type\":\"WebPage\",\"@id\":\"https:\/\/www.energia-solar.com.ar\/?product=colector-solar-epdm#webpage\",\"url\":\"https:\/\/www.energia-solar.com.ar\/?product=colector-solar-epdm\",\"name\":\"Colector solar EPDM de 3x1,33(Accesorios de conexi\\u00f3n y montaje incluidos) | Energ\\u00eda solar en Argentina- Fillsun\",\"isPartOf\":{\"@id\":\"https:\/\/www.energia-solar.com.ar\/#website\"},\"primaryImageOfPage\":{\"@id\":\"https:\/\/www.energia-solar.com.ar\/?product=colector-solar-epdm#primaryimage\"},\"datePublished\":\"2024-09-25T18:46:23+00:00\",\"dateModified\":\"2026-02-12T15:28:23+00:00\",\"description\":\"Colector solar EPDM de 3x1,33 para calentar agua de piscinas. Incluye accesorios de montaje y conexi\\u00f3n para una instalaci\\u00f3n r\\u00e1pida y eficiente.\",\"breadcrumb\":{\"@id\":\"https:\/\/www.energia-solar.com.ar\/?product=colector-solar-epdm#breadcrumb\"},\"inLanguage\":\"es-AR\",\"potentialAction\":[{\"@type\":\"ReadAction\",\"target\":[\"https:\/\/www.energia-solar.com.ar\/?product=colector-solar-epdm\"]}]},{\"@type\":\"BreadcrumbList\",\"@id\":\"https:\/\/www.energia-solar.com.ar\/?product=colector-solar-epdm#breadcrumb\",\"itemListElement\":[{\"@type\":\"ListItem\",\"position\":1,\"item\":{\"@type\":\"WebPage\",\"@id\":\"https:\/\/www.energia-solar.com.ar\/\",\"url\":\"https:\/\/www.energia-solar.com.ar\/\",\"name\":\"Inicio\"}},{\"@type\":\"ListItem\",\"position\":2,\"item\":{\"@type\":\"WebPage\",\"@id\":\"https:\/\/www.energia-solar.com.ar\/?page_id=3222\",\"url\":\"https:\/\/www.energia-solar.com.ar\/?page_id=3222\",\"name\":\"Tienda\"}},{\"@type\":\"ListItem\",\"position\":3,\"item\":{\"@id\":\"https:\/\/www.energia-solar.com.ar\/?product=colector-solar-epdm#webpage\"}}]}]}<\/script>\n<!-- \/ Yoast SEO plugin. -->","_links":{"self":[{"href":"https:\/\/www.energia-solar.com.ar\/index.php?rest_route=\/wp\/v2\/product\/4490"}],"collection":[{"href":"https:\/\/www.energia-solar.com.ar\/index.php?rest_route=\/wp\/v2\/product"}],"about":[{"href":"https:\/\/www.energia-solar.com.ar\/index.php?rest_route=\/wp\/v2\/types\/product"}],"wp:featuredmedia":[{"embeddable":true,"href":"https:\/\/www.energia-solar.com.ar\/index.php?rest_route=\/wp\/v2\/media\/4491"}],"wp:attachment":[{"href":"https:\/\/www.energia-solar.com.ar\/index.php?rest_route=%2Fwp%2Fv2%2Fmedia&parent=4490"}],"curies":[{"name":"wp","href":"https:\/\/api.w.org\/{rel}","templated":true}]}}