{"id":4591,"date":"2024-09-23T15:00:45","date_gmt":"2024-09-23T18:00:45","guid":{"rendered":"http:\/\/energia-solar.com.ar\/?post_type=product&#038;p=4591"},"modified":"2026-02-12T11:27:24","modified_gmt":"2026-02-12T14:27:24","slug":"anodo-de-magnesio","status":"publish","type":"product","link":"https:\/\/www.energia-solar.com.ar\/?product=anodo-de-magnesio","title":{"rendered":"\u00c1nodo de Magnesio"},"content":{"rendered":"<h3>Barra de Magnesio para termotanque solar.<\/h3>\n<p>La finalidad de la misma es evitar la formaci\u00f3n de sarro y favorece a la no corrosi\u00f3n del tanque evitando da\u00f1o prematuro del mismo, su reemplazo se recomienda entre 6 a 18 meses seg\u00fan la dureza del agua.<\/p>\n<p>Soporte apto para tubos \u00d858mm, apto para todos los termotanques Fillsun termosifonicos<\/p>\n","protected":false},"excerpt":{"rendered":"Barra de Magnesio para termotanque solar. La finalidad de la misma es evitar la formaci\u00f3n de sarro y favorece a la no corrosi\u00f3n del tanque evitando da\u00f1o prematuro del mismo, su reemplazo se recomienda entre 6 a 18 meses seg\u00fan la dureza del agua. Soporte apto para tubos \u00d858mm, apto para todos los termotanques Fillsun[&#8230;]","protected":false},"featured_media":5190,"template":"","meta":[],"yoast_head":"<!-- This site is optimized with the Yoast SEO plugin v16.2 - https:\/\/yoast.com\/wordpress\/plugins\/seo\/ -->\n<title>\u00c1nodo de Magnesio | Energ\u00eda solar en Argentina- Fillsun<\/title>\n<meta name=\"description\" content=\"\u00c1nodo de magnesio para proteger tu termotanque solar de la corrosi\u00f3n y prolongar su vida \u00fatil. Compatible con sistemas solares de distintas capacidades.\" \/>\n<meta name=\"robots\" content=\"index, follow, max-snippet:-1, max-image-preview:large, max-video-preview:-1\" \/>\n<link rel=\"canonical\" href=\"https:\/\/www.energia-solar.com.ar\/?product=anodo-de-magnesio\" \/>\n<meta property=\"og:locale\" content=\"es_ES\" \/>\n<meta property=\"og:type\" content=\"article\" \/>\n<meta property=\"og:title\" content=\"\u00c1nodo de Magnesio | Energ\u00eda solar en Argentina- Fillsun\" \/>\n<meta property=\"og:description\" content=\"\u00c1nodo de magnesio para proteger tu termotanque solar de la corrosi\u00f3n y prolongar su vida \u00fatil. Compatible con sistemas solares de distintas capacidades.\" \/>\n<meta property=\"og:url\" content=\"https:\/\/www.energia-solar.com.ar\/?product=anodo-de-magnesio\" \/>\n<meta property=\"og:site_name\" content=\"Energ\u00eda solar en Argentina- Fillsun\" \/>\n<meta property=\"article:publisher\" content=\"https:\/\/www.facebook.com\/fillsun.renovables\/\" \/>\n<meta property=\"article:modified_time\" content=\"2026-02-12T14:27:24+00:00\" \/>\n<meta property=\"og:image\" content=\"https:\/\/www.energia-solar.com.ar\/wp-content\/uploads\/2024\/09\/Barra-de-Magnesio.jpg\" \/>\n\t<meta property=\"og:image:width\" content=\"833\" \/>\n\t<meta property=\"og:image:height\" content=\"833\" \/>\n<meta name=\"twitter:card\" content=\"summary_large_image\" \/>\n<script type=\"application\/ld+json\" class=\"yoast-schema-graph\">{\"@context\":\"https:\/\/schema.org\",\"@graph\":[{\"@type\":\"Organization\",\"@id\":\"https:\/\/www.energia-solar.com.ar\/#organization\",\"name\":\"Energ\\u00eda Solar en Argentina\",\"url\":\"https:\/\/www.energia-solar.com.ar\/\",\"sameAs\":[\"https:\/\/www.facebook.com\/fillsun.renovables\/\",\"https:\/\/www.instagram.com\/fillsunenergia\/\"],\"logo\":{\"@type\":\"ImageObject\",\"@id\":\"https:\/\/www.energia-solar.com.ar\/#logo\",\"inLanguage\":\"es-AR\",\"url\":\"https:\/\/www.energia-solar.com.ar\/wp-content\/uploads\/2020\/08\/IMG_20170713_105745.jpg\",\"contentUrl\":\"https:\/\/www.energia-solar.com.ar\/wp-content\/uploads\/2020\/08\/IMG_20170713_105745.jpg\",\"width\":1228,\"height\":921,\"caption\":\"Energ\\u00eda Solar en Argentina\"},\"image\":{\"@id\":\"https:\/\/www.energia-solar.com.ar\/#logo\"}},{\"@type\":\"WebSite\",\"@id\":\"https:\/\/www.energia-solar.com.ar\/#website\",\"url\":\"https:\/\/www.energia-solar.com.ar\/\",\"name\":\"Energ\\u00eda solar en Argentina- Fillsun\",\"description\":\"Paneles fotovoltaicos, termo tanques solares, colectores solares, te asesoramos para el uso de la energ\\u00eda solar\",\"publisher\":{\"@id\":\"https:\/\/www.energia-solar.com.ar\/#organization\"},\"potentialAction\":[{\"@type\":\"SearchAction\",\"target\":\"https:\/\/www.energia-solar.com.ar\/?s={search_term_string}\",\"query-input\":\"required name=search_term_string\"}],\"inLanguage\":\"es-AR\"},{\"@type\":\"ImageObject\",\"@id\":\"https:\/\/www.energia-solar.com.ar\/?product=anodo-de-magnesio#primaryimage\",\"inLanguage\":\"es-AR\",\"url\":\"https:\/\/www.energia-solar.com.ar\/wp-content\/uploads\/2024\/09\/Barra-de-Magnesio.jpg\",\"contentUrl\":\"https:\/\/www.energia-solar.com.ar\/wp-content\/uploads\/2024\/09\/Barra-de-Magnesio.jpg\",\"width\":833,\"height\":833},{\"@type\":\"WebPage\",\"@id\":\"https:\/\/www.energia-solar.com.ar\/?product=anodo-de-magnesio#webpage\",\"url\":\"https:\/\/www.energia-solar.com.ar\/?product=anodo-de-magnesio\",\"name\":\"\\u00c1nodo de Magnesio | Energ\\u00eda solar en Argentina- Fillsun\",\"isPartOf\":{\"@id\":\"https:\/\/www.energia-solar.com.ar\/#website\"},\"primaryImageOfPage\":{\"@id\":\"https:\/\/www.energia-solar.com.ar\/?product=anodo-de-magnesio#primaryimage\"},\"datePublished\":\"2024-09-23T18:00:45+00:00\",\"dateModified\":\"2026-02-12T14:27:24+00:00\",\"description\":\"\\u00c1nodo de magnesio para proteger tu termotanque solar de la corrosi\\u00f3n y prolongar su vida \\u00fatil. Compatible con sistemas solares de distintas capacidades.\",\"breadcrumb\":{\"@id\":\"https:\/\/www.energia-solar.com.ar\/?product=anodo-de-magnesio#breadcrumb\"},\"inLanguage\":\"es-AR\",\"potentialAction\":[{\"@type\":\"ReadAction\",\"target\":[\"https:\/\/www.energia-solar.com.ar\/?product=anodo-de-magnesio\"]}]},{\"@type\":\"BreadcrumbList\",\"@id\":\"https:\/\/www.energia-solar.com.ar\/?product=anodo-de-magnesio#breadcrumb\",\"itemListElement\":[{\"@type\":\"ListItem\",\"position\":1,\"item\":{\"@type\":\"WebPage\",\"@id\":\"https:\/\/www.energia-solar.com.ar\/\",\"url\":\"https:\/\/www.energia-solar.com.ar\/\",\"name\":\"Inicio\"}},{\"@type\":\"ListItem\",\"position\":2,\"item\":{\"@type\":\"WebPage\",\"@id\":\"https:\/\/www.energia-solar.com.ar\/?page_id=3222\",\"url\":\"https:\/\/www.energia-solar.com.ar\/?page_id=3222\",\"name\":\"Tienda\"}},{\"@type\":\"ListItem\",\"position\":3,\"item\":{\"@id\":\"https:\/\/www.energia-solar.com.ar\/?product=anodo-de-magnesio#webpage\"}}]}]}<\/script>\n<!-- \/ Yoast SEO plugin. -->","_links":{"self":[{"href":"https:\/\/www.energia-solar.com.ar\/index.php?rest_route=\/wp\/v2\/product\/4591"}],"collection":[{"href":"https:\/\/www.energia-solar.com.ar\/index.php?rest_route=\/wp\/v2\/product"}],"about":[{"href":"https:\/\/www.energia-solar.com.ar\/index.php?rest_route=\/wp\/v2\/types\/product"}],"wp:featuredmedia":[{"embeddable":true,"href":"https:\/\/www.energia-solar.com.ar\/index.php?rest_route=\/wp\/v2\/media\/5190"}],"wp:attachment":[{"href":"https:\/\/www.energia-solar.com.ar\/index.php?rest_route=%2Fwp%2Fv2%2Fmedia&parent=4591"}],"curies":[{"name":"wp","href":"https:\/\/api.w.org\/{rel}","templated":true}]}}