{"id":4671,"date":"2024-09-23T12:00:22","date_gmt":"2024-09-23T15:00:22","guid":{"rendered":"http:\/\/energia-solar.com.ar\/?post_type=product&#038;p=4671"},"modified":"2026-02-12T11:15:23","modified_gmt":"2026-02-12T14:15:23","slug":"termotanque-solar-250-litros","status":"publish","type":"product","link":"https:\/\/www.energia-solar.com.ar\/?product=termotanque-solar-250-litros","title":{"rendered":"TS-AT250L \u2013 Termotanque Solar Termosif\u00f3nico de 250 lts"},"content":{"rendered":"<p><span style=\"font-family: 'trebuchet ms', geneva;color: #333333\">AH\u00d3RRA HASTA UN 80% ANUAL EN TU CONSUMO DE GAS Y ELECTRICIDAD<\/span><\/p>\n<p><span style=\"font-family: 'trebuchet ms', geneva;color: #333333\">Los termotanques solares FILLSUN est\u00e1n fabricados bajo altos est\u00e1ndares de calidad y las m\u00e1s exigentes normas internacionales. (ISO 9001:2008 \u2013 HL-High effciency \u201cA\u201d \u2013 Solar CEN Keymark EN12975-1\/2:2006 + A1:2010) Los materiales de fabricaci\u00f3n de termotanques FILLSUN son de primera calidad aseguran su durabilidad y eficiencia en cada producto, datos relevantes.<\/span><\/p>\n<p><span style=\"font-family: 'trebuchet ms', geneva;color: #333333\">&#8211; Tanques interno:<\/span><br \/>\n<span style=\"font-family: 'trebuchet ms', geneva;color: #333333\">Acero inoxidable SUS304-2B 0.5 mm de<\/span><br \/>\n<span style=\"font-family: 'trebuchet ms', geneva;color: #333333\">espesor (otras marcas 0.3 mm)<\/span><\/p>\n<p><span style=\"font-family: 'trebuchet ms', geneva;color: #333333\">&#8211; Aislamiento t\u00e9rmico:<\/span><br \/>\n<span style=\"font-family: 'trebuchet ms', geneva;color: #333333\">Espuma de 55 mm de espesor con una<\/span><br \/>\n<span style=\"font-family: 'trebuchet ms', geneva;color: #333333\">densidad de 42 Kg\/m\u00b3 (otras marcas 35 Kg\/m\u00b3)<\/span><\/p>\n<p><span style=\"font-family: 'trebuchet ms', geneva;color: #333333\">&#8211; Estructura soporte:<\/span><br \/>\n<span style=\"font-family: 'trebuchet ms', geneva;color: #333333\">De acero con perfiler\u00eda de 100 mm y un<\/span><br \/>\n<span style=\"font-family: 'trebuchet ms', geneva;color: #333333\">espesor de 1.2 mm. (otras marcas 80 mm)<\/span><\/p>\n<p><span style=\"font-family: 'trebuchet ms', geneva;color: #333333\">&#8211; Tubos captadores de energ\u00eda:<\/span><br \/>\n<span style=\"font-family: 'trebuchet ms', geneva;color: #333333\">De borosilicato de triple carga al Vac\u00edo<\/span><br \/>\n<span style=\"font-family: 'trebuchet ms', geneva;color: #333333\">\u00d858 x 1800 mm (resistencia al granizo 30 mm)<\/span><\/p>\n<p><span style=\"font-family: 'trebuchet ms', geneva;color: #333333\">&#8211; Conexiones:<\/span><br \/>\n<span style=\"font-family: 'trebuchet ms', geneva;color: #333333\">Niples hembra de acero inoxidable fijados<\/span><br \/>\n<span style=\"font-family: 'trebuchet ms', geneva;color: #333333\">al tanque con soldadura de Arg\u00f3n para<\/span><br \/>\n<span style=\"font-family: 'trebuchet ms', geneva;color: #333333\">asegurar una correcta conexi\u00f3n sin roturas.<\/span><\/p>\n<p><span style=\"font-family: 'trebuchet ms', geneva;color: #333333\">\u00bfQUE INCLUYE TU COMPRA?<\/span><br \/>\n<span style=\"font-family: 'trebuchet ms', geneva;color: #333333\">&#8211; Termotanque solar de alta eficiencia FILLSUN.<\/span><br \/>\n<span style=\"font-family: 'trebuchet ms', geneva;color: #333333\">&#8211; \u00c1nodo de magnesio antisarro y antioxidante.<\/span><br \/>\n<span style=\"font-family: 'trebuchet ms', geneva;color: #333333\">&#8211; Manual de instalaci\u00f3n.<\/span><\/p>\n<p><span style=\"font-family: 'trebuchet ms', geneva;color: #333333\">OPCIONALES (no incluido, no indispensables, var\u00eda seg\u00fan cada inst.)<\/span><br \/>\n<span style=\"font-family: 'trebuchet ms', geneva;color: #333333\">-Controlador digital SR501 con sensor y electrov\u00e1lvula.<\/span><br \/>\n<span style=\"font-family: 'trebuchet ms', geneva;color: #333333\">-Resistencia el\u00e9ctrica con termostato 1.5 Kw\/2.5Kw 220v.<\/span><br \/>\n<span style=\"font-family: 'trebuchet ms', geneva;color: #333333\">-V\u00e1lvula mezcladora termost\u00e1tica \u00be\u201d.<\/span><br \/>\n<span style=\"font-family: 'trebuchet ms', geneva;color: #333333\">-V\u00e1lvula check \u00be\u201d. (antirretorno)<\/span><\/p>\n<p><span style=\"font-family: 'trebuchet ms', geneva;color: #333333\">\u00bfCOMO VIENE PRESENTADO EL TERMOTANQUE?<\/span><br \/>\n<span style=\"font-family: 'trebuchet ms', geneva;color: #333333\">&#8211; 1 caja para el tanque acumulador FILLSUN<\/span><br \/>\n<span style=\"font-family: 'trebuchet ms', geneva;color: #333333\">&#8211; 1 caja con 10 tubos de vac\u00edo de triple carga.<\/span><br \/>\n<span style=\"font-family: 'trebuchet ms', geneva;color: #333333\">-1 caja con 15 tubos de vaci\u00f3 de triple carga<\/span><br \/>\n<span style=\"font-family: 'trebuchet ms', geneva;color: #333333\">&#8211; 1 caja con estructura soporte.<\/span><\/p>\n<p><span style=\"font-family: 'trebuchet ms', geneva;color: #333333\">FUNCIONAMIENTO:<\/span><br \/>\n<span style=\"font-family: 'trebuchet ms', geneva;color: #333333\">\u00bfC\u00f3mo calienta el agua?<\/span><br \/>\n<span style=\"font-family: 'trebuchet ms', geneva;color: #333333\">B\u00e1sicamente por el efecto invernadero. Los tubos colectores de vac\u00edo, aprovechan este fen\u00f3meno f\u00edsico utilizando tecnolog\u00eda de \u00faltima generaci\u00f3n que posibilita captar m\u00e1s del 90% de la radiaci\u00f3n incidente y transformarla en calor que se transmite hacia el agua alojada en el interior del tubo.<\/span><br \/>\n<span style=\"font-family: 'trebuchet ms', geneva;color: #333333\">\u00bfC\u00f3mo se acumula el agua en el tanque?<\/span><br \/>\n<span style=\"font-family: 'trebuchet ms', geneva;color: #333333\">El agua al calentarse dentro del tubo pierde densidad y se desplaza hacia la parte superior del tanque (fen\u00f3meno conocido como termosif\u00f3n). Simult\u00e1neamente los sectores con agua a menor temperatura se desplazan a la parte m\u00e1s inferior de los tubos. Este desplazamiento genera un proceso de recirculaci\u00f3n natural llamado convecci\u00f3n se produce durante todo el tiempo que haya radiaci\u00f3n solar.<\/span><\/p>\n<p><span style=\"font-family: 'trebuchet ms', geneva;color: #333333\">CARACTERISTICAS:<\/span><br \/>\n<span style=\"font-family: 'trebuchet ms', geneva;color: #333333\">-Puede montarse sobre techo plano o inclinado.<\/span><br \/>\n<span style=\"font-family: 'trebuchet ms', geneva;color: #333333\">-Mantiene el agua caliente hasta 72 horas.<\/span><br \/>\n<span style=\"font-family: 'trebuchet ms', geneva;color: #333333\">-No lo afecta el agua dura.<\/span><br \/>\n<span style=\"font-family: 'trebuchet ms', geneva;color: #333333\">-Alta resistencia al granizo y vientos fuertes.<\/span><br \/>\n<span style=\"font-family: 'trebuchet ms', geneva;color: #333333\">-No posee elementos mec\u00e1nicos sujetos a desgaste.<\/span><br \/>\n<span style=\"font-family: 'trebuchet ms', geneva;color: #333333\">-Vida \u00fatil: 20 a\u00f1os, con 2 a\u00f1os de garant\u00eda.<\/span><br \/>\n<span style=\"font-family: 'trebuchet ms', geneva;color: #333333\">-Incluye \u00e1nodo antisarro y anticorrosi\u00f3n.<\/span><br \/>\n<span style=\"font-family: 'trebuchet ms', geneva;color: #333333\">-Intercambio directo de calor, gracias al tubo colector de alta eficiencia.<\/span><br \/>\n<span style=\"font-family: 'trebuchet ms', geneva;color: #333333\">-Dise\u00f1o modular, permite instalar varios equipos en serie o en paralelo.<\/span><br \/>\n<span style=\"font-family: 'trebuchet ms', geneva;color: #333333\">-Alcanza temperaturas de hasta 70\u00baC en invierno y hasta de 90\u00ba en verano.<\/span><\/p>\n<p><span style=\"font-family: 'trebuchet ms', geneva;color: #333333\">CARACTERISTICAS TECNICAS:<\/span><br \/>\n<span style=\"font-family: 'trebuchet ms', geneva;color: #333333\">Peso del equipo vac\u00edo: 90 kg<\/span><br \/>\n<span style=\"font-family: 'trebuchet ms', geneva;color: #333333\">Cantidad de usuarios: Hasta 5<\/span><br \/>\n<span style=\"font-family: 'trebuchet ms', geneva;color: #333333\">Cantidad de tubos colectores: 25<\/span><br \/>\n<span style=\"font-family: 'trebuchet ms', geneva;color: #333333\">\u00c1rea efectiva de captaci\u00f3n: 2,26 m2<\/span><br \/>\n<span style=\"font-family: 'trebuchet ms', geneva;color: #333333\">Tubos colectores dimensiones: 58&#215;1800 mm<\/span><br \/>\n<span style=\"font-family: 'trebuchet ms', geneva;color: #333333\">Di\u00e1metro exterior del acumulador: 460 mm<\/span><br \/>\n<span style=\"font-family: 'trebuchet ms', geneva;color: #333333\">Aislamiento alta densidad: 55 mm 42 Kg\/m\u00b3.<\/span><br \/>\n<span style=\"font-family: 'trebuchet ms', geneva;color: #333333\">Entradas y salidas de agua: \u00be\u201d<\/span><br \/>\n<span style=\"font-family: 'trebuchet ms', geneva;color: #333333\">Tanque interior de acero inoxidable: 0.5mm Kg\/m\u00b3<\/span><br \/>\n<span style=\"font-family: 'trebuchet ms', geneva;color: #333333\">Eficiencia: 70%<\/span><br \/>\n<span style=\"font-family: 'trebuchet ms', geneva;color: #333333\">Presi\u00f3n m\u00e1xima admisible: 0.6 BAR<\/span><br \/>\n<span style=\"font-family: 'trebuchet ms', geneva;color: #333333\">Medidas (frente x fondo x alto) Cm.: 122 x 180 x 155<\/span><br \/>\n<span style=\"font-family: 'trebuchet ms', geneva;color: #333333\">Garant\u00eda: 2 a\u00f1os<\/span><\/p>\n<p>&nbsp;<\/p>\n<p>[vc_row][vc_column][vc_masonry_media_grid grid_id=&#8221;vc_gid:1597438075339-3a5facb8-317f-5&#8243; include=&#8221;4673,4674,4675&#8243;][\/vc_column][\/vc_row]<\/p>\n<p>&nbsp;<\/p>\n","protected":false},"excerpt":{"rendered":"&nbsp;\r\n\r\n&nbsp;","protected":false},"featured_media":4672,"template":"","meta":[],"yoast_head":"<!-- This site is optimized with the Yoast SEO plugin v16.2 - https:\/\/yoast.com\/wordpress\/plugins\/seo\/ -->\n<title>TS-AT250L \u2013 Termotanque Solar Termosif\u00f3nico de 250 lts | Energ\u00eda solar en Argentina- Fillsun<\/title>\n<meta name=\"description\" content=\"Termotanque solar de 250 litros para hogares grandes. Ahorra hasta un 80% en el consumo de energ\u00eda usando la luz solar.\" \/>\n<meta name=\"robots\" content=\"index, follow, max-snippet:-1, max-image-preview:large, max-video-preview:-1\" \/>\n<link rel=\"canonical\" href=\"https:\/\/www.energia-solar.com.ar\/?product=termotanque-solar-250-litros\" \/>\n<meta property=\"og:locale\" content=\"es_ES\" \/>\n<meta property=\"og:type\" content=\"article\" \/>\n<meta property=\"og:title\" content=\"TS-AT250L \u2013 Termotanque Solar Termosif\u00f3nico de 250 lts | Energ\u00eda solar en Argentina- Fillsun\" \/>\n<meta property=\"og:description\" content=\"Termotanque solar de 250 litros para hogares grandes. Ahorra hasta un 80% en el consumo de energ\u00eda usando la luz solar.\" \/>\n<meta property=\"og:url\" content=\"https:\/\/www.energia-solar.com.ar\/?product=termotanque-solar-250-litros\" \/>\n<meta property=\"og:site_name\" content=\"Energ\u00eda solar en Argentina- Fillsun\" \/>\n<meta property=\"article:publisher\" content=\"https:\/\/www.facebook.com\/fillsun.renovables\/\" \/>\n<meta property=\"article:modified_time\" content=\"2026-02-12T14:15:23+00:00\" \/>\n<meta property=\"og:image\" content=\"https:\/\/www.energia-solar.com.ar\/wp-content\/uploads\/2020\/08\/Caratula-Termosifon-FILLSUN-250-LTS.jpg\" \/>\n\t<meta property=\"og:image:width\" content=\"560\" \/>\n\t<meta property=\"og:image:height\" content=\"600\" \/>\n<meta name=\"twitter:card\" content=\"summary_large_image\" \/>\n<meta name=\"twitter:label1\" content=\"Tiempo de lectura\">\n\t<meta name=\"twitter:data1\" content=\"3 minutos\">\n<script type=\"application\/ld+json\" class=\"yoast-schema-graph\">{\"@context\":\"https:\/\/schema.org\",\"@graph\":[{\"@type\":\"Organization\",\"@id\":\"https:\/\/www.energia-solar.com.ar\/#organization\",\"name\":\"Energ\\u00eda Solar en Argentina\",\"url\":\"https:\/\/www.energia-solar.com.ar\/\",\"sameAs\":[\"https:\/\/www.facebook.com\/fillsun.renovables\/\",\"https:\/\/www.instagram.com\/fillsunenergia\/\"],\"logo\":{\"@type\":\"ImageObject\",\"@id\":\"https:\/\/www.energia-solar.com.ar\/#logo\",\"inLanguage\":\"es-AR\",\"url\":\"https:\/\/www.energia-solar.com.ar\/wp-content\/uploads\/2020\/08\/IMG_20170713_105745.jpg\",\"contentUrl\":\"https:\/\/www.energia-solar.com.ar\/wp-content\/uploads\/2020\/08\/IMG_20170713_105745.jpg\",\"width\":1228,\"height\":921,\"caption\":\"Energ\\u00eda Solar en Argentina\"},\"image\":{\"@id\":\"https:\/\/www.energia-solar.com.ar\/#logo\"}},{\"@type\":\"WebSite\",\"@id\":\"https:\/\/www.energia-solar.com.ar\/#website\",\"url\":\"https:\/\/www.energia-solar.com.ar\/\",\"name\":\"Energ\\u00eda solar en Argentina- Fillsun\",\"description\":\"Paneles fotovoltaicos, termo tanques solares, colectores solares, te asesoramos para el uso de la energ\\u00eda solar\",\"publisher\":{\"@id\":\"https:\/\/www.energia-solar.com.ar\/#organization\"},\"potentialAction\":[{\"@type\":\"SearchAction\",\"target\":\"https:\/\/www.energia-solar.com.ar\/?s={search_term_string}\",\"query-input\":\"required name=search_term_string\"}],\"inLanguage\":\"es-AR\"},{\"@type\":\"ImageObject\",\"@id\":\"https:\/\/www.energia-solar.com.ar\/?product=termotanque-solar-250-litros#primaryimage\",\"inLanguage\":\"es-AR\",\"url\":\"https:\/\/www.energia-solar.com.ar\/wp-content\/uploads\/2020\/08\/Caratula-Termosifon-FILLSUN-250-LTS.jpg\",\"contentUrl\":\"https:\/\/www.energia-solar.com.ar\/wp-content\/uploads\/2020\/08\/Caratula-Termosifon-FILLSUN-250-LTS.jpg\",\"width\":560,\"height\":600},{\"@type\":\"WebPage\",\"@id\":\"https:\/\/www.energia-solar.com.ar\/?product=termotanque-solar-250-litros#webpage\",\"url\":\"https:\/\/www.energia-solar.com.ar\/?product=termotanque-solar-250-litros\",\"name\":\"TS-AT250L \\u2013 Termotanque Solar Termosif\\u00f3nico de 250 lts | Energ\\u00eda solar en Argentina- Fillsun\",\"isPartOf\":{\"@id\":\"https:\/\/www.energia-solar.com.ar\/#website\"},\"primaryImageOfPage\":{\"@id\":\"https:\/\/www.energia-solar.com.ar\/?product=termotanque-solar-250-litros#primaryimage\"},\"datePublished\":\"2024-09-23T15:00:22+00:00\",\"dateModified\":\"2026-02-12T14:15:23+00:00\",\"description\":\"Termotanque solar de 250 litros para hogares grandes. Ahorra hasta un 80% en el consumo de energ\\u00eda usando la luz solar.\",\"breadcrumb\":{\"@id\":\"https:\/\/www.energia-solar.com.ar\/?product=termotanque-solar-250-litros#breadcrumb\"},\"inLanguage\":\"es-AR\",\"potentialAction\":[{\"@type\":\"ReadAction\",\"target\":[\"https:\/\/www.energia-solar.com.ar\/?product=termotanque-solar-250-litros\"]}]},{\"@type\":\"BreadcrumbList\",\"@id\":\"https:\/\/www.energia-solar.com.ar\/?product=termotanque-solar-250-litros#breadcrumb\",\"itemListElement\":[{\"@type\":\"ListItem\",\"position\":1,\"item\":{\"@type\":\"WebPage\",\"@id\":\"https:\/\/www.energia-solar.com.ar\/\",\"url\":\"https:\/\/www.energia-solar.com.ar\/\",\"name\":\"Inicio\"}},{\"@type\":\"ListItem\",\"position\":2,\"item\":{\"@type\":\"WebPage\",\"@id\":\"https:\/\/www.energia-solar.com.ar\/?page_id=3222\",\"url\":\"https:\/\/www.energia-solar.com.ar\/?page_id=3222\",\"name\":\"Tienda\"}},{\"@type\":\"ListItem\",\"position\":3,\"item\":{\"@id\":\"https:\/\/www.energia-solar.com.ar\/?product=termotanque-solar-250-litros#webpage\"}}]}]}<\/script>\n<!-- \/ Yoast SEO plugin. -->","_links":{"self":[{"href":"https:\/\/www.energia-solar.com.ar\/index.php?rest_route=\/wp\/v2\/product\/4671"}],"collection":[{"href":"https:\/\/www.energia-solar.com.ar\/index.php?rest_route=\/wp\/v2\/product"}],"about":[{"href":"https:\/\/www.energia-solar.com.ar\/index.php?rest_route=\/wp\/v2\/types\/product"}],"wp:featuredmedia":[{"embeddable":true,"href":"https:\/\/www.energia-solar.com.ar\/index.php?rest_route=\/wp\/v2\/media\/4672"}],"wp:attachment":[{"href":"https:\/\/www.energia-solar.com.ar\/index.php?rest_route=%2Fwp%2Fv2%2Fmedia&parent=4671"}],"curies":[{"name":"wp","href":"https:\/\/api.w.org\/{rel}","templated":true}]}}