{"id":5335,"date":"2024-10-28T12:18:09","date_gmt":"2024-10-28T15:18:09","guid":{"rendered":"https:\/\/www.energia-solar.com.ar\/?post_type=product&#038;p=5335"},"modified":"2025-09-17T10:39:58","modified_gmt":"2025-09-17T13:39:58","slug":"kit-fotovoltaico-on-grid-inversor-1500w-4-paneles-285w","status":"publish","type":"product","link":"https:\/\/www.energia-solar.com.ar\/?product=kit-fotovoltaico-on-grid-inversor-1500w-4-paneles-285w","title":{"rendered":"Kit Fotovoltaico On grid &#8211; Inversor 1500W 220v + 4 paneles solares 285W"},"content":{"rendered":"<p>Kit Fotovoltaico On grid<br \/>\nContiene un Inversor 1500W 220v + 4x Panel Solar Policristalino 285W 60 celdas<\/p>\n<p>Cuenta con una generaci\u00f3n diaria de 5KW\/d\u00eda (Esta generaci\u00f3n es estimativa, puede variar dependiendo del tiempo y espacio).<\/p>\n<p>No incluye protectores de energ\u00eda, limitadores, conectores, etc.<\/p>\n","protected":false},"excerpt":{"rendered":"Kit Fotovoltaico On grid Contiene un Inversor 1500W 220v + 4x Panel Solar Policristalino 285W 60 celdas Cuenta con una generaci\u00f3n diaria de 5KW\/d\u00eda (Esta generaci\u00f3n es estimativa, puede variar dependiendo del tiempo y espacio). No incluye protectores de energ\u00eda, limitadores, conectores, etc.","protected":false},"featured_media":5277,"template":"","meta":[],"yoast_head":"<!-- This site is optimized with the Yoast SEO plugin v16.2 - https:\/\/yoast.com\/wordpress\/plugins\/seo\/ -->\n<title>Kit Fotovoltaico On grid - Inversor 1500W 220v + 4 paneles solares 285W | Energ\u00eda solar en Argentina- Fillsun<\/title>\n<meta name=\"description\" content=\"Kit on-grid con inversor de 1500W y 4 paneles de 285W. Aprovecha la energ\u00eda solar y reduce el costo de la electricidad.\" \/>\n<meta name=\"robots\" content=\"index, follow, max-snippet:-1, max-image-preview:large, max-video-preview:-1\" \/>\n<link rel=\"canonical\" href=\"https:\/\/www.energia-solar.com.ar\/?product=kit-fotovoltaico-on-grid-inversor-1500w-4-paneles-285w\" \/>\n<meta property=\"og:locale\" content=\"es_ES\" \/>\n<meta property=\"og:type\" content=\"article\" \/>\n<meta property=\"og:title\" content=\"Kit Fotovoltaico On grid - Inversor 1500W 220v + 4 paneles solares 285W | Energ\u00eda solar en Argentina- Fillsun\" \/>\n<meta property=\"og:description\" content=\"Kit on-grid con inversor de 1500W y 4 paneles de 285W. Aprovecha la energ\u00eda solar y reduce el costo de la electricidad.\" \/>\n<meta property=\"og:url\" content=\"https:\/\/www.energia-solar.com.ar\/?product=kit-fotovoltaico-on-grid-inversor-1500w-4-paneles-285w\" \/>\n<meta property=\"og:site_name\" content=\"Energ\u00eda solar en Argentina- Fillsun\" \/>\n<meta property=\"article:publisher\" content=\"https:\/\/www.facebook.com\/fillsun.renovables\/\" \/>\n<meta property=\"article:modified_time\" content=\"2025-09-17T13:39:58+00:00\" \/>\n<meta property=\"og:image\" content=\"https:\/\/www.energia-solar.com.ar\/wp-content\/uploads\/2024\/09\/285w0.png\" \/>\n\t<meta property=\"og:image:width\" content=\"572\" \/>\n\t<meta property=\"og:image:height\" content=\"907\" \/>\n<meta name=\"twitter:card\" content=\"summary_large_image\" \/>\n<meta name=\"twitter:label1\" content=\"Tiempo de lectura\">\n\t<meta name=\"twitter:data1\" content=\"1 minuto\">\n<script type=\"application\/ld+json\" class=\"yoast-schema-graph\">{\"@context\":\"https:\/\/schema.org\",\"@graph\":[{\"@type\":\"Organization\",\"@id\":\"https:\/\/www.energia-solar.com.ar\/#organization\",\"name\":\"Energ\\u00eda Solar en Argentina\",\"url\":\"https:\/\/www.energia-solar.com.ar\/\",\"sameAs\":[\"https:\/\/www.facebook.com\/fillsun.renovables\/\",\"https:\/\/www.instagram.com\/fillsunenergia\/\"],\"logo\":{\"@type\":\"ImageObject\",\"@id\":\"https:\/\/www.energia-solar.com.ar\/#logo\",\"inLanguage\":\"es-AR\",\"url\":\"https:\/\/www.energia-solar.com.ar\/wp-content\/uploads\/2020\/08\/IMG_20170713_105745.jpg\",\"contentUrl\":\"https:\/\/www.energia-solar.com.ar\/wp-content\/uploads\/2020\/08\/IMG_20170713_105745.jpg\",\"width\":1228,\"height\":921,\"caption\":\"Energ\\u00eda Solar en Argentina\"},\"image\":{\"@id\":\"https:\/\/www.energia-solar.com.ar\/#logo\"}},{\"@type\":\"WebSite\",\"@id\":\"https:\/\/www.energia-solar.com.ar\/#website\",\"url\":\"https:\/\/www.energia-solar.com.ar\/\",\"name\":\"Energ\\u00eda solar en Argentina- Fillsun\",\"description\":\"Paneles fotovoltaicos, termo tanques solares, colectores solares, te asesoramos para el uso de la energ\\u00eda solar\",\"publisher\":{\"@id\":\"https:\/\/www.energia-solar.com.ar\/#organization\"},\"potentialAction\":[{\"@type\":\"SearchAction\",\"target\":\"https:\/\/www.energia-solar.com.ar\/?s={search_term_string}\",\"query-input\":\"required name=search_term_string\"}],\"inLanguage\":\"es-AR\"},{\"@type\":\"ImageObject\",\"@id\":\"https:\/\/www.energia-solar.com.ar\/?product=kit-fotovoltaico-on-grid-inversor-1500w-4-paneles-285w#primaryimage\",\"inLanguage\":\"es-AR\",\"url\":\"https:\/\/www.energia-solar.com.ar\/wp-content\/uploads\/2024\/09\/285w0.png\",\"contentUrl\":\"https:\/\/www.energia-solar.com.ar\/wp-content\/uploads\/2024\/09\/285w0.png\",\"width\":572,\"height\":907},{\"@type\":\"WebPage\",\"@id\":\"https:\/\/www.energia-solar.com.ar\/?product=kit-fotovoltaico-on-grid-inversor-1500w-4-paneles-285w#webpage\",\"url\":\"https:\/\/www.energia-solar.com.ar\/?product=kit-fotovoltaico-on-grid-inversor-1500w-4-paneles-285w\",\"name\":\"Kit Fotovoltaico On grid - Inversor 1500W 220v + 4 paneles solares 285W | Energ\\u00eda solar en Argentina- Fillsun\",\"isPartOf\":{\"@id\":\"https:\/\/www.energia-solar.com.ar\/#website\"},\"primaryImageOfPage\":{\"@id\":\"https:\/\/www.energia-solar.com.ar\/?product=kit-fotovoltaico-on-grid-inversor-1500w-4-paneles-285w#primaryimage\"},\"datePublished\":\"2024-10-28T15:18:09+00:00\",\"dateModified\":\"2025-09-17T13:39:58+00:00\",\"description\":\"Kit on-grid con inversor de 1500W y 4 paneles de 285W. Aprovecha la energ\\u00eda solar y reduce el costo de la electricidad.\",\"breadcrumb\":{\"@id\":\"https:\/\/www.energia-solar.com.ar\/?product=kit-fotovoltaico-on-grid-inversor-1500w-4-paneles-285w#breadcrumb\"},\"inLanguage\":\"es-AR\",\"potentialAction\":[{\"@type\":\"ReadAction\",\"target\":[\"https:\/\/www.energia-solar.com.ar\/?product=kit-fotovoltaico-on-grid-inversor-1500w-4-paneles-285w\"]}]},{\"@type\":\"BreadcrumbList\",\"@id\":\"https:\/\/www.energia-solar.com.ar\/?product=kit-fotovoltaico-on-grid-inversor-1500w-4-paneles-285w#breadcrumb\",\"itemListElement\":[{\"@type\":\"ListItem\",\"position\":1,\"item\":{\"@type\":\"WebPage\",\"@id\":\"https:\/\/www.energia-solar.com.ar\/\",\"url\":\"https:\/\/www.energia-solar.com.ar\/\",\"name\":\"Inicio\"}},{\"@type\":\"ListItem\",\"position\":2,\"item\":{\"@type\":\"WebPage\",\"@id\":\"https:\/\/www.energia-solar.com.ar\/?page_id=3222\",\"url\":\"https:\/\/www.energia-solar.com.ar\/?page_id=3222\",\"name\":\"Tienda\"}},{\"@type\":\"ListItem\",\"position\":3,\"item\":{\"@id\":\"https:\/\/www.energia-solar.com.ar\/?product=kit-fotovoltaico-on-grid-inversor-1500w-4-paneles-285w#webpage\"}}]}]}<\/script>\n<!-- \/ Yoast SEO plugin. -->","_links":{"self":[{"href":"https:\/\/www.energia-solar.com.ar\/index.php?rest_route=\/wp\/v2\/product\/5335"}],"collection":[{"href":"https:\/\/www.energia-solar.com.ar\/index.php?rest_route=\/wp\/v2\/product"}],"about":[{"href":"https:\/\/www.energia-solar.com.ar\/index.php?rest_route=\/wp\/v2\/types\/product"}],"wp:featuredmedia":[{"embeddable":true,"href":"https:\/\/www.energia-solar.com.ar\/index.php?rest_route=\/wp\/v2\/media\/5277"}],"wp:attachment":[{"href":"https:\/\/www.energia-solar.com.ar\/index.php?rest_route=%2Fwp%2Fv2%2Fmedia&parent=5335"}],"curies":[{"name":"wp","href":"https:\/\/api.w.org\/{rel}","templated":true}]}}