{"id":5337,"date":"2024-10-28T12:35:48","date_gmt":"2024-10-28T15:35:48","guid":{"rendered":"https:\/\/www.energia-solar.com.ar\/?post_type=product&#038;p=5337"},"modified":"2025-09-17T10:39:56","modified_gmt":"2025-09-17T13:39:56","slug":"kit-fotovoltaico-on-grid-inversor-2500w-5-paneles-445w","status":"publish","type":"product","link":"https:\/\/www.energia-solar.com.ar\/?product=kit-fotovoltaico-on-grid-inversor-2500w-5-paneles-445w","title":{"rendered":"Kit Fotovoltaico On grid &#8211; Inversor 2500W 220v + 5 paneles solares 445W"},"content":{"rendered":"<p>Kit Fotovoltaico On grid<br \/>\nContiene un Inversor 2500W 220v + 5x Panel Solar Monocristalino 445W 144 celdas<\/p>\n<p>Cuenta con una generaci\u00f3n diaria de 10KW\/d\u00eda (Esta generaci\u00f3n es estimativa, puede variar dependiendo del tiempo y espacio).<\/p>\n<p>No incluye protectores de energ\u00eda, limitadores, conectores, etc.<\/p>\n","protected":false},"excerpt":{"rendered":"Kit Fotovoltaico On grid Contiene un Inversor 2500W 220v + 5x Panel Solar Monocristalino 445W 144 celdas Cuenta con una generaci\u00f3n diaria de 10KW\/d\u00eda (Esta generaci\u00f3n es estimativa, puede variar dependiendo del tiempo y espacio). No incluye protectores de energ\u00eda, limitadores, conectores, etc.","protected":false},"featured_media":5286,"template":"","meta":[],"yoast_head":"<!-- This site is optimized with the Yoast SEO plugin v16.2 - https:\/\/yoast.com\/wordpress\/plugins\/seo\/ -->\n<title>Kit Fotovoltaico On grid - Inversor 2500W 220v + 5 paneles solares 445W | Energ\u00eda solar en Argentina- Fillsun<\/title>\n<meta name=\"description\" content=\"Kit on-grid con inversor de 2500W y 5 paneles de 445W para una energ\u00eda solar efectiva en el hogar o peque\u00f1as empresas.\" \/>\n<meta name=\"robots\" content=\"index, follow, max-snippet:-1, max-image-preview:large, max-video-preview:-1\" \/>\n<link rel=\"canonical\" href=\"https:\/\/www.energia-solar.com.ar\/?product=kit-fotovoltaico-on-grid-inversor-2500w-5-paneles-445w\" \/>\n<meta property=\"og:locale\" content=\"es_ES\" \/>\n<meta property=\"og:type\" content=\"article\" \/>\n<meta property=\"og:title\" content=\"Kit Fotovoltaico On grid - Inversor 2500W 220v + 5 paneles solares 445W | Energ\u00eda solar en Argentina- Fillsun\" \/>\n<meta property=\"og:description\" content=\"Kit on-grid con inversor de 2500W y 5 paneles de 445W para una energ\u00eda solar efectiva en el hogar o peque\u00f1as empresas.\" \/>\n<meta property=\"og:url\" content=\"https:\/\/www.energia-solar.com.ar\/?product=kit-fotovoltaico-on-grid-inversor-2500w-5-paneles-445w\" \/>\n<meta property=\"og:site_name\" content=\"Energ\u00eda solar en Argentina- Fillsun\" \/>\n<meta property=\"article:publisher\" content=\"https:\/\/www.facebook.com\/fillsun.renovables\/\" \/>\n<meta property=\"article:modified_time\" content=\"2025-09-17T13:39:56+00:00\" \/>\n<meta property=\"og:image\" content=\"https:\/\/www.energia-solar.com.ar\/wp-content\/uploads\/2024\/10\/445w0.png\" \/>\n\t<meta property=\"og:image:width\" content=\"475\" \/>\n\t<meta property=\"og:image:height\" content=\"857\" \/>\n<meta name=\"twitter:card\" content=\"summary_large_image\" \/>\n<meta name=\"twitter:label1\" content=\"Tiempo de lectura\">\n\t<meta name=\"twitter:data1\" content=\"1 minuto\">\n<script type=\"application\/ld+json\" class=\"yoast-schema-graph\">{\"@context\":\"https:\/\/schema.org\",\"@graph\":[{\"@type\":\"Organization\",\"@id\":\"https:\/\/www.energia-solar.com.ar\/#organization\",\"name\":\"Energ\\u00eda Solar en Argentina\",\"url\":\"https:\/\/www.energia-solar.com.ar\/\",\"sameAs\":[\"https:\/\/www.facebook.com\/fillsun.renovables\/\",\"https:\/\/www.instagram.com\/fillsunenergia\/\"],\"logo\":{\"@type\":\"ImageObject\",\"@id\":\"https:\/\/www.energia-solar.com.ar\/#logo\",\"inLanguage\":\"es-AR\",\"url\":\"https:\/\/www.energia-solar.com.ar\/wp-content\/uploads\/2020\/08\/IMG_20170713_105745.jpg\",\"contentUrl\":\"https:\/\/www.energia-solar.com.ar\/wp-content\/uploads\/2020\/08\/IMG_20170713_105745.jpg\",\"width\":1228,\"height\":921,\"caption\":\"Energ\\u00eda Solar en Argentina\"},\"image\":{\"@id\":\"https:\/\/www.energia-solar.com.ar\/#logo\"}},{\"@type\":\"WebSite\",\"@id\":\"https:\/\/www.energia-solar.com.ar\/#website\",\"url\":\"https:\/\/www.energia-solar.com.ar\/\",\"name\":\"Energ\\u00eda solar en Argentina- Fillsun\",\"description\":\"Paneles fotovoltaicos, termo tanques solares, colectores solares, te asesoramos para el uso de la energ\\u00eda solar\",\"publisher\":{\"@id\":\"https:\/\/www.energia-solar.com.ar\/#organization\"},\"potentialAction\":[{\"@type\":\"SearchAction\",\"target\":\"https:\/\/www.energia-solar.com.ar\/?s={search_term_string}\",\"query-input\":\"required name=search_term_string\"}],\"inLanguage\":\"es-AR\"},{\"@type\":\"ImageObject\",\"@id\":\"https:\/\/www.energia-solar.com.ar\/?product=kit-fotovoltaico-on-grid-inversor-2500w-5-paneles-445w#primaryimage\",\"inLanguage\":\"es-AR\",\"url\":\"https:\/\/www.energia-solar.com.ar\/wp-content\/uploads\/2024\/10\/445w0.png\",\"contentUrl\":\"https:\/\/www.energia-solar.com.ar\/wp-content\/uploads\/2024\/10\/445w0.png\",\"width\":475,\"height\":857},{\"@type\":\"WebPage\",\"@id\":\"https:\/\/www.energia-solar.com.ar\/?product=kit-fotovoltaico-on-grid-inversor-2500w-5-paneles-445w#webpage\",\"url\":\"https:\/\/www.energia-solar.com.ar\/?product=kit-fotovoltaico-on-grid-inversor-2500w-5-paneles-445w\",\"name\":\"Kit Fotovoltaico On grid - Inversor 2500W 220v + 5 paneles solares 445W | Energ\\u00eda solar en Argentina- Fillsun\",\"isPartOf\":{\"@id\":\"https:\/\/www.energia-solar.com.ar\/#website\"},\"primaryImageOfPage\":{\"@id\":\"https:\/\/www.energia-solar.com.ar\/?product=kit-fotovoltaico-on-grid-inversor-2500w-5-paneles-445w#primaryimage\"},\"datePublished\":\"2024-10-28T15:35:48+00:00\",\"dateModified\":\"2025-09-17T13:39:56+00:00\",\"description\":\"Kit on-grid con inversor de 2500W y 5 paneles de 445W para una energ\\u00eda solar efectiva en el hogar o peque\\u00f1as empresas.\",\"breadcrumb\":{\"@id\":\"https:\/\/www.energia-solar.com.ar\/?product=kit-fotovoltaico-on-grid-inversor-2500w-5-paneles-445w#breadcrumb\"},\"inLanguage\":\"es-AR\",\"potentialAction\":[{\"@type\":\"ReadAction\",\"target\":[\"https:\/\/www.energia-solar.com.ar\/?product=kit-fotovoltaico-on-grid-inversor-2500w-5-paneles-445w\"]}]},{\"@type\":\"BreadcrumbList\",\"@id\":\"https:\/\/www.energia-solar.com.ar\/?product=kit-fotovoltaico-on-grid-inversor-2500w-5-paneles-445w#breadcrumb\",\"itemListElement\":[{\"@type\":\"ListItem\",\"position\":1,\"item\":{\"@type\":\"WebPage\",\"@id\":\"https:\/\/www.energia-solar.com.ar\/\",\"url\":\"https:\/\/www.energia-solar.com.ar\/\",\"name\":\"Inicio\"}},{\"@type\":\"ListItem\",\"position\":2,\"item\":{\"@type\":\"WebPage\",\"@id\":\"https:\/\/www.energia-solar.com.ar\/?page_id=3222\",\"url\":\"https:\/\/www.energia-solar.com.ar\/?page_id=3222\",\"name\":\"Tienda\"}},{\"@type\":\"ListItem\",\"position\":3,\"item\":{\"@id\":\"https:\/\/www.energia-solar.com.ar\/?product=kit-fotovoltaico-on-grid-inversor-2500w-5-paneles-445w#webpage\"}}]}]}<\/script>\n<!-- \/ Yoast SEO plugin. -->","_links":{"self":[{"href":"https:\/\/www.energia-solar.com.ar\/index.php?rest_route=\/wp\/v2\/product\/5337"}],"collection":[{"href":"https:\/\/www.energia-solar.com.ar\/index.php?rest_route=\/wp\/v2\/product"}],"about":[{"href":"https:\/\/www.energia-solar.com.ar\/index.php?rest_route=\/wp\/v2\/types\/product"}],"wp:featuredmedia":[{"embeddable":true,"href":"https:\/\/www.energia-solar.com.ar\/index.php?rest_route=\/wp\/v2\/media\/5286"}],"wp:attachment":[{"href":"https:\/\/www.energia-solar.com.ar\/index.php?rest_route=%2Fwp%2Fv2%2Fmedia&parent=5337"}],"curies":[{"name":"wp","href":"https:\/\/api.w.org\/{rel}","templated":true}]}}