{"id":5352,"date":"2024-10-30T15:16:07","date_gmt":"2024-10-30T18:16:07","guid":{"rendered":"https:\/\/www.energia-solar.com.ar\/?post_type=product&#038;p=5352"},"modified":"2025-09-17T10:39:50","modified_gmt":"2025-09-17T13:39:50","slug":"kit-fotovoltaico-off-grid-plus-inversor-3000w-pwm-2-paneles-445w-2-baterias-12v-100a-gel","status":"publish","type":"product","link":"https:\/\/www.energia-solar.com.ar\/?product=kit-fotovoltaico-off-grid-plus-inversor-3000w-pwm-2-paneles-445w-2-baterias-12v-100a-gel","title":{"rendered":"Kit Fotovoltaico Off grid + &#8211; Inversor 3000W PWM + 2 paneles 445W + 2 bater\u00edas 12V 100A GEL"},"content":{"rendered":"<p>Kit Fotovoltaico Off grid +<br \/>\nContiene un Inversor 3000W PWM + 2x Panel Solar Monocristalino 445W + 2x Bater\u00edas 12V 100A GEL<\/p>\n<p>Cuenta con una generaci\u00f3n diaria de 4KW\/d\u00eda y un almacenamiento por hora de 1,2KW (Estas cifras son estimativas y pueden variar seg\u00fan el clima y ubicaci\u00f3n).<\/p>\n<p>No incluye protectores de energ\u00eda, limitadores, conectores, etc.<\/p>\n<p>&nbsp;<\/p>\n","protected":false},"excerpt":{"rendered":"Kit Fotovoltaico Off grid + Contiene un Inversor 3000W PWM + 2x Panel Solar Monocristalino 445W + 2x Bater\u00edas 12V 100A GEL Cuenta con una generaci\u00f3n diaria de 4KW\/d\u00eda y un almacenamiento por hora de 1,2KW (Estas cifras son estimativas y pueden variar seg\u00fan el clima y ubicaci\u00f3n). No incluye protectores de energ\u00eda, limitadores, conectores,[&#8230;]","protected":false},"featured_media":5286,"template":"","meta":[],"yoast_head":"<!-- This site is optimized with the Yoast SEO plugin v16.2 - https:\/\/yoast.com\/wordpress\/plugins\/seo\/ -->\n<title>Kit Fotovoltaico Off grid + - Inversor 3000W PWM + 2 paneles 445W + 2 bater\u00edas 12V 100A GEL | Energ\u00eda solar en Argentina- Fillsun<\/title>\n<meta name=\"description\" content=\"Kit off-grid con inversor de 3000W PWM, 2 paneles de 445W y bater\u00edas GEL de 12V. Almacena energ\u00eda solar para lugares remotos.\" \/>\n<meta name=\"robots\" content=\"index, follow, max-snippet:-1, max-image-preview:large, max-video-preview:-1\" \/>\n<link rel=\"canonical\" href=\"https:\/\/www.energia-solar.com.ar\/?product=kit-fotovoltaico-off-grid-plus-inversor-3000w-pwm-2-paneles-445w-2-baterias-12v-100a-gel\" \/>\n<meta property=\"og:locale\" content=\"es_ES\" \/>\n<meta property=\"og:type\" content=\"article\" \/>\n<meta property=\"og:title\" content=\"Kit Fotovoltaico Off grid + - Inversor 3000W PWM + 2 paneles 445W + 2 bater\u00edas 12V 100A GEL | Energ\u00eda solar en Argentina- Fillsun\" \/>\n<meta property=\"og:description\" content=\"Kit off-grid con inversor de 3000W PWM, 2 paneles de 445W y bater\u00edas GEL de 12V. Almacena energ\u00eda solar para lugares remotos.\" \/>\n<meta property=\"og:url\" content=\"https:\/\/www.energia-solar.com.ar\/?product=kit-fotovoltaico-off-grid-plus-inversor-3000w-pwm-2-paneles-445w-2-baterias-12v-100a-gel\" \/>\n<meta property=\"og:site_name\" content=\"Energ\u00eda solar en Argentina- Fillsun\" \/>\n<meta property=\"article:publisher\" content=\"https:\/\/www.facebook.com\/fillsun.renovables\/\" \/>\n<meta property=\"article:modified_time\" content=\"2025-09-17T13:39:50+00:00\" \/>\n<meta property=\"og:image\" content=\"https:\/\/www.energia-solar.com.ar\/wp-content\/uploads\/2024\/10\/445w0.png\" \/>\n\t<meta property=\"og:image:width\" content=\"475\" \/>\n\t<meta property=\"og:image:height\" content=\"857\" \/>\n<meta name=\"twitter:card\" content=\"summary_large_image\" \/>\n<meta name=\"twitter:label1\" content=\"Tiempo de lectura\">\n\t<meta name=\"twitter:data1\" content=\"1 minuto\">\n<script type=\"application\/ld+json\" class=\"yoast-schema-graph\">{\"@context\":\"https:\/\/schema.org\",\"@graph\":[{\"@type\":\"Organization\",\"@id\":\"https:\/\/www.energia-solar.com.ar\/#organization\",\"name\":\"Energ\\u00eda Solar en Argentina\",\"url\":\"https:\/\/www.energia-solar.com.ar\/\",\"sameAs\":[\"https:\/\/www.facebook.com\/fillsun.renovables\/\",\"https:\/\/www.instagram.com\/fillsunenergia\/\"],\"logo\":{\"@type\":\"ImageObject\",\"@id\":\"https:\/\/www.energia-solar.com.ar\/#logo\",\"inLanguage\":\"es-AR\",\"url\":\"https:\/\/www.energia-solar.com.ar\/wp-content\/uploads\/2020\/08\/IMG_20170713_105745.jpg\",\"contentUrl\":\"https:\/\/www.energia-solar.com.ar\/wp-content\/uploads\/2020\/08\/IMG_20170713_105745.jpg\",\"width\":1228,\"height\":921,\"caption\":\"Energ\\u00eda Solar en Argentina\"},\"image\":{\"@id\":\"https:\/\/www.energia-solar.com.ar\/#logo\"}},{\"@type\":\"WebSite\",\"@id\":\"https:\/\/www.energia-solar.com.ar\/#website\",\"url\":\"https:\/\/www.energia-solar.com.ar\/\",\"name\":\"Energ\\u00eda solar en Argentina- Fillsun\",\"description\":\"Paneles fotovoltaicos, termo tanques solares, colectores solares, te asesoramos para el uso de la energ\\u00eda solar\",\"publisher\":{\"@id\":\"https:\/\/www.energia-solar.com.ar\/#organization\"},\"potentialAction\":[{\"@type\":\"SearchAction\",\"target\":\"https:\/\/www.energia-solar.com.ar\/?s={search_term_string}\",\"query-input\":\"required name=search_term_string\"}],\"inLanguage\":\"es-AR\"},{\"@type\":\"ImageObject\",\"@id\":\"https:\/\/www.energia-solar.com.ar\/?product=kit-fotovoltaico-off-grid-plus-inversor-3000w-pwm-2-paneles-445w-2-baterias-12v-100a-gel#primaryimage\",\"inLanguage\":\"es-AR\",\"url\":\"https:\/\/www.energia-solar.com.ar\/wp-content\/uploads\/2024\/10\/445w0.png\",\"contentUrl\":\"https:\/\/www.energia-solar.com.ar\/wp-content\/uploads\/2024\/10\/445w0.png\",\"width\":475,\"height\":857},{\"@type\":\"WebPage\",\"@id\":\"https:\/\/www.energia-solar.com.ar\/?product=kit-fotovoltaico-off-grid-plus-inversor-3000w-pwm-2-paneles-445w-2-baterias-12v-100a-gel#webpage\",\"url\":\"https:\/\/www.energia-solar.com.ar\/?product=kit-fotovoltaico-off-grid-plus-inversor-3000w-pwm-2-paneles-445w-2-baterias-12v-100a-gel\",\"name\":\"Kit Fotovoltaico Off grid + - Inversor 3000W PWM + 2 paneles 445W + 2 bater\\u00edas 12V 100A GEL | Energ\\u00eda solar en Argentina- Fillsun\",\"isPartOf\":{\"@id\":\"https:\/\/www.energia-solar.com.ar\/#website\"},\"primaryImageOfPage\":{\"@id\":\"https:\/\/www.energia-solar.com.ar\/?product=kit-fotovoltaico-off-grid-plus-inversor-3000w-pwm-2-paneles-445w-2-baterias-12v-100a-gel#primaryimage\"},\"datePublished\":\"2024-10-30T18:16:07+00:00\",\"dateModified\":\"2025-09-17T13:39:50+00:00\",\"description\":\"Kit off-grid con inversor de 3000W PWM, 2 paneles de 445W y bater\\u00edas GEL de 12V. Almacena energ\\u00eda solar para lugares remotos.\",\"breadcrumb\":{\"@id\":\"https:\/\/www.energia-solar.com.ar\/?product=kit-fotovoltaico-off-grid-plus-inversor-3000w-pwm-2-paneles-445w-2-baterias-12v-100a-gel#breadcrumb\"},\"inLanguage\":\"es-AR\",\"potentialAction\":[{\"@type\":\"ReadAction\",\"target\":[\"https:\/\/www.energia-solar.com.ar\/?product=kit-fotovoltaico-off-grid-plus-inversor-3000w-pwm-2-paneles-445w-2-baterias-12v-100a-gel\"]}]},{\"@type\":\"BreadcrumbList\",\"@id\":\"https:\/\/www.energia-solar.com.ar\/?product=kit-fotovoltaico-off-grid-plus-inversor-3000w-pwm-2-paneles-445w-2-baterias-12v-100a-gel#breadcrumb\",\"itemListElement\":[{\"@type\":\"ListItem\",\"position\":1,\"item\":{\"@type\":\"WebPage\",\"@id\":\"https:\/\/www.energia-solar.com.ar\/\",\"url\":\"https:\/\/www.energia-solar.com.ar\/\",\"name\":\"Inicio\"}},{\"@type\":\"ListItem\",\"position\":2,\"item\":{\"@type\":\"WebPage\",\"@id\":\"https:\/\/www.energia-solar.com.ar\/?page_id=3222\",\"url\":\"https:\/\/www.energia-solar.com.ar\/?page_id=3222\",\"name\":\"Tienda\"}},{\"@type\":\"ListItem\",\"position\":3,\"item\":{\"@id\":\"https:\/\/www.energia-solar.com.ar\/?product=kit-fotovoltaico-off-grid-plus-inversor-3000w-pwm-2-paneles-445w-2-baterias-12v-100a-gel#webpage\"}}]}]}<\/script>\n<!-- \/ Yoast SEO plugin. -->","_links":{"self":[{"href":"https:\/\/www.energia-solar.com.ar\/index.php?rest_route=\/wp\/v2\/product\/5352"}],"collection":[{"href":"https:\/\/www.energia-solar.com.ar\/index.php?rest_route=\/wp\/v2\/product"}],"about":[{"href":"https:\/\/www.energia-solar.com.ar\/index.php?rest_route=\/wp\/v2\/types\/product"}],"wp:featuredmedia":[{"embeddable":true,"href":"https:\/\/www.energia-solar.com.ar\/index.php?rest_route=\/wp\/v2\/media\/5286"}],"wp:attachment":[{"href":"https:\/\/www.energia-solar.com.ar\/index.php?rest_route=%2Fwp%2Fv2%2Fmedia&parent=5352"}],"curies":[{"name":"wp","href":"https:\/\/api.w.org\/{rel}","templated":true}]}}