{"id":5398,"date":"2024-11-25T12:15:58","date_gmt":"2024-11-25T15:15:58","guid":{"rendered":"https:\/\/www.energia-solar.com.ar\/?post_type=product&#038;p=5398"},"modified":"2026-02-12T12:28:43","modified_gmt":"2026-02-12T15:28:43","slug":"colector-solar-heat-pipe-presurizado-de-20-tubos","status":"publish","type":"product","link":"https:\/\/www.energia-solar.com.ar\/?product=colector-solar-heat-pipe-presurizado-de-20-tubos","title":{"rendered":"Colector solar heat pipe presurizado de 20 tubos"},"content":{"rendered":"<p class=\"\" data-start=\"149\" data-end=\"621\">El <strong data-start=\"152\" data-end=\"204\">Colector Solar Heat Pipe Presurizado de 20 tubos<\/strong> es un componente clave en sistemas de calefacci\u00f3n solar de alta eficiencia. Gracias a su tecnolog\u00eda de tubos al vac\u00edo con heat pipe, permite una transferencia t\u00e9rmica r\u00e1pida y efectiva, incluso en d\u00edas nublados o con baja radiaci\u00f3n solar. Este modelo est\u00e1 dise\u00f1ado para integrarse f\u00e1cilmente en instalaciones personalizadas, ya sea en techos inclinados con soporte existente o en estructuras a medida.<\/p>\n<p class=\"\" data-start=\"623\" data-end=\"936\">Con un dise\u00f1o robusto y materiales resistentes a la intemperie, ofrece larga vida \u00fatil y bajo mantenimiento. Es ideal para aplicaciones residenciales o comerciales que buscan reducir el consumo de energ\u00eda convencional, aprovechando al m\u00e1ximo la energ\u00eda solar para calentar agua sanitaria o en sistemas combinados.<\/p>\n","protected":false},"excerpt":{"rendered":"El Colector Solar Heat Pipe Presurizado de 20 tubos es un componente clave en sistemas de calefacci\u00f3n solar de alta eficiencia. Gracias a su tecnolog\u00eda de tubos al vac\u00edo con heat pipe, permite una transferencia t\u00e9rmica r\u00e1pida y efectiva, incluso en d\u00edas nublados o con baja radiaci\u00f3n solar. Este modelo est\u00e1 dise\u00f1ado para integrarse f\u00e1cilmente[&#8230;]","protected":false},"featured_media":5519,"template":"","meta":[],"yoast_head":"<!-- This site is optimized with the Yoast SEO plugin v16.2 - https:\/\/yoast.com\/wordpress\/plugins\/seo\/ -->\n<title>Colector solar heat pipe presurizado de 20 tubos | Energ\u00eda solar en Argentina- Fillsun<\/title>\n<meta name=\"description\" content=\"Colector solar heat pipe presurizado con 20 tubos y estructura de aluminio. Eficiencia y durabilidad para sistemas solares.\" \/>\n<meta name=\"robots\" content=\"index, follow, max-snippet:-1, max-image-preview:large, max-video-preview:-1\" \/>\n<link rel=\"canonical\" href=\"https:\/\/www.energia-solar.com.ar\/?product=colector-solar-heat-pipe-presurizado-de-20-tubos\" \/>\n<meta property=\"og:locale\" content=\"es_ES\" \/>\n<meta property=\"og:type\" content=\"article\" \/>\n<meta property=\"og:title\" content=\"Colector solar heat pipe presurizado de 20 tubos | Energ\u00eda solar en Argentina- Fillsun\" \/>\n<meta property=\"og:description\" content=\"Colector solar heat pipe presurizado con 20 tubos y estructura de aluminio. Eficiencia y durabilidad para sistemas solares.\" \/>\n<meta property=\"og:url\" content=\"https:\/\/www.energia-solar.com.ar\/?product=colector-solar-heat-pipe-presurizado-de-20-tubos\" \/>\n<meta property=\"og:site_name\" content=\"Energ\u00eda solar en Argentina- Fillsun\" \/>\n<meta property=\"article:publisher\" content=\"https:\/\/www.facebook.com\/fillsun.renovables\/\" \/>\n<meta property=\"article:modified_time\" content=\"2026-02-12T15:28:43+00:00\" \/>\n<meta property=\"og:image\" content=\"https:\/\/www.energia-solar.com.ar\/wp-content\/uploads\/2024\/11\/colect20tubos-1.png\" \/>\n\t<meta property=\"og:image:width\" content=\"1024\" \/>\n\t<meta property=\"og:image:height\" content=\"1024\" \/>\n<meta name=\"twitter:card\" content=\"summary_large_image\" \/>\n<meta name=\"twitter:label1\" content=\"Tiempo de lectura\">\n\t<meta name=\"twitter:data1\" content=\"1 minuto\">\n<script type=\"application\/ld+json\" class=\"yoast-schema-graph\">{\"@context\":\"https:\/\/schema.org\",\"@graph\":[{\"@type\":\"Organization\",\"@id\":\"https:\/\/www.energia-solar.com.ar\/#organization\",\"name\":\"Energ\\u00eda Solar en Argentina\",\"url\":\"https:\/\/www.energia-solar.com.ar\/\",\"sameAs\":[\"https:\/\/www.facebook.com\/fillsun.renovables\/\",\"https:\/\/www.instagram.com\/fillsunenergia\/\"],\"logo\":{\"@type\":\"ImageObject\",\"@id\":\"https:\/\/www.energia-solar.com.ar\/#logo\",\"inLanguage\":\"es-AR\",\"url\":\"https:\/\/www.energia-solar.com.ar\/wp-content\/uploads\/2020\/08\/IMG_20170713_105745.jpg\",\"contentUrl\":\"https:\/\/www.energia-solar.com.ar\/wp-content\/uploads\/2020\/08\/IMG_20170713_105745.jpg\",\"width\":1228,\"height\":921,\"caption\":\"Energ\\u00eda Solar en Argentina\"},\"image\":{\"@id\":\"https:\/\/www.energia-solar.com.ar\/#logo\"}},{\"@type\":\"WebSite\",\"@id\":\"https:\/\/www.energia-solar.com.ar\/#website\",\"url\":\"https:\/\/www.energia-solar.com.ar\/\",\"name\":\"Energ\\u00eda solar en Argentina- Fillsun\",\"description\":\"Paneles fotovoltaicos, termo tanques solares, colectores solares, te asesoramos para el uso de la energ\\u00eda solar\",\"publisher\":{\"@id\":\"https:\/\/www.energia-solar.com.ar\/#organization\"},\"potentialAction\":[{\"@type\":\"SearchAction\",\"target\":\"https:\/\/www.energia-solar.com.ar\/?s={search_term_string}\",\"query-input\":\"required name=search_term_string\"}],\"inLanguage\":\"es-AR\"},{\"@type\":\"ImageObject\",\"@id\":\"https:\/\/www.energia-solar.com.ar\/?product=colector-solar-heat-pipe-presurizado-de-20-tubos#primaryimage\",\"inLanguage\":\"es-AR\",\"url\":\"https:\/\/www.energia-solar.com.ar\/wp-content\/uploads\/2024\/11\/colect20tubos-1.png\",\"contentUrl\":\"https:\/\/www.energia-solar.com.ar\/wp-content\/uploads\/2024\/11\/colect20tubos-1.png\",\"width\":1024,\"height\":1024},{\"@type\":\"WebPage\",\"@id\":\"https:\/\/www.energia-solar.com.ar\/?product=colector-solar-heat-pipe-presurizado-de-20-tubos#webpage\",\"url\":\"https:\/\/www.energia-solar.com.ar\/?product=colector-solar-heat-pipe-presurizado-de-20-tubos\",\"name\":\"Colector solar heat pipe presurizado de 20 tubos | Energ\\u00eda solar en Argentina- Fillsun\",\"isPartOf\":{\"@id\":\"https:\/\/www.energia-solar.com.ar\/#website\"},\"primaryImageOfPage\":{\"@id\":\"https:\/\/www.energia-solar.com.ar\/?product=colector-solar-heat-pipe-presurizado-de-20-tubos#primaryimage\"},\"datePublished\":\"2024-11-25T15:15:58+00:00\",\"dateModified\":\"2026-02-12T15:28:43+00:00\",\"description\":\"Colector solar heat pipe presurizado con 20 tubos y estructura de aluminio. Eficiencia y durabilidad para sistemas solares.\",\"breadcrumb\":{\"@id\":\"https:\/\/www.energia-solar.com.ar\/?product=colector-solar-heat-pipe-presurizado-de-20-tubos#breadcrumb\"},\"inLanguage\":\"es-AR\",\"potentialAction\":[{\"@type\":\"ReadAction\",\"target\":[\"https:\/\/www.energia-solar.com.ar\/?product=colector-solar-heat-pipe-presurizado-de-20-tubos\"]}]},{\"@type\":\"BreadcrumbList\",\"@id\":\"https:\/\/www.energia-solar.com.ar\/?product=colector-solar-heat-pipe-presurizado-de-20-tubos#breadcrumb\",\"itemListElement\":[{\"@type\":\"ListItem\",\"position\":1,\"item\":{\"@type\":\"WebPage\",\"@id\":\"https:\/\/www.energia-solar.com.ar\/\",\"url\":\"https:\/\/www.energia-solar.com.ar\/\",\"name\":\"Inicio\"}},{\"@type\":\"ListItem\",\"position\":2,\"item\":{\"@type\":\"WebPage\",\"@id\":\"https:\/\/www.energia-solar.com.ar\/?page_id=3222\",\"url\":\"https:\/\/www.energia-solar.com.ar\/?page_id=3222\",\"name\":\"Tienda\"}},{\"@type\":\"ListItem\",\"position\":3,\"item\":{\"@id\":\"https:\/\/www.energia-solar.com.ar\/?product=colector-solar-heat-pipe-presurizado-de-20-tubos#webpage\"}}]}]}<\/script>\n<!-- \/ Yoast SEO plugin. -->","_links":{"self":[{"href":"https:\/\/www.energia-solar.com.ar\/index.php?rest_route=\/wp\/v2\/product\/5398"}],"collection":[{"href":"https:\/\/www.energia-solar.com.ar\/index.php?rest_route=\/wp\/v2\/product"}],"about":[{"href":"https:\/\/www.energia-solar.com.ar\/index.php?rest_route=\/wp\/v2\/types\/product"}],"wp:featuredmedia":[{"embeddable":true,"href":"https:\/\/www.energia-solar.com.ar\/index.php?rest_route=\/wp\/v2\/media\/5519"}],"wp:attachment":[{"href":"https:\/\/www.energia-solar.com.ar\/index.php?rest_route=%2Fwp%2Fv2%2Fmedia&parent=5398"}],"curies":[{"name":"wp","href":"https:\/\/api.w.org\/{rel}","templated":true}]}}