{"id":5403,"date":"2024-11-25T12:47:59","date_gmt":"2024-11-25T15:47:59","guid":{"rendered":"https:\/\/www.energia-solar.com.ar\/?post_type=product&#038;p=5403"},"modified":"2026-02-12T12:29:40","modified_gmt":"2026-02-12T15:29:40","slug":"colector-placa-plana-200x100-cm","status":"publish","type":"product","link":"https:\/\/www.energia-solar.com.ar\/?product=colector-placa-plana-200x100-cm","title":{"rendered":"Colector placa plana 200&#215;100 cm"},"content":{"rendered":"<p class=\"\" data-start=\"116\" data-end=\"556\">El colector solar de placa plana de 200&#215;100 cm est\u00e1 dise\u00f1ado para sistemas de calefacci\u00f3n solar de alta eficiencia. Cuenta con una estructura robusta de aluminio y vidrio templado de alta resistencia, ideal para enfrentar condiciones clim\u00e1ticas adversas. En su interior, incorpora un absorbedor de alta selectividad que maximiza la captaci\u00f3n de energ\u00eda solar, optimizando el calentamiento del agua en sistemas termosif\u00f3nicos o presurizados.<\/p>\n<p class=\"\" data-start=\"558\" data-end=\"989\">Gracias a su dise\u00f1o compacto y eficiente, este colector es ideal tanto para instalaciones domiciliarias como comerciales. Su tama\u00f1o permite una integraci\u00f3n vers\u00e1til en techos o estructuras planas, y su compatibilidad con distintos sistemas solares lo convierte en una opci\u00f3n confiable para proyectos de energ\u00eda renovable. Es una excelente soluci\u00f3n para reducir el consumo energ\u00e9tico y aprovechar al m\u00e1ximo la energ\u00eda solar t\u00e9rmica.<\/p>\n","protected":false},"excerpt":{"rendered":"El colector solar de placa plana de 200&#215;100 cm est\u00e1 dise\u00f1ado para sistemas de calefacci\u00f3n solar de alta eficiencia. Cuenta con una estructura robusta de aluminio y vidrio templado de alta resistencia, ideal para enfrentar condiciones clim\u00e1ticas adversas. En su interior, incorpora un absorbedor de alta selectividad que maximiza la captaci\u00f3n de energ\u00eda solar, optimizando[&#8230;]","protected":false},"featured_media":5516,"template":"","meta":[],"yoast_head":"<!-- This site is optimized with the Yoast SEO plugin v16.2 - https:\/\/yoast.com\/wordpress\/plugins\/seo\/ -->\n<title>Colector placa plana 200x100 cm | Energ\u00eda solar en Argentina- Fillsun<\/title>\n<meta name=\"description\" content=\"Colector solar de placa plana 200x100 cm. Alta eficiencia en captaci\u00f3n solar para sistemas t\u00e9rmicos.\" \/>\n<meta name=\"robots\" content=\"index, follow, max-snippet:-1, max-image-preview:large, max-video-preview:-1\" \/>\n<link rel=\"canonical\" href=\"https:\/\/www.energia-solar.com.ar\/?product=colector-placa-plana-200x100-cm\" \/>\n<meta property=\"og:locale\" content=\"es_ES\" \/>\n<meta property=\"og:type\" content=\"article\" \/>\n<meta property=\"og:title\" content=\"Colector placa plana 200x100 cm | Energ\u00eda solar en Argentina- Fillsun\" \/>\n<meta property=\"og:description\" content=\"Colector solar de placa plana 200x100 cm. Alta eficiencia en captaci\u00f3n solar para sistemas t\u00e9rmicos.\" \/>\n<meta property=\"og:url\" content=\"https:\/\/www.energia-solar.com.ar\/?product=colector-placa-plana-200x100-cm\" \/>\n<meta property=\"og:site_name\" content=\"Energ\u00eda solar en Argentina- Fillsun\" \/>\n<meta property=\"article:publisher\" content=\"https:\/\/www.facebook.com\/fillsun.renovables\/\" \/>\n<meta property=\"article:modified_time\" content=\"2026-02-12T15:29:40+00:00\" \/>\n<meta property=\"og:image\" content=\"https:\/\/www.energia-solar.com.ar\/wp-content\/uploads\/2024\/11\/placaplana1-1.jpg\" \/>\n\t<meta property=\"og:image:width\" content=\"843\" \/>\n\t<meta property=\"og:image:height\" content=\"1133\" \/>\n<meta name=\"twitter:card\" content=\"summary_large_image\" \/>\n<meta name=\"twitter:label1\" content=\"Tiempo de lectura\">\n\t<meta name=\"twitter:data1\" content=\"1 minuto\">\n<script type=\"application\/ld+json\" class=\"yoast-schema-graph\">{\"@context\":\"https:\/\/schema.org\",\"@graph\":[{\"@type\":\"Organization\",\"@id\":\"https:\/\/www.energia-solar.com.ar\/#organization\",\"name\":\"Energ\\u00eda Solar en Argentina\",\"url\":\"https:\/\/www.energia-solar.com.ar\/\",\"sameAs\":[\"https:\/\/www.facebook.com\/fillsun.renovables\/\",\"https:\/\/www.instagram.com\/fillsunenergia\/\"],\"logo\":{\"@type\":\"ImageObject\",\"@id\":\"https:\/\/www.energia-solar.com.ar\/#logo\",\"inLanguage\":\"es-AR\",\"url\":\"https:\/\/www.energia-solar.com.ar\/wp-content\/uploads\/2020\/08\/IMG_20170713_105745.jpg\",\"contentUrl\":\"https:\/\/www.energia-solar.com.ar\/wp-content\/uploads\/2020\/08\/IMG_20170713_105745.jpg\",\"width\":1228,\"height\":921,\"caption\":\"Energ\\u00eda Solar en Argentina\"},\"image\":{\"@id\":\"https:\/\/www.energia-solar.com.ar\/#logo\"}},{\"@type\":\"WebSite\",\"@id\":\"https:\/\/www.energia-solar.com.ar\/#website\",\"url\":\"https:\/\/www.energia-solar.com.ar\/\",\"name\":\"Energ\\u00eda solar en Argentina- Fillsun\",\"description\":\"Paneles fotovoltaicos, termo tanques solares, colectores solares, te asesoramos para el uso de la energ\\u00eda solar\",\"publisher\":{\"@id\":\"https:\/\/www.energia-solar.com.ar\/#organization\"},\"potentialAction\":[{\"@type\":\"SearchAction\",\"target\":\"https:\/\/www.energia-solar.com.ar\/?s={search_term_string}\",\"query-input\":\"required name=search_term_string\"}],\"inLanguage\":\"es-AR\"},{\"@type\":\"ImageObject\",\"@id\":\"https:\/\/www.energia-solar.com.ar\/?product=colector-placa-plana-200x100-cm#primaryimage\",\"inLanguage\":\"es-AR\",\"url\":\"https:\/\/www.energia-solar.com.ar\/wp-content\/uploads\/2024\/11\/placaplana1-1.jpg\",\"contentUrl\":\"https:\/\/www.energia-solar.com.ar\/wp-content\/uploads\/2024\/11\/placaplana1-1.jpg\",\"width\":843,\"height\":1133},{\"@type\":\"WebPage\",\"@id\":\"https:\/\/www.energia-solar.com.ar\/?product=colector-placa-plana-200x100-cm#webpage\",\"url\":\"https:\/\/www.energia-solar.com.ar\/?product=colector-placa-plana-200x100-cm\",\"name\":\"Colector placa plana 200x100 cm | Energ\\u00eda solar en Argentina- Fillsun\",\"isPartOf\":{\"@id\":\"https:\/\/www.energia-solar.com.ar\/#website\"},\"primaryImageOfPage\":{\"@id\":\"https:\/\/www.energia-solar.com.ar\/?product=colector-placa-plana-200x100-cm#primaryimage\"},\"datePublished\":\"2024-11-25T15:47:59+00:00\",\"dateModified\":\"2026-02-12T15:29:40+00:00\",\"description\":\"Colector solar de placa plana 200x100 cm. Alta eficiencia en captaci\\u00f3n solar para sistemas t\\u00e9rmicos.\",\"breadcrumb\":{\"@id\":\"https:\/\/www.energia-solar.com.ar\/?product=colector-placa-plana-200x100-cm#breadcrumb\"},\"inLanguage\":\"es-AR\",\"potentialAction\":[{\"@type\":\"ReadAction\",\"target\":[\"https:\/\/www.energia-solar.com.ar\/?product=colector-placa-plana-200x100-cm\"]}]},{\"@type\":\"BreadcrumbList\",\"@id\":\"https:\/\/www.energia-solar.com.ar\/?product=colector-placa-plana-200x100-cm#breadcrumb\",\"itemListElement\":[{\"@type\":\"ListItem\",\"position\":1,\"item\":{\"@type\":\"WebPage\",\"@id\":\"https:\/\/www.energia-solar.com.ar\/\",\"url\":\"https:\/\/www.energia-solar.com.ar\/\",\"name\":\"Inicio\"}},{\"@type\":\"ListItem\",\"position\":2,\"item\":{\"@type\":\"WebPage\",\"@id\":\"https:\/\/www.energia-solar.com.ar\/?page_id=3222\",\"url\":\"https:\/\/www.energia-solar.com.ar\/?page_id=3222\",\"name\":\"Tienda\"}},{\"@type\":\"ListItem\",\"position\":3,\"item\":{\"@id\":\"https:\/\/www.energia-solar.com.ar\/?product=colector-placa-plana-200x100-cm#webpage\"}}]}]}<\/script>\n<!-- \/ Yoast SEO plugin. -->","_links":{"self":[{"href":"https:\/\/www.energia-solar.com.ar\/index.php?rest_route=\/wp\/v2\/product\/5403"}],"collection":[{"href":"https:\/\/www.energia-solar.com.ar\/index.php?rest_route=\/wp\/v2\/product"}],"about":[{"href":"https:\/\/www.energia-solar.com.ar\/index.php?rest_route=\/wp\/v2\/types\/product"}],"wp:featuredmedia":[{"embeddable":true,"href":"https:\/\/www.energia-solar.com.ar\/index.php?rest_route=\/wp\/v2\/media\/5516"}],"wp:attachment":[{"href":"https:\/\/www.energia-solar.com.ar\/index.php?rest_route=%2Fwp%2Fv2%2Fmedia&parent=5403"}],"curies":[{"name":"wp","href":"https:\/\/api.w.org\/{rel}","templated":true}]}}