{"id":5481,"date":"2025-03-13T12:00:58","date_gmt":"2025-03-13T15:00:58","guid":{"rendered":"https:\/\/www.energia-solar.com.ar\/?post_type=product&#038;p=5481"},"modified":"2026-02-12T11:19:16","modified_gmt":"2026-02-12T14:19:16","slug":"mini-termotanque-solar-termosifonico-15l","status":"publish","type":"product","link":"https:\/\/www.energia-solar.com.ar\/?product=mini-termotanque-solar-termosifonico-15l","title":{"rendered":"TS-AT15L \u2013 MiniTermotanque Solar Termosif\u00f3nico de 15 lts"},"content":{"rendered":"<p data-start=\"109\" data-end=\"666\">El <strong>Mini Termotanque\u00a0Solar Termosif\u00f3nico de 15L<\/strong> es una soluci\u00f3n compacta y eficiente para aprovechar la energ\u00eda solar en peque\u00f1os consumos de agua caliente. Fabricado con tubos de vac\u00edo de alta eficiencia, este sistema garantiza una \u00f3ptima absorci\u00f3n del calor solar, incluso en d\u00edas de baja radiaci\u00f3n. Su estructura resistente y materiales de calidad aseguran una larga vida \u00fatil y un rendimiento confiable.<\/p>\n<p data-start=\"668\" data-end=\"1033\">Este mini termotanque es perfecto para espacios reducidos o aplicaciones espec\u00edficas, como lavamanos, peque\u00f1os comercios, viviendas de baja demanda o casas rodantes. Su instalaci\u00f3n es sencilla y no requiere mantenimiento complejo, lo que lo convierte en una opci\u00f3n accesible y pr\u00e1ctica para quienes buscan una alternativa ecol\u00f3gica y econ\u00f3mica para calentar agua.<\/p>\n","protected":false},"excerpt":{"rendered":"&nbsp;\r\n\r\n&nbsp;","protected":false},"featured_media":5482,"template":"","meta":[],"yoast_head":"<!-- This site is optimized with the Yoast SEO plugin v16.2 - https:\/\/yoast.com\/wordpress\/plugins\/seo\/ -->\n<title>TS-AT15L \u2013 MiniTermotanque Solar Termosif\u00f3nico de 15 lts | Energ\u00eda solar en Argentina- Fillsun<\/title>\n<meta name=\"description\" content=\"Aprovecha la energ\u00eda solar con el MiniTermotanque Solar Termosif\u00f3nico de 15L. Ideal para peque\u00f1os consumos, f\u00e1cil instalaci\u00f3n y m\u00e1xima eficiencia.\" \/>\n<meta name=\"robots\" content=\"index, follow, max-snippet:-1, max-image-preview:large, max-video-preview:-1\" \/>\n<link rel=\"canonical\" href=\"https:\/\/www.energia-solar.com.ar\/?product=mini-termotanque-solar-termosifonico-15l\" \/>\n<meta property=\"og:locale\" content=\"es_ES\" \/>\n<meta property=\"og:type\" content=\"article\" \/>\n<meta property=\"og:title\" content=\"TS-AT15L \u2013 MiniTermotanque Solar Termosif\u00f3nico de 15 lts | Energ\u00eda solar en Argentina- Fillsun\" \/>\n<meta property=\"og:description\" content=\"Aprovecha la energ\u00eda solar con el MiniTermotanque Solar Termosif\u00f3nico de 15L. Ideal para peque\u00f1os consumos, f\u00e1cil instalaci\u00f3n y m\u00e1xima eficiencia.\" \/>\n<meta property=\"og:url\" content=\"https:\/\/www.energia-solar.com.ar\/?product=mini-termotanque-solar-termosifonico-15l\" \/>\n<meta property=\"og:site_name\" content=\"Energ\u00eda solar en Argentina- Fillsun\" \/>\n<meta property=\"article:publisher\" content=\"https:\/\/www.facebook.com\/fillsun.renovables\/\" \/>\n<meta property=\"article:modified_time\" content=\"2026-02-12T14:19:16+00:00\" \/>\n<meta property=\"og:image\" content=\"https:\/\/www.energia-solar.com.ar\/wp-content\/uploads\/2025\/03\/termo15lt.jpg\" \/>\n\t<meta property=\"og:image:width\" content=\"1811\" \/>\n\t<meta property=\"og:image:height\" content=\"2421\" \/>\n<meta name=\"twitter:card\" content=\"summary_large_image\" \/>\n<meta name=\"twitter:label1\" content=\"Tiempo de lectura\">\n\t<meta name=\"twitter:data1\" content=\"1 minuto\">\n<script type=\"application\/ld+json\" class=\"yoast-schema-graph\">{\"@context\":\"https:\/\/schema.org\",\"@graph\":[{\"@type\":\"Organization\",\"@id\":\"https:\/\/www.energia-solar.com.ar\/#organization\",\"name\":\"Energ\\u00eda Solar en Argentina\",\"url\":\"https:\/\/www.energia-solar.com.ar\/\",\"sameAs\":[\"https:\/\/www.facebook.com\/fillsun.renovables\/\",\"https:\/\/www.instagram.com\/fillsunenergia\/\"],\"logo\":{\"@type\":\"ImageObject\",\"@id\":\"https:\/\/www.energia-solar.com.ar\/#logo\",\"inLanguage\":\"es-AR\",\"url\":\"https:\/\/www.energia-solar.com.ar\/wp-content\/uploads\/2020\/08\/IMG_20170713_105745.jpg\",\"contentUrl\":\"https:\/\/www.energia-solar.com.ar\/wp-content\/uploads\/2020\/08\/IMG_20170713_105745.jpg\",\"width\":1228,\"height\":921,\"caption\":\"Energ\\u00eda Solar en Argentina\"},\"image\":{\"@id\":\"https:\/\/www.energia-solar.com.ar\/#logo\"}},{\"@type\":\"WebSite\",\"@id\":\"https:\/\/www.energia-solar.com.ar\/#website\",\"url\":\"https:\/\/www.energia-solar.com.ar\/\",\"name\":\"Energ\\u00eda solar en Argentina- Fillsun\",\"description\":\"Paneles fotovoltaicos, termo tanques solares, colectores solares, te asesoramos para el uso de la energ\\u00eda solar\",\"publisher\":{\"@id\":\"https:\/\/www.energia-solar.com.ar\/#organization\"},\"potentialAction\":[{\"@type\":\"SearchAction\",\"target\":\"https:\/\/www.energia-solar.com.ar\/?s={search_term_string}\",\"query-input\":\"required name=search_term_string\"}],\"inLanguage\":\"es-AR\"},{\"@type\":\"ImageObject\",\"@id\":\"https:\/\/www.energia-solar.com.ar\/?product=mini-termotanque-solar-termosifonico-15l#primaryimage\",\"inLanguage\":\"es-AR\",\"url\":\"https:\/\/www.energia-solar.com.ar\/wp-content\/uploads\/2025\/03\/termo15lt.jpg\",\"contentUrl\":\"https:\/\/www.energia-solar.com.ar\/wp-content\/uploads\/2025\/03\/termo15lt.jpg\",\"width\":1811,\"height\":2421},{\"@type\":\"WebPage\",\"@id\":\"https:\/\/www.energia-solar.com.ar\/?product=mini-termotanque-solar-termosifonico-15l#webpage\",\"url\":\"https:\/\/www.energia-solar.com.ar\/?product=mini-termotanque-solar-termosifonico-15l\",\"name\":\"TS-AT15L \\u2013 MiniTermotanque Solar Termosif\\u00f3nico de 15 lts | Energ\\u00eda solar en Argentina- Fillsun\",\"isPartOf\":{\"@id\":\"https:\/\/www.energia-solar.com.ar\/#website\"},\"primaryImageOfPage\":{\"@id\":\"https:\/\/www.energia-solar.com.ar\/?product=mini-termotanque-solar-termosifonico-15l#primaryimage\"},\"datePublished\":\"2025-03-13T15:00:58+00:00\",\"dateModified\":\"2026-02-12T14:19:16+00:00\",\"description\":\"Aprovecha la energ\\u00eda solar con el MiniTermotanque Solar Termosif\\u00f3nico de 15L. Ideal para peque\\u00f1os consumos, f\\u00e1cil instalaci\\u00f3n y m\\u00e1xima eficiencia.\",\"breadcrumb\":{\"@id\":\"https:\/\/www.energia-solar.com.ar\/?product=mini-termotanque-solar-termosifonico-15l#breadcrumb\"},\"inLanguage\":\"es-AR\",\"potentialAction\":[{\"@type\":\"ReadAction\",\"target\":[\"https:\/\/www.energia-solar.com.ar\/?product=mini-termotanque-solar-termosifonico-15l\"]}]},{\"@type\":\"BreadcrumbList\",\"@id\":\"https:\/\/www.energia-solar.com.ar\/?product=mini-termotanque-solar-termosifonico-15l#breadcrumb\",\"itemListElement\":[{\"@type\":\"ListItem\",\"position\":1,\"item\":{\"@type\":\"WebPage\",\"@id\":\"https:\/\/www.energia-solar.com.ar\/\",\"url\":\"https:\/\/www.energia-solar.com.ar\/\",\"name\":\"Inicio\"}},{\"@type\":\"ListItem\",\"position\":2,\"item\":{\"@type\":\"WebPage\",\"@id\":\"https:\/\/www.energia-solar.com.ar\/?page_id=3222\",\"url\":\"https:\/\/www.energia-solar.com.ar\/?page_id=3222\",\"name\":\"Tienda\"}},{\"@type\":\"ListItem\",\"position\":3,\"item\":{\"@id\":\"https:\/\/www.energia-solar.com.ar\/?product=mini-termotanque-solar-termosifonico-15l#webpage\"}}]}]}<\/script>\n<!-- \/ Yoast SEO plugin. -->","_links":{"self":[{"href":"https:\/\/www.energia-solar.com.ar\/index.php?rest_route=\/wp\/v2\/product\/5481"}],"collection":[{"href":"https:\/\/www.energia-solar.com.ar\/index.php?rest_route=\/wp\/v2\/product"}],"about":[{"href":"https:\/\/www.energia-solar.com.ar\/index.php?rest_route=\/wp\/v2\/types\/product"}],"wp:featuredmedia":[{"embeddable":true,"href":"https:\/\/www.energia-solar.com.ar\/index.php?rest_route=\/wp\/v2\/media\/5482"}],"wp:attachment":[{"href":"https:\/\/www.energia-solar.com.ar\/index.php?rest_route=%2Fwp%2Fv2%2Fmedia&parent=5481"}],"curies":[{"name":"wp","href":"https:\/\/api.w.org\/{rel}","templated":true}]}}