{"id":5489,"date":"2025-03-18T11:08:44","date_gmt":"2025-03-18T14:08:44","guid":{"rendered":"https:\/\/www.energia-solar.com.ar\/?post_type=product&#038;p=5489"},"modified":"2026-02-12T12:31:19","modified_gmt":"2026-02-12T15:31:19","slug":"valvula-prellenado-1-2","status":"publish","type":"product","link":"https:\/\/www.energia-solar.com.ar\/?product=valvula-prellenado-1-2","title":{"rendered":"Valvula de prellenado 1\/2&#8243;"},"content":{"rendered":"<p data-start=\"326\" data-end=\"645\">La <strong data-start=\"364\" data-end=\"394\">v\u00e1lvula de prellenado 1\/2&#8243;<\/strong> es un componente esencial para <strong data-start=\"426\" data-end=\"450\">termotanques solares<\/strong>, permitiendo la regulaci\u00f3n autom\u00e1tica del ingreso de agua al sistema. Su dise\u00f1o optimiza el llenado del tanque, evitando el ingreso excesivo de aire y garantizando un flujo constante y seguro.<\/p>\n<p data-start=\"647\" data-end=\"1025\">Fabricada con materiales resistentes a altas temperaturas y condiciones clim\u00e1ticas adversas, esta v\u00e1lvula es ideal para mantener la eficiencia y prolongar la vida \u00fatil del sistema de calentamiento solar. Su instalaci\u00f3n sencilla y su compatibilidad con diversos modelos de termotanques solares la convierten en una soluci\u00f3n confiable para el mantenimiento de sistemas t\u00e9rmicos.<\/p>\n","protected":false},"excerpt":{"rendered":"La v\u00e1lvula de prellenado 1\/2&#8243; es un componente esencial para termotanques solares, permitiendo la regulaci\u00f3n autom\u00e1tica del ingreso de agua al sistema. Su dise\u00f1o optimiza el llenado del tanque, evitando el ingreso excesivo de aire y garantizando un flujo constante y seguro. Fabricada con materiales resistentes a altas temperaturas y condiciones clim\u00e1ticas adversas, esta v\u00e1lvula[&#8230;]","protected":false},"featured_media":5486,"template":"","meta":[],"yoast_head":"<!-- This site is optimized with the Yoast SEO plugin v16.2 - https:\/\/yoast.com\/wordpress\/plugins\/seo\/ -->\n<title>Valvula de prellenado 1\/2&quot; | Energ\u00eda solar en Argentina- Fillsun<\/title>\n<meta name=\"description\" content=\"V\u00e1lvula de prellenado 1\/2&#039;&#039; para termotanques solares. Regula autom\u00e1ticamente el ingreso de agua para un funcionamiento eficiente y seguro. Ideal para sistemas solares t\u00e9rmicos.\" \/>\n<meta name=\"robots\" content=\"index, follow, max-snippet:-1, max-image-preview:large, max-video-preview:-1\" \/>\n<link rel=\"canonical\" href=\"https:\/\/www.energia-solar.com.ar\/?product=valvula-prellenado-1-2\" \/>\n<meta property=\"og:locale\" content=\"es_ES\" \/>\n<meta property=\"og:type\" content=\"article\" \/>\n<meta property=\"og:title\" content=\"Valvula de prellenado 1\/2&quot; | Energ\u00eda solar en Argentina- Fillsun\" \/>\n<meta property=\"og:description\" content=\"V\u00e1lvula de prellenado 1\/2&#039;&#039; para termotanques solares. Regula autom\u00e1ticamente el ingreso de agua para un funcionamiento eficiente y seguro. Ideal para sistemas solares t\u00e9rmicos.\" \/>\n<meta property=\"og:url\" content=\"https:\/\/www.energia-solar.com.ar\/?product=valvula-prellenado-1-2\" \/>\n<meta property=\"og:site_name\" content=\"Energ\u00eda solar en Argentina- Fillsun\" \/>\n<meta property=\"article:publisher\" content=\"https:\/\/www.facebook.com\/fillsun.renovables\/\" \/>\n<meta property=\"article:modified_time\" content=\"2026-02-12T15:31:19+00:00\" \/>\n<meta property=\"og:image\" content=\"https:\/\/www.energia-solar.com.ar\/wp-content\/uploads\/2025\/03\/valvprellenado.jpg\" \/>\n\t<meta property=\"og:image:width\" content=\"409\" \/>\n\t<meta property=\"og:image:height\" content=\"414\" \/>\n<meta name=\"twitter:card\" content=\"summary_large_image\" \/>\n<meta name=\"twitter:label1\" content=\"Tiempo de lectura\">\n\t<meta name=\"twitter:data1\" content=\"1 minuto\">\n<script type=\"application\/ld+json\" class=\"yoast-schema-graph\">{\"@context\":\"https:\/\/schema.org\",\"@graph\":[{\"@type\":\"Organization\",\"@id\":\"https:\/\/www.energia-solar.com.ar\/#organization\",\"name\":\"Energ\\u00eda Solar en Argentina\",\"url\":\"https:\/\/www.energia-solar.com.ar\/\",\"sameAs\":[\"https:\/\/www.facebook.com\/fillsun.renovables\/\",\"https:\/\/www.instagram.com\/fillsunenergia\/\"],\"logo\":{\"@type\":\"ImageObject\",\"@id\":\"https:\/\/www.energia-solar.com.ar\/#logo\",\"inLanguage\":\"es-AR\",\"url\":\"https:\/\/www.energia-solar.com.ar\/wp-content\/uploads\/2020\/08\/IMG_20170713_105745.jpg\",\"contentUrl\":\"https:\/\/www.energia-solar.com.ar\/wp-content\/uploads\/2020\/08\/IMG_20170713_105745.jpg\",\"width\":1228,\"height\":921,\"caption\":\"Energ\\u00eda Solar en Argentina\"},\"image\":{\"@id\":\"https:\/\/www.energia-solar.com.ar\/#logo\"}},{\"@type\":\"WebSite\",\"@id\":\"https:\/\/www.energia-solar.com.ar\/#website\",\"url\":\"https:\/\/www.energia-solar.com.ar\/\",\"name\":\"Energ\\u00eda solar en Argentina- Fillsun\",\"description\":\"Paneles fotovoltaicos, termo tanques solares, colectores solares, te asesoramos para el uso de la energ\\u00eda solar\",\"publisher\":{\"@id\":\"https:\/\/www.energia-solar.com.ar\/#organization\"},\"potentialAction\":[{\"@type\":\"SearchAction\",\"target\":\"https:\/\/www.energia-solar.com.ar\/?s={search_term_string}\",\"query-input\":\"required name=search_term_string\"}],\"inLanguage\":\"es-AR\"},{\"@type\":\"ImageObject\",\"@id\":\"https:\/\/www.energia-solar.com.ar\/?product=valvula-prellenado-1-2#primaryimage\",\"inLanguage\":\"es-AR\",\"url\":\"https:\/\/www.energia-solar.com.ar\/wp-content\/uploads\/2025\/03\/valvprellenado.jpg\",\"contentUrl\":\"https:\/\/www.energia-solar.com.ar\/wp-content\/uploads\/2025\/03\/valvprellenado.jpg\",\"width\":409,\"height\":414},{\"@type\":\"WebPage\",\"@id\":\"https:\/\/www.energia-solar.com.ar\/?product=valvula-prellenado-1-2#webpage\",\"url\":\"https:\/\/www.energia-solar.com.ar\/?product=valvula-prellenado-1-2\",\"name\":\"Valvula de prellenado 1\/2\\\" | Energ\\u00eda solar en Argentina- Fillsun\",\"isPartOf\":{\"@id\":\"https:\/\/www.energia-solar.com.ar\/#website\"},\"primaryImageOfPage\":{\"@id\":\"https:\/\/www.energia-solar.com.ar\/?product=valvula-prellenado-1-2#primaryimage\"},\"datePublished\":\"2025-03-18T14:08:44+00:00\",\"dateModified\":\"2026-02-12T15:31:19+00:00\",\"description\":\"V\\u00e1lvula de prellenado 1\/2'' para termotanques solares. Regula autom\\u00e1ticamente el ingreso de agua para un funcionamiento eficiente y seguro. Ideal para sistemas solares t\\u00e9rmicos.\",\"breadcrumb\":{\"@id\":\"https:\/\/www.energia-solar.com.ar\/?product=valvula-prellenado-1-2#breadcrumb\"},\"inLanguage\":\"es-AR\",\"potentialAction\":[{\"@type\":\"ReadAction\",\"target\":[\"https:\/\/www.energia-solar.com.ar\/?product=valvula-prellenado-1-2\"]}]},{\"@type\":\"BreadcrumbList\",\"@id\":\"https:\/\/www.energia-solar.com.ar\/?product=valvula-prellenado-1-2#breadcrumb\",\"itemListElement\":[{\"@type\":\"ListItem\",\"position\":1,\"item\":{\"@type\":\"WebPage\",\"@id\":\"https:\/\/www.energia-solar.com.ar\/\",\"url\":\"https:\/\/www.energia-solar.com.ar\/\",\"name\":\"Inicio\"}},{\"@type\":\"ListItem\",\"position\":2,\"item\":{\"@type\":\"WebPage\",\"@id\":\"https:\/\/www.energia-solar.com.ar\/?page_id=3222\",\"url\":\"https:\/\/www.energia-solar.com.ar\/?page_id=3222\",\"name\":\"Tienda\"}},{\"@type\":\"ListItem\",\"position\":3,\"item\":{\"@id\":\"https:\/\/www.energia-solar.com.ar\/?product=valvula-prellenado-1-2#webpage\"}}]}]}<\/script>\n<!-- \/ Yoast SEO plugin. -->","_links":{"self":[{"href":"https:\/\/www.energia-solar.com.ar\/index.php?rest_route=\/wp\/v2\/product\/5489"}],"collection":[{"href":"https:\/\/www.energia-solar.com.ar\/index.php?rest_route=\/wp\/v2\/product"}],"about":[{"href":"https:\/\/www.energia-solar.com.ar\/index.php?rest_route=\/wp\/v2\/types\/product"}],"wp:featuredmedia":[{"embeddable":true,"href":"https:\/\/www.energia-solar.com.ar\/index.php?rest_route=\/wp\/v2\/media\/5486"}],"wp:attachment":[{"href":"https:\/\/www.energia-solar.com.ar\/index.php?rest_route=%2Fwp%2Fv2%2Fmedia&parent=5489"}],"curies":[{"name":"wp","href":"https:\/\/api.w.org\/{rel}","templated":true}]}}