{"id":5491,"date":"2025-03-18T14:21:26","date_gmt":"2025-03-18T17:21:26","guid":{"rendered":"https:\/\/www.energia-solar.com.ar\/?post_type=product&#038;p=5491"},"modified":"2026-02-12T12:33:15","modified_gmt":"2026-02-12T15:33:15","slug":"valvula-sobrepresion-3-4-termo-hp","status":"publish","type":"product","link":"https:\/\/www.energia-solar.com.ar\/?product=valvula-sobrepresion-3-4-termo-hp","title":{"rendered":"Valvula de sobrepresion 3\/4&#8243; para termo HP"},"content":{"rendered":"<p data-start=\"322\" data-end=\"638\">La <strong data-start=\"360\" data-end=\"395\">v\u00e1lvula de sobrepresi\u00f3n de 3\/4&#8243;<\/strong> para <strong data-start=\"401\" data-end=\"428\">termotanques solares HP<\/strong> es un componente esencial para la seguridad del sistema. Su funci\u00f3n principal es liberar el exceso de presi\u00f3n generado por la expansi\u00f3n t\u00e9rmica del agua, evitando da\u00f1os en el termotanque y en la instalaci\u00f3n.<\/p>\n<p data-start=\"640\" data-end=\"968\">Fabricada con materiales resistentes a altas temperaturas y condiciones extremas, esta v\u00e1lvula garantiza un rendimiento confiable y una larga vida \u00fatil. Su instalaci\u00f3n es sencilla y compatible con sistemas de <strong data-start=\"849\" data-end=\"883\">calefacci\u00f3n solar presurizados<\/strong>, proporcionando una mayor protecci\u00f3n y eficiencia en el funcionamiento del equipo.<\/p>\n","protected":false},"excerpt":{"rendered":"La v\u00e1lvula de sobrepresi\u00f3n de 3\/4&#8243; para termotanques solares HP es un componente esencial para la seguridad del sistema. Su funci\u00f3n principal es liberar el exceso de presi\u00f3n generado por la expansi\u00f3n t\u00e9rmica del agua, evitando da\u00f1os en el termotanque y en la instalaci\u00f3n. Fabricada con materiales resistentes a altas temperaturas y condiciones extremas, esta[&#8230;]","protected":false},"featured_media":5505,"template":"","meta":[],"yoast_head":"<!-- This site is optimized with the Yoast SEO plugin v16.2 - https:\/\/yoast.com\/wordpress\/plugins\/seo\/ -->\n<title>Valvula de sobrepresion 3\/4&quot; para termo HP | Energ\u00eda solar en Argentina- Fillsun<\/title>\n<meta name=\"description\" content=\"V\u00e1lvula de sobrepresi\u00f3n de 3\/4&#039;&#039; para termotanques solares HP. Protege el sistema liberando el exceso de presi\u00f3n, asegurando un funcionamiento seguro y eficiente.\" \/>\n<meta name=\"robots\" content=\"index, follow, max-snippet:-1, max-image-preview:large, max-video-preview:-1\" \/>\n<link rel=\"canonical\" href=\"https:\/\/www.energia-solar.com.ar\/?product=valvula-sobrepresion-3-4-termo-hp\" \/>\n<meta property=\"og:locale\" content=\"es_ES\" \/>\n<meta property=\"og:type\" content=\"article\" \/>\n<meta property=\"og:title\" content=\"Valvula de sobrepresion 3\/4&quot; para termo HP | Energ\u00eda solar en Argentina- Fillsun\" \/>\n<meta property=\"og:description\" content=\"V\u00e1lvula de sobrepresi\u00f3n de 3\/4&#039;&#039; para termotanques solares HP. Protege el sistema liberando el exceso de presi\u00f3n, asegurando un funcionamiento seguro y eficiente.\" \/>\n<meta property=\"og:url\" content=\"https:\/\/www.energia-solar.com.ar\/?product=valvula-sobrepresion-3-4-termo-hp\" \/>\n<meta property=\"og:site_name\" content=\"Energ\u00eda solar en Argentina- Fillsun\" \/>\n<meta property=\"article:publisher\" content=\"https:\/\/www.facebook.com\/fillsun.renovables\/\" \/>\n<meta property=\"article:modified_time\" content=\"2026-02-12T15:33:15+00:00\" \/>\n<meta name=\"twitter:card\" content=\"summary_large_image\" \/>\n<meta name=\"twitter:image\" content=\"https:\/\/www.energia-solar.com.ar\/wp-content\/uploads\/2025\/03\/valvsobrepresion.webp\" \/>\n<meta name=\"twitter:label1\" content=\"Tiempo de lectura\">\n\t<meta name=\"twitter:data1\" content=\"1 minuto\">\n<script type=\"application\/ld+json\" class=\"yoast-schema-graph\">{\"@context\":\"https:\/\/schema.org\",\"@graph\":[{\"@type\":\"Organization\",\"@id\":\"https:\/\/www.energia-solar.com.ar\/#organization\",\"name\":\"Energ\\u00eda Solar en Argentina\",\"url\":\"https:\/\/www.energia-solar.com.ar\/\",\"sameAs\":[\"https:\/\/www.facebook.com\/fillsun.renovables\/\",\"https:\/\/www.instagram.com\/fillsunenergia\/\"],\"logo\":{\"@type\":\"ImageObject\",\"@id\":\"https:\/\/www.energia-solar.com.ar\/#logo\",\"inLanguage\":\"es-AR\",\"url\":\"https:\/\/www.energia-solar.com.ar\/wp-content\/uploads\/2020\/08\/IMG_20170713_105745.jpg\",\"contentUrl\":\"https:\/\/www.energia-solar.com.ar\/wp-content\/uploads\/2020\/08\/IMG_20170713_105745.jpg\",\"width\":1228,\"height\":921,\"caption\":\"Energ\\u00eda Solar en Argentina\"},\"image\":{\"@id\":\"https:\/\/www.energia-solar.com.ar\/#logo\"}},{\"@type\":\"WebSite\",\"@id\":\"https:\/\/www.energia-solar.com.ar\/#website\",\"url\":\"https:\/\/www.energia-solar.com.ar\/\",\"name\":\"Energ\\u00eda solar en Argentina- Fillsun\",\"description\":\"Paneles fotovoltaicos, termo tanques solares, colectores solares, te asesoramos para el uso de la energ\\u00eda solar\",\"publisher\":{\"@id\":\"https:\/\/www.energia-solar.com.ar\/#organization\"},\"potentialAction\":[{\"@type\":\"SearchAction\",\"target\":\"https:\/\/www.energia-solar.com.ar\/?s={search_term_string}\",\"query-input\":\"required name=search_term_string\"}],\"inLanguage\":\"es-AR\"},{\"@type\":\"ImageObject\",\"@id\":\"https:\/\/www.energia-solar.com.ar\/?product=valvula-sobrepresion-3-4-termo-hp#primaryimage\",\"inLanguage\":\"es-AR\",\"url\":\"https:\/\/www.energia-solar.com.ar\/wp-content\/uploads\/2025\/03\/valvsobrepresion.webp\",\"contentUrl\":\"https:\/\/www.energia-solar.com.ar\/wp-content\/uploads\/2025\/03\/valvsobrepresion.webp\",\"width\":787,\"height\":559},{\"@type\":\"WebPage\",\"@id\":\"https:\/\/www.energia-solar.com.ar\/?product=valvula-sobrepresion-3-4-termo-hp#webpage\",\"url\":\"https:\/\/www.energia-solar.com.ar\/?product=valvula-sobrepresion-3-4-termo-hp\",\"name\":\"Valvula de sobrepresion 3\/4\\\" para termo HP | Energ\\u00eda solar en Argentina- Fillsun\",\"isPartOf\":{\"@id\":\"https:\/\/www.energia-solar.com.ar\/#website\"},\"primaryImageOfPage\":{\"@id\":\"https:\/\/www.energia-solar.com.ar\/?product=valvula-sobrepresion-3-4-termo-hp#primaryimage\"},\"datePublished\":\"2025-03-18T17:21:26+00:00\",\"dateModified\":\"2026-02-12T15:33:15+00:00\",\"description\":\"V\\u00e1lvula de sobrepresi\\u00f3n de 3\/4'' para termotanques solares HP. Protege el sistema liberando el exceso de presi\\u00f3n, asegurando un funcionamiento seguro y eficiente.\",\"breadcrumb\":{\"@id\":\"https:\/\/www.energia-solar.com.ar\/?product=valvula-sobrepresion-3-4-termo-hp#breadcrumb\"},\"inLanguage\":\"es-AR\",\"potentialAction\":[{\"@type\":\"ReadAction\",\"target\":[\"https:\/\/www.energia-solar.com.ar\/?product=valvula-sobrepresion-3-4-termo-hp\"]}]},{\"@type\":\"BreadcrumbList\",\"@id\":\"https:\/\/www.energia-solar.com.ar\/?product=valvula-sobrepresion-3-4-termo-hp#breadcrumb\",\"itemListElement\":[{\"@type\":\"ListItem\",\"position\":1,\"item\":{\"@type\":\"WebPage\",\"@id\":\"https:\/\/www.energia-solar.com.ar\/\",\"url\":\"https:\/\/www.energia-solar.com.ar\/\",\"name\":\"Inicio\"}},{\"@type\":\"ListItem\",\"position\":2,\"item\":{\"@type\":\"WebPage\",\"@id\":\"https:\/\/www.energia-solar.com.ar\/?page_id=3222\",\"url\":\"https:\/\/www.energia-solar.com.ar\/?page_id=3222\",\"name\":\"Tienda\"}},{\"@type\":\"ListItem\",\"position\":3,\"item\":{\"@id\":\"https:\/\/www.energia-solar.com.ar\/?product=valvula-sobrepresion-3-4-termo-hp#webpage\"}}]}]}<\/script>\n<!-- \/ Yoast SEO plugin. -->","_links":{"self":[{"href":"https:\/\/www.energia-solar.com.ar\/index.php?rest_route=\/wp\/v2\/product\/5491"}],"collection":[{"href":"https:\/\/www.energia-solar.com.ar\/index.php?rest_route=\/wp\/v2\/product"}],"about":[{"href":"https:\/\/www.energia-solar.com.ar\/index.php?rest_route=\/wp\/v2\/types\/product"}],"wp:featuredmedia":[{"embeddable":true,"href":"https:\/\/www.energia-solar.com.ar\/index.php?rest_route=\/wp\/v2\/media\/5505"}],"wp:attachment":[{"href":"https:\/\/www.energia-solar.com.ar\/index.php?rest_route=%2Fwp%2Fv2%2Fmedia&parent=5491"}],"curies":[{"name":"wp","href":"https:\/\/api.w.org\/{rel}","templated":true}]}}