{"id":5507,"date":"2025-04-08T15:17:35","date_gmt":"2025-04-08T18:17:35","guid":{"rendered":"https:\/\/www.energia-solar.com.ar\/?post_type=product&#038;p=5507"},"modified":"2025-04-08T15:48:42","modified_gmt":"2025-04-08T18:48:42","slug":"racord-22mm-22mm-conexion-colectores","status":"publish","type":"product","link":"https:\/\/www.energia-solar.com.ar\/?product=racord-22mm-22mm-conexion-colectores","title":{"rendered":"Racord 22mm\/22mm (conexi\u00f3n colectores)"},"content":{"rendered":"<p>Este racord de 22 mm a 22 mm est\u00e1 dise\u00f1ado para conectar colectores solares de forma segura, permitiendo un paso fluido de fluido t\u00e9rmico entre ca\u00f1os de igual di\u00e1metro. Fabricado en materiales resistentes a altas temperaturas y presi\u00f3n, es ideal para sistemas solares t\u00e9rmicos donde se requiere una uni\u00f3n confiable y duradera. Su instalaci\u00f3n es r\u00e1pida y sencilla, facilitando el mantenimiento o ampliaci\u00f3n de la red de colectores.<\/p>\n","protected":false},"excerpt":{"rendered":"Este racord de 22 mm a 22 mm est\u00e1 dise\u00f1ado para conectar colectores solares de forma segura, permitiendo un paso fluido de fluido t\u00e9rmico entre ca\u00f1os de igual di\u00e1metro. Fabricado en materiales resistentes a altas temperaturas y presi\u00f3n, es ideal para sistemas solares t\u00e9rmicos donde se requiere una uni\u00f3n confiable y duradera. Su instalaci\u00f3n es[&#8230;]","protected":false},"featured_media":5509,"template":"","meta":[],"yoast_head":"<!-- This site is optimized with the Yoast SEO plugin v16.2 - https:\/\/yoast.com\/wordpress\/plugins\/seo\/ -->\n<title>Racord 22mm\/22mm (conexi\u00f3n colectores) | Energ\u00eda solar en Argentina- Fillsun<\/title>\n<meta name=\"description\" content=\"Racord recto de 22 mm para conexi\u00f3n de colectores solares. Asegura uniones firmes y estancas entre ca\u00f1os de igual di\u00e1metro. Ideal para instalaciones solares.\" \/>\n<meta name=\"robots\" content=\"index, follow, max-snippet:-1, max-image-preview:large, max-video-preview:-1\" \/>\n<link rel=\"canonical\" href=\"https:\/\/www.energia-solar.com.ar\/?product=racord-22mm-22mm-conexion-colectores\" \/>\n<meta property=\"og:locale\" content=\"es_ES\" \/>\n<meta property=\"og:type\" content=\"article\" \/>\n<meta property=\"og:title\" content=\"Racord 22mm\/22mm (conexi\u00f3n colectores) | Energ\u00eda solar en Argentina- Fillsun\" \/>\n<meta property=\"og:description\" content=\"Racord recto de 22 mm para conexi\u00f3n de colectores solares. Asegura uniones firmes y estancas entre ca\u00f1os de igual di\u00e1metro. Ideal para instalaciones solares.\" \/>\n<meta property=\"og:url\" content=\"https:\/\/www.energia-solar.com.ar\/?product=racord-22mm-22mm-conexion-colectores\" \/>\n<meta property=\"og:site_name\" content=\"Energ\u00eda solar en Argentina- Fillsun\" \/>\n<meta property=\"article:publisher\" content=\"https:\/\/www.facebook.com\/fillsun.renovables\/\" \/>\n<meta property=\"article:modified_time\" content=\"2025-04-08T18:48:42+00:00\" \/>\n<meta property=\"og:image\" content=\"https:\/\/www.energia-solar.com.ar\/wp-content\/uploads\/2025\/04\/racord22mm22mm.png\" \/>\n\t<meta property=\"og:image:width\" content=\"383\" \/>\n\t<meta property=\"og:image:height\" content=\"391\" \/>\n<meta name=\"twitter:card\" content=\"summary_large_image\" \/>\n<script type=\"application\/ld+json\" class=\"yoast-schema-graph\">{\"@context\":\"https:\/\/schema.org\",\"@graph\":[{\"@type\":\"Organization\",\"@id\":\"https:\/\/www.energia-solar.com.ar\/#organization\",\"name\":\"Energ\\u00eda Solar en Argentina\",\"url\":\"https:\/\/www.energia-solar.com.ar\/\",\"sameAs\":[\"https:\/\/www.facebook.com\/fillsun.renovables\/\",\"https:\/\/www.instagram.com\/fillsunenergia\/\"],\"logo\":{\"@type\":\"ImageObject\",\"@id\":\"https:\/\/www.energia-solar.com.ar\/#logo\",\"inLanguage\":\"es-AR\",\"url\":\"https:\/\/www.energia-solar.com.ar\/wp-content\/uploads\/2020\/08\/IMG_20170713_105745.jpg\",\"contentUrl\":\"https:\/\/www.energia-solar.com.ar\/wp-content\/uploads\/2020\/08\/IMG_20170713_105745.jpg\",\"width\":1228,\"height\":921,\"caption\":\"Energ\\u00eda Solar en Argentina\"},\"image\":{\"@id\":\"https:\/\/www.energia-solar.com.ar\/#logo\"}},{\"@type\":\"WebSite\",\"@id\":\"https:\/\/www.energia-solar.com.ar\/#website\",\"url\":\"https:\/\/www.energia-solar.com.ar\/\",\"name\":\"Energ\\u00eda solar en Argentina- Fillsun\",\"description\":\"Paneles fotovoltaicos, termo tanques solares, colectores solares, te asesoramos para el uso de la energ\\u00eda solar\",\"publisher\":{\"@id\":\"https:\/\/www.energia-solar.com.ar\/#organization\"},\"potentialAction\":[{\"@type\":\"SearchAction\",\"target\":\"https:\/\/www.energia-solar.com.ar\/?s={search_term_string}\",\"query-input\":\"required name=search_term_string\"}],\"inLanguage\":\"es-AR\"},{\"@type\":\"ImageObject\",\"@id\":\"https:\/\/www.energia-solar.com.ar\/?product=racord-22mm-22mm-conexion-colectores#primaryimage\",\"inLanguage\":\"es-AR\",\"url\":\"https:\/\/www.energia-solar.com.ar\/wp-content\/uploads\/2025\/04\/racord22mm22mm.png\",\"contentUrl\":\"https:\/\/www.energia-solar.com.ar\/wp-content\/uploads\/2025\/04\/racord22mm22mm.png\",\"width\":383,\"height\":391},{\"@type\":\"WebPage\",\"@id\":\"https:\/\/www.energia-solar.com.ar\/?product=racord-22mm-22mm-conexion-colectores#webpage\",\"url\":\"https:\/\/www.energia-solar.com.ar\/?product=racord-22mm-22mm-conexion-colectores\",\"name\":\"Racord 22mm\/22mm (conexi\\u00f3n colectores) | Energ\\u00eda solar en Argentina- Fillsun\",\"isPartOf\":{\"@id\":\"https:\/\/www.energia-solar.com.ar\/#website\"},\"primaryImageOfPage\":{\"@id\":\"https:\/\/www.energia-solar.com.ar\/?product=racord-22mm-22mm-conexion-colectores#primaryimage\"},\"datePublished\":\"2025-04-08T18:17:35+00:00\",\"dateModified\":\"2025-04-08T18:48:42+00:00\",\"description\":\"Racord recto de 22 mm para conexi\\u00f3n de colectores solares. Asegura uniones firmes y estancas entre ca\\u00f1os de igual di\\u00e1metro. Ideal para instalaciones solares.\",\"breadcrumb\":{\"@id\":\"https:\/\/www.energia-solar.com.ar\/?product=racord-22mm-22mm-conexion-colectores#breadcrumb\"},\"inLanguage\":\"es-AR\",\"potentialAction\":[{\"@type\":\"ReadAction\",\"target\":[\"https:\/\/www.energia-solar.com.ar\/?product=racord-22mm-22mm-conexion-colectores\"]}]},{\"@type\":\"BreadcrumbList\",\"@id\":\"https:\/\/www.energia-solar.com.ar\/?product=racord-22mm-22mm-conexion-colectores#breadcrumb\",\"itemListElement\":[{\"@type\":\"ListItem\",\"position\":1,\"item\":{\"@type\":\"WebPage\",\"@id\":\"https:\/\/www.energia-solar.com.ar\/\",\"url\":\"https:\/\/www.energia-solar.com.ar\/\",\"name\":\"Inicio\"}},{\"@type\":\"ListItem\",\"position\":2,\"item\":{\"@type\":\"WebPage\",\"@id\":\"https:\/\/www.energia-solar.com.ar\/?page_id=3222\",\"url\":\"https:\/\/www.energia-solar.com.ar\/?page_id=3222\",\"name\":\"Tienda\"}},{\"@type\":\"ListItem\",\"position\":3,\"item\":{\"@id\":\"https:\/\/www.energia-solar.com.ar\/?product=racord-22mm-22mm-conexion-colectores#webpage\"}}]}]}<\/script>\n<!-- \/ Yoast SEO plugin. -->","_links":{"self":[{"href":"https:\/\/www.energia-solar.com.ar\/index.php?rest_route=\/wp\/v2\/product\/5507"}],"collection":[{"href":"https:\/\/www.energia-solar.com.ar\/index.php?rest_route=\/wp\/v2\/product"}],"about":[{"href":"https:\/\/www.energia-solar.com.ar\/index.php?rest_route=\/wp\/v2\/types\/product"}],"wp:featuredmedia":[{"embeddable":true,"href":"https:\/\/www.energia-solar.com.ar\/index.php?rest_route=\/wp\/v2\/media\/5509"}],"wp:attachment":[{"href":"https:\/\/www.energia-solar.com.ar\/index.php?rest_route=%2Fwp%2Fv2%2Fmedia&parent=5507"}],"curies":[{"name":"wp","href":"https:\/\/api.w.org\/{rel}","templated":true}]}}