{"id":5524,"date":"2025-04-29T12:28:09","date_gmt":"2025-04-29T15:28:09","guid":{"rendered":"https:\/\/www.energia-solar.com.ar\/?post_type=product&#038;p=5524"},"modified":"2026-02-12T12:23:07","modified_gmt":"2026-02-12T15:23:07","slug":"posa-tubo-plastico-termotanque-heat-pipe","status":"publish","type":"product","link":"https:\/\/www.energia-solar.com.ar\/?product=posa-tubo-plastico-termotanque-heat-pipe","title":{"rendered":"Posa tubo pl\u00e1stico para termotanque Heat pipe"},"content":{"rendered":"","protected":false},"excerpt":{"rendered":"","protected":false},"featured_media":5525,"template":"","meta":[],"yoast_head":"<!-- This site is optimized with the Yoast SEO plugin v16.2 - https:\/\/yoast.com\/wordpress\/plugins\/seo\/ -->\n<title>Posa tubo pl\u00e1stico para termotanque Heat pipe | Energ\u00eda solar en Argentina- Fillsun<\/title>\n<meta name=\"description\" content=\"Soporte pl\u00e1stico para tubos de vac\u00edo en sistemas solares Heat Pipe. Asegura una fijaci\u00f3n estable y duradera, ideal para instalaciones solares exigentes.\" \/>\n<meta name=\"robots\" content=\"index, follow, max-snippet:-1, max-image-preview:large, max-video-preview:-1\" \/>\n<link rel=\"canonical\" href=\"https:\/\/www.energia-solar.com.ar\/?product=posa-tubo-plastico-termotanque-heat-pipe\" \/>\n<meta property=\"og:locale\" content=\"es_ES\" \/>\n<meta property=\"og:type\" content=\"article\" \/>\n<meta property=\"og:title\" content=\"Posa tubo pl\u00e1stico para termotanque Heat pipe | Energ\u00eda solar en Argentina- Fillsun\" \/>\n<meta property=\"og:description\" content=\"Soporte pl\u00e1stico para tubos de vac\u00edo en sistemas solares Heat Pipe. Asegura una fijaci\u00f3n estable y duradera, ideal para instalaciones solares exigentes.\" \/>\n<meta property=\"og:url\" content=\"https:\/\/www.energia-solar.com.ar\/?product=posa-tubo-plastico-termotanque-heat-pipe\" \/>\n<meta property=\"og:site_name\" content=\"Energ\u00eda solar en Argentina- Fillsun\" \/>\n<meta property=\"article:publisher\" content=\"https:\/\/www.facebook.com\/fillsun.renovables\/\" \/>\n<meta property=\"article:modified_time\" content=\"2026-02-12T15:23:07+00:00\" \/>\n<meta name=\"twitter:card\" content=\"summary_large_image\" \/>\n<meta name=\"twitter:image\" content=\"https:\/\/www.energia-solar.com.ar\/wp-content\/uploads\/2025\/04\/posatubohp.webp\" \/>\n<script type=\"application\/ld+json\" class=\"yoast-schema-graph\">{\"@context\":\"https:\/\/schema.org\",\"@graph\":[{\"@type\":\"Organization\",\"@id\":\"https:\/\/www.energia-solar.com.ar\/#organization\",\"name\":\"Energ\\u00eda Solar en Argentina\",\"url\":\"https:\/\/www.energia-solar.com.ar\/\",\"sameAs\":[\"https:\/\/www.facebook.com\/fillsun.renovables\/\",\"https:\/\/www.instagram.com\/fillsunenergia\/\"],\"logo\":{\"@type\":\"ImageObject\",\"@id\":\"https:\/\/www.energia-solar.com.ar\/#logo\",\"inLanguage\":\"es-AR\",\"url\":\"https:\/\/www.energia-solar.com.ar\/wp-content\/uploads\/2020\/08\/IMG_20170713_105745.jpg\",\"contentUrl\":\"https:\/\/www.energia-solar.com.ar\/wp-content\/uploads\/2020\/08\/IMG_20170713_105745.jpg\",\"width\":1228,\"height\":921,\"caption\":\"Energ\\u00eda Solar en Argentina\"},\"image\":{\"@id\":\"https:\/\/www.energia-solar.com.ar\/#logo\"}},{\"@type\":\"WebSite\",\"@id\":\"https:\/\/www.energia-solar.com.ar\/#website\",\"url\":\"https:\/\/www.energia-solar.com.ar\/\",\"name\":\"Energ\\u00eda solar en Argentina- Fillsun\",\"description\":\"Paneles fotovoltaicos, termo tanques solares, colectores solares, te asesoramos para el uso de la energ\\u00eda solar\",\"publisher\":{\"@id\":\"https:\/\/www.energia-solar.com.ar\/#organization\"},\"potentialAction\":[{\"@type\":\"SearchAction\",\"target\":\"https:\/\/www.energia-solar.com.ar\/?s={search_term_string}\",\"query-input\":\"required name=search_term_string\"}],\"inLanguage\":\"es-AR\"},{\"@type\":\"ImageObject\",\"@id\":\"https:\/\/www.energia-solar.com.ar\/?product=posa-tubo-plastico-termotanque-heat-pipe#primaryimage\",\"inLanguage\":\"es-AR\",\"url\":\"https:\/\/www.energia-solar.com.ar\/wp-content\/uploads\/2025\/04\/posatubohp.webp\",\"contentUrl\":\"https:\/\/www.energia-solar.com.ar\/wp-content\/uploads\/2025\/04\/posatubohp.webp\",\"width\":500,\"height\":435},{\"@type\":\"WebPage\",\"@id\":\"https:\/\/www.energia-solar.com.ar\/?product=posa-tubo-plastico-termotanque-heat-pipe#webpage\",\"url\":\"https:\/\/www.energia-solar.com.ar\/?product=posa-tubo-plastico-termotanque-heat-pipe\",\"name\":\"Posa tubo pl\\u00e1stico para termotanque Heat pipe | Energ\\u00eda solar en Argentina- Fillsun\",\"isPartOf\":{\"@id\":\"https:\/\/www.energia-solar.com.ar\/#website\"},\"primaryImageOfPage\":{\"@id\":\"https:\/\/www.energia-solar.com.ar\/?product=posa-tubo-plastico-termotanque-heat-pipe#primaryimage\"},\"datePublished\":\"2025-04-29T15:28:09+00:00\",\"dateModified\":\"2026-02-12T15:23:07+00:00\",\"description\":\"Soporte pl\\u00e1stico para tubos de vac\\u00edo en sistemas solares Heat Pipe. Asegura una fijaci\\u00f3n estable y duradera, ideal para instalaciones solares exigentes.\",\"breadcrumb\":{\"@id\":\"https:\/\/www.energia-solar.com.ar\/?product=posa-tubo-plastico-termotanque-heat-pipe#breadcrumb\"},\"inLanguage\":\"es-AR\",\"potentialAction\":[{\"@type\":\"ReadAction\",\"target\":[\"https:\/\/www.energia-solar.com.ar\/?product=posa-tubo-plastico-termotanque-heat-pipe\"]}]},{\"@type\":\"BreadcrumbList\",\"@id\":\"https:\/\/www.energia-solar.com.ar\/?product=posa-tubo-plastico-termotanque-heat-pipe#breadcrumb\",\"itemListElement\":[{\"@type\":\"ListItem\",\"position\":1,\"item\":{\"@type\":\"WebPage\",\"@id\":\"https:\/\/www.energia-solar.com.ar\/\",\"url\":\"https:\/\/www.energia-solar.com.ar\/\",\"name\":\"Inicio\"}},{\"@type\":\"ListItem\",\"position\":2,\"item\":{\"@type\":\"WebPage\",\"@id\":\"https:\/\/www.energia-solar.com.ar\/?page_id=3222\",\"url\":\"https:\/\/www.energia-solar.com.ar\/?page_id=3222\",\"name\":\"Tienda\"}},{\"@type\":\"ListItem\",\"position\":3,\"item\":{\"@id\":\"https:\/\/www.energia-solar.com.ar\/?product=posa-tubo-plastico-termotanque-heat-pipe#webpage\"}}]}]}<\/script>\n<!-- \/ Yoast SEO plugin. -->","_links":{"self":[{"href":"https:\/\/www.energia-solar.com.ar\/index.php?rest_route=\/wp\/v2\/product\/5524"}],"collection":[{"href":"https:\/\/www.energia-solar.com.ar\/index.php?rest_route=\/wp\/v2\/product"}],"about":[{"href":"https:\/\/www.energia-solar.com.ar\/index.php?rest_route=\/wp\/v2\/types\/product"}],"wp:featuredmedia":[{"embeddable":true,"href":"https:\/\/www.energia-solar.com.ar\/index.php?rest_route=\/wp\/v2\/media\/5525"}],"wp:attachment":[{"href":"https:\/\/www.energia-solar.com.ar\/index.php?rest_route=%2Fwp%2Fv2%2Fmedia&parent=5524"}],"curies":[{"name":"wp","href":"https:\/\/api.w.org\/{rel}","templated":true}]}}