{"id":5539,"date":"2025-05-16T15:30:28","date_gmt":"2025-05-16T18:30:28","guid":{"rendered":"https:\/\/www.energia-solar.com.ar\/?post_type=product&#038;p=5539"},"modified":"2026-02-12T12:27:21","modified_gmt":"2026-02-12T15:27:21","slug":"valvula-selenoide-de-repuesto-para-sr500-1","status":"publish","type":"product","link":"https:\/\/www.energia-solar.com.ar\/?product=valvula-selenoide-de-repuesto-para-sr500-1","title":{"rendered":"Valvula selenoide de repuesto para SR500\/1"},"content":{"rendered":"<p class=\"\" data-start=\"419\" data-end=\"763\">La v\u00e1lvula solenoide de repuesto para controladores SR500\/1 est\u00e1 dise\u00f1ada espec\u00edficamente para garantizar una operaci\u00f3n eficiente y segura en sistemas solares t\u00e9rmicos automatizados. Su funci\u00f3n principal es permitir o bloquear el paso del fluido t\u00e9rmico, respondiendo a las se\u00f1ales del controlador con precisi\u00f3n.<\/p>\n<p class=\"\" data-start=\"765\" data-end=\"1074\">Fabricada con materiales resistentes a altas temperaturas y presiones, esta v\u00e1lvula ofrece una larga vida \u00fatil y una integraci\u00f3n perfecta con los controladores SR500\/1. Es ideal como repuesto ante desgaste o fallos del componente original, asegurando que tu sistema solar contin\u00fae operando sin interrupciones.<\/p>\n","protected":false},"excerpt":{"rendered":"La v\u00e1lvula solenoide de repuesto para controladores SR500\/1 est\u00e1 dise\u00f1ada espec\u00edficamente para garantizar una operaci\u00f3n eficiente y segura en sistemas solares t\u00e9rmicos automatizados. Su funci\u00f3n principal es permitir o bloquear el paso del fluido t\u00e9rmico, respondiendo a las se\u00f1ales del controlador con precisi\u00f3n. Fabricada con materiales resistentes a altas temperaturas y presiones, esta v\u00e1lvula ofrece[&#8230;]","protected":false},"featured_media":5540,"template":"","meta":[],"yoast_head":"<!-- This site is optimized with the Yoast SEO plugin v16.2 - https:\/\/yoast.com\/wordpress\/plugins\/seo\/ -->\n<title>Valvula selenoide de repuesto para SR500\/1 | Energ\u00eda solar en Argentina- Fillsun<\/title>\n<meta name=\"description\" content=\"Repuesto original para controladores SR500\/1. V\u00e1lvula solenoide de alta precisi\u00f3n y confiabilidad. Ideal para mantener tu sistema funcionando.\" \/>\n<meta name=\"robots\" content=\"index, follow, max-snippet:-1, max-image-preview:large, max-video-preview:-1\" \/>\n<link rel=\"canonical\" href=\"https:\/\/www.energia-solar.com.ar\/?product=valvula-selenoide-de-repuesto-para-sr500-1\" \/>\n<meta property=\"og:locale\" content=\"es_ES\" \/>\n<meta property=\"og:type\" content=\"article\" \/>\n<meta property=\"og:title\" content=\"Valvula selenoide de repuesto para SR500\/1 | Energ\u00eda solar en Argentina- Fillsun\" \/>\n<meta property=\"og:description\" content=\"Repuesto original para controladores SR500\/1. V\u00e1lvula solenoide de alta precisi\u00f3n y confiabilidad. Ideal para mantener tu sistema funcionando.\" \/>\n<meta property=\"og:url\" content=\"https:\/\/www.energia-solar.com.ar\/?product=valvula-selenoide-de-repuesto-para-sr500-1\" \/>\n<meta property=\"og:site_name\" content=\"Energ\u00eda solar en Argentina- Fillsun\" \/>\n<meta property=\"article:publisher\" content=\"https:\/\/www.facebook.com\/fillsun.renovables\/\" \/>\n<meta property=\"article:modified_time\" content=\"2026-02-12T15:27:21+00:00\" \/>\n<meta name=\"twitter:card\" content=\"summary_large_image\" \/>\n<meta name=\"twitter:image\" content=\"https:\/\/www.energia-solar.com.ar\/wp-content\/uploads\/2025\/05\/valvsolenoide.webp\" \/>\n<meta name=\"twitter:label1\" content=\"Tiempo de lectura\">\n\t<meta name=\"twitter:data1\" content=\"1 minuto\">\n<script type=\"application\/ld+json\" class=\"yoast-schema-graph\">{\"@context\":\"https:\/\/schema.org\",\"@graph\":[{\"@type\":\"Organization\",\"@id\":\"https:\/\/www.energia-solar.com.ar\/#organization\",\"name\":\"Energ\\u00eda Solar en Argentina\",\"url\":\"https:\/\/www.energia-solar.com.ar\/\",\"sameAs\":[\"https:\/\/www.facebook.com\/fillsun.renovables\/\",\"https:\/\/www.instagram.com\/fillsunenergia\/\"],\"logo\":{\"@type\":\"ImageObject\",\"@id\":\"https:\/\/www.energia-solar.com.ar\/#logo\",\"inLanguage\":\"es-AR\",\"url\":\"https:\/\/www.energia-solar.com.ar\/wp-content\/uploads\/2020\/08\/IMG_20170713_105745.jpg\",\"contentUrl\":\"https:\/\/www.energia-solar.com.ar\/wp-content\/uploads\/2020\/08\/IMG_20170713_105745.jpg\",\"width\":1228,\"height\":921,\"caption\":\"Energ\\u00eda Solar en Argentina\"},\"image\":{\"@id\":\"https:\/\/www.energia-solar.com.ar\/#logo\"}},{\"@type\":\"WebSite\",\"@id\":\"https:\/\/www.energia-solar.com.ar\/#website\",\"url\":\"https:\/\/www.energia-solar.com.ar\/\",\"name\":\"Energ\\u00eda solar en Argentina- Fillsun\",\"description\":\"Paneles fotovoltaicos, termo tanques solares, colectores solares, te asesoramos para el uso de la energ\\u00eda solar\",\"publisher\":{\"@id\":\"https:\/\/www.energia-solar.com.ar\/#organization\"},\"potentialAction\":[{\"@type\":\"SearchAction\",\"target\":\"https:\/\/www.energia-solar.com.ar\/?s={search_term_string}\",\"query-input\":\"required name=search_term_string\"}],\"inLanguage\":\"es-AR\"},{\"@type\":\"ImageObject\",\"@id\":\"https:\/\/www.energia-solar.com.ar\/?product=valvula-selenoide-de-repuesto-para-sr500-1#primaryimage\",\"inLanguage\":\"es-AR\",\"url\":\"https:\/\/www.energia-solar.com.ar\/wp-content\/uploads\/2025\/05\/valvsolenoide.webp\",\"contentUrl\":\"https:\/\/www.energia-solar.com.ar\/wp-content\/uploads\/2025\/05\/valvsolenoide.webp\",\"width\":500,\"height\":451},{\"@type\":\"WebPage\",\"@id\":\"https:\/\/www.energia-solar.com.ar\/?product=valvula-selenoide-de-repuesto-para-sr500-1#webpage\",\"url\":\"https:\/\/www.energia-solar.com.ar\/?product=valvula-selenoide-de-repuesto-para-sr500-1\",\"name\":\"Valvula selenoide de repuesto para SR500\/1 | Energ\\u00eda solar en Argentina- Fillsun\",\"isPartOf\":{\"@id\":\"https:\/\/www.energia-solar.com.ar\/#website\"},\"primaryImageOfPage\":{\"@id\":\"https:\/\/www.energia-solar.com.ar\/?product=valvula-selenoide-de-repuesto-para-sr500-1#primaryimage\"},\"datePublished\":\"2025-05-16T18:30:28+00:00\",\"dateModified\":\"2026-02-12T15:27:21+00:00\",\"description\":\"Repuesto original para controladores SR500\/1. V\\u00e1lvula solenoide de alta precisi\\u00f3n y confiabilidad. Ideal para mantener tu sistema funcionando.\",\"breadcrumb\":{\"@id\":\"https:\/\/www.energia-solar.com.ar\/?product=valvula-selenoide-de-repuesto-para-sr500-1#breadcrumb\"},\"inLanguage\":\"es-AR\",\"potentialAction\":[{\"@type\":\"ReadAction\",\"target\":[\"https:\/\/www.energia-solar.com.ar\/?product=valvula-selenoide-de-repuesto-para-sr500-1\"]}]},{\"@type\":\"BreadcrumbList\",\"@id\":\"https:\/\/www.energia-solar.com.ar\/?product=valvula-selenoide-de-repuesto-para-sr500-1#breadcrumb\",\"itemListElement\":[{\"@type\":\"ListItem\",\"position\":1,\"item\":{\"@type\":\"WebPage\",\"@id\":\"https:\/\/www.energia-solar.com.ar\/\",\"url\":\"https:\/\/www.energia-solar.com.ar\/\",\"name\":\"Inicio\"}},{\"@type\":\"ListItem\",\"position\":2,\"item\":{\"@type\":\"WebPage\",\"@id\":\"https:\/\/www.energia-solar.com.ar\/?page_id=3222\",\"url\":\"https:\/\/www.energia-solar.com.ar\/?page_id=3222\",\"name\":\"Tienda\"}},{\"@type\":\"ListItem\",\"position\":3,\"item\":{\"@id\":\"https:\/\/www.energia-solar.com.ar\/?product=valvula-selenoide-de-repuesto-para-sr500-1#webpage\"}}]}]}<\/script>\n<!-- \/ Yoast SEO plugin. -->","_links":{"self":[{"href":"https:\/\/www.energia-solar.com.ar\/index.php?rest_route=\/wp\/v2\/product\/5539"}],"collection":[{"href":"https:\/\/www.energia-solar.com.ar\/index.php?rest_route=\/wp\/v2\/product"}],"about":[{"href":"https:\/\/www.energia-solar.com.ar\/index.php?rest_route=\/wp\/v2\/types\/product"}],"wp:featuredmedia":[{"embeddable":true,"href":"https:\/\/www.energia-solar.com.ar\/index.php?rest_route=\/wp\/v2\/media\/5540"}],"wp:attachment":[{"href":"https:\/\/www.energia-solar.com.ar\/index.php?rest_route=%2Fwp%2Fv2%2Fmedia&parent=5539"}],"curies":[{"name":"wp","href":"https:\/\/api.w.org\/{rel}","templated":true}]}}